{"id":6374,"date":"2025-06-28T17:50:21","date_gmt":"2025-06-28T15:50:21","guid":{"rendered":"https:\/\/uj.adatbank.ro\/lexikon\/termek\/csontos-istvan\/"},"modified":"2025-06-28T17:50:21","modified_gmt":"2025-06-28T15:50:21","slug":"csontos-istvan","status":"publish","type":"product","link":"https:\/\/uj.adatbank.ro\/lexikon\/termek\/csontos-istvan\/","title":{"rendered":"CSONTOS Istv\u00e1n"},"content":{"rendered":"<p>? \u2020\u00a0?: tan\u00edt\u00f3. &#8211; 1782-ben subscrib\u00e1lt Enyeden (1782.), ugyanezen \u00e9vben Mv.-en, azut\u00e1n Tek\u00e9ben (1788\u20131789) volt mester. <br \/><strong>Irod.:<\/strong> \u0150sz<\/br><\/p>\n","protected":false},"excerpt":{"rendered":"<p>? \u2020\u00a0?: tan\u00edt\u00f3. &#8211; 1782-ben subscrib\u00e1lt Enyeden (1782.), ugyanezen \u00e9vben Mv.-en, azut\u00e1n Tek\u00e9ben (1788\u20131789) volt mester. Irod.: \u0150sz<\/p>\n","protected":false},"featured_media":0,"comment_status":"open","ping_status":"closed","template":"","meta":[],"product_brand":[],"product_cat":[137],"product_tag":[],"class_list":{"0":"post-6374","1":"product","2":"type-product","3":"status-publish","5":"product_cat-maros-megyei-eletrajzi-lexikon","7":"first","8":"instock","9":"shipping-taxable","10":"product-type-simple"},"_links":{"self":[{"href":"https:\/\/uj.adatbank.ro\/lexikon\/wp-json\/wp\/v2\/product\/6374","targetHints":{"allow":["GET"]}}],"collection":[{"href":"https:\/\/uj.adatbank.ro\/lexikon\/wp-json\/wp\/v2\/product"}],"about":[{"href":"https:\/\/uj.adatbank.ro\/lexikon\/wp-json\/wp\/v2\/types\/product"}],"replies":[{"embeddable":true,"href":"https:\/\/uj.adatbank.ro\/lexikon\/wp-json\/wp\/v2\/comments?post=6374"}],"wp:attachment":[{"href":"https:\/\/uj.adatbank.ro\/lexikon\/wp-json\/wp\/v2\/media?parent=6374"}],"wp:term":[{"taxonomy":"product_brand","embeddable":true,"href":"https:\/\/uj.adatbank.ro\/lexikon\/wp-json\/wp\/v2\/product_brand?post=6374"},{"taxonomy":"product_cat","embeddable":true,"href":"https:\/\/uj.adatbank.ro\/lexikon\/wp-json\/wp\/v2\/product_cat?post=6374"},{"taxonomy":"product_tag","embeddable":true,"href":"https:\/\/uj.adatbank.ro\/lexikon\/wp-json\/wp\/v2\/product_tag?post=6374"}],"curies":[{"name":"wp","href":"https:\/\/api.w.org\/{rel}","templated":true}]}}