{"id":6375,"date":"2025-06-28T17:50:23","date_gmt":"2025-06-28T15:50:23","guid":{"rendered":"https:\/\/uj.adatbank.ro\/lexikon\/termek\/csontos-istvan-balazstelkei\/"},"modified":"2025-06-28T17:50:23","modified_gmt":"2025-06-28T15:50:23","slug":"csontos-istvan-balazstelkei","status":"publish","type":"product","link":"https:\/\/uj.adatbank.ro\/lexikon\/termek\/csontos-istvan-balazstelkei\/","title":{"rendered":"CSONTOS Istv\u00e1n, bal\u00e1zstelkei"},"content":{"rendered":"<p>? \u2020\u00a0? : nemes. \u2013 A csal\u00e1d t\u00f6bb tagj\u00e1val: P\u00e9tert, Gy\u00f6rgy\u00f6t, Gergelyt \u00e9s ifj. Istv\u00e1nt R\u00e1k\u00f3czi Gy\u00f6rgy fejedelem \u00fajb\u00f3l megnemes\u00edtette (1633. dec. 19.; Kihird: 1635. m\u00e1j. 13). <br \/><strong>Irod.:<\/strong> MCK<\/br><\/p>\n","protected":false},"excerpt":{"rendered":"<p>? \u2020\u00a0? : nemes. \u2013 A csal\u00e1d t\u00f6bb tagj\u00e1val: P\u00e9tert, Gy\u00f6rgy\u00f6t, Gergelyt \u00e9s ifj. Istv\u00e1nt R\u00e1k\u00f3czi Gy\u00f6rgy fejedelem \u00fajb\u00f3l megnemes\u00edtette (1633. dec. 19.; Kihird: 1635. m\u00e1j. 13). Irod.: MCK<\/p>\n","protected":false},"featured_media":0,"comment_status":"open","ping_status":"closed","template":"","meta":[],"product_brand":[],"product_cat":[137],"product_tag":[],"class_list":{"0":"post-6375","1":"product","2":"type-product","3":"status-publish","5":"product_cat-maros-megyei-eletrajzi-lexikon","7":"first","8":"instock","9":"shipping-taxable","10":"product-type-simple"},"_links":{"self":[{"href":"https:\/\/uj.adatbank.ro\/lexikon\/wp-json\/wp\/v2\/product\/6375","targetHints":{"allow":["GET"]}}],"collection":[{"href":"https:\/\/uj.adatbank.ro\/lexikon\/wp-json\/wp\/v2\/product"}],"about":[{"href":"https:\/\/uj.adatbank.ro\/lexikon\/wp-json\/wp\/v2\/types\/product"}],"replies":[{"embeddable":true,"href":"https:\/\/uj.adatbank.ro\/lexikon\/wp-json\/wp\/v2\/comments?post=6375"}],"wp:attachment":[{"href":"https:\/\/uj.adatbank.ro\/lexikon\/wp-json\/wp\/v2\/media?parent=6375"}],"wp:term":[{"taxonomy":"product_brand","embeddable":true,"href":"https:\/\/uj.adatbank.ro\/lexikon\/wp-json\/wp\/v2\/product_brand?post=6375"},{"taxonomy":"product_cat","embeddable":true,"href":"https:\/\/uj.adatbank.ro\/lexikon\/wp-json\/wp\/v2\/product_cat?post=6375"},{"taxonomy":"product_tag","embeddable":true,"href":"https:\/\/uj.adatbank.ro\/lexikon\/wp-json\/wp\/v2\/product_tag?post=6375"}],"curies":[{"name":"wp","href":"https:\/\/api.w.org\/{rel}","templated":true}]}}