{"id":6376,"date":"2025-06-28T17:50:24","date_gmt":"2025-06-28T15:50:24","guid":{"rendered":"https:\/\/uj.adatbank.ro\/lexikon\/termek\/csontos-istvan-galfalvi\/"},"modified":"2025-06-28T17:50:24","modified_gmt":"2025-06-28T15:50:24","slug":"csontos-istvan-galfalvi","status":"publish","type":"product","link":"https:\/\/uj.adatbank.ro\/lexikon\/termek\/csontos-istvan-galfalvi\/","title":{"rendered":"CSONTOS Istv\u00e1n, g\u00e1lfalvi"},"content":{"rendered":"<p>? \u2020\u00a0? : nemes. \u2013 A csal\u00e1db\u00f3l nemess\u00e9get II. R\u00e1k\u00f3czi Gy\u00f6rgyt\u0151l (1649. szept. 7) nyert. <br \/><strong>Irod.:<\/strong> Kempelen<\/br><\/p>\n","protected":false},"excerpt":{"rendered":"<p>? \u2020\u00a0? : nemes. \u2013 A csal\u00e1db\u00f3l nemess\u00e9get II. R\u00e1k\u00f3czi Gy\u00f6rgyt\u0151l (1649. szept. 7) nyert. Irod.: Kempelen<\/p>\n","protected":false},"featured_media":0,"comment_status":"open","ping_status":"closed","template":"","meta":[],"product_brand":[],"product_cat":[137],"product_tag":[],"class_list":{"0":"post-6376","1":"product","2":"type-product","3":"status-publish","5":"product_cat-maros-megyei-eletrajzi-lexikon","7":"first","8":"instock","9":"shipping-taxable","10":"product-type-simple"},"_links":{"self":[{"href":"https:\/\/uj.adatbank.ro\/lexikon\/wp-json\/wp\/v2\/product\/6376","targetHints":{"allow":["GET"]}}],"collection":[{"href":"https:\/\/uj.adatbank.ro\/lexikon\/wp-json\/wp\/v2\/product"}],"about":[{"href":"https:\/\/uj.adatbank.ro\/lexikon\/wp-json\/wp\/v2\/types\/product"}],"replies":[{"embeddable":true,"href":"https:\/\/uj.adatbank.ro\/lexikon\/wp-json\/wp\/v2\/comments?post=6376"}],"wp:attachment":[{"href":"https:\/\/uj.adatbank.ro\/lexikon\/wp-json\/wp\/v2\/media?parent=6376"}],"wp:term":[{"taxonomy":"product_brand","embeddable":true,"href":"https:\/\/uj.adatbank.ro\/lexikon\/wp-json\/wp\/v2\/product_brand?post=6376"},{"taxonomy":"product_cat","embeddable":true,"href":"https:\/\/uj.adatbank.ro\/lexikon\/wp-json\/wp\/v2\/product_cat?post=6376"},{"taxonomy":"product_tag","embeddable":true,"href":"https:\/\/uj.adatbank.ro\/lexikon\/wp-json\/wp\/v2\/product_tag?post=6376"}],"curies":[{"name":"wp","href":"https:\/\/api.w.org\/{rel}","templated":true}]}}