{"id":6377,"date":"2025-06-28T17:50:25","date_gmt":"2025-06-28T15:50:25","guid":{"rendered":"https:\/\/uj.adatbank.ro\/lexikon\/termek\/csontos-miklos-balazstelki-galfalusi\/"},"modified":"2025-06-28T17:50:25","modified_gmt":"2025-06-28T15:50:25","slug":"csontos-miklos-balazstelki-galfalusi","status":"publish","type":"product","link":"https:\/\/uj.adatbank.ro\/lexikon\/termek\/csontos-miklos-balazstelki-galfalusi\/","title":{"rendered":"CSONTOS Mikl\u00f3s, bal\u00e1zstelki, g\u00e1lfalusi"},"content":{"rendered":"<p>Marosszentgy\u00f6rgy, 1896., \u2020\u00a0Mv., 1943.: f\u00f6ldbirtokos. \u2013 Feles\u00e9ge: nagyenyedi Jenei Irma. Gyermekeik: Mikl\u00f3s, Elek \u00e9s J\u00e1nos. Nemesi csal\u00e1d lesz\u00e1rmazottja. \u2013 Mv.-en \u00e9retts\u00e9gizett, majd Debrecenben gazdas\u00e1gi akad. -t v\u00e9gzett. Az I. vh.-ban az alb\u00e1n \u00e9s orosz fronton harcolt, fogs\u00e1gba ker\u00fclt. 12 borj\u00fa nevel\u00e9s\u00e9vel kezdte p\u00e1lyafut\u00e1s\u00e1t, \u00e9s n\u00e9h\u00e1ny \u00e9vtized alatt az \u00e1llatokb\u00f3l k\u00f6zel 4000 hold sz\u00e1nt\u00f3t vett Radn\u00f3t, Mez\u0151b\u0151, Mez\u0151t\u00f3h\u00e1t \u00e9s Mez\u0151z\u00e1h hat\u00e1r\u00e1ban. Birtokainak t\u00f6bb mint fel\u00e9t a f\u00f6ldoszt\u00e1skor kisaj\u00e1t\u00edtott\u00e1k \u00e9s sz\u00e9tosztott\u00e1k az egykori jobb\u00e1gyoknak (1921). Megmaradt f\u00f6ldbirtokait (kb. 900 holdat) sz\u00e9tosztotta gyermekei k\u00f6z\u00f6tt. Mez\u0151z\u00e1hon gazd\u00e1lkodott, majd Marosszentgy\u00f6rgy\u00f6n (1940\u2013), ahol mintagazdas\u00e1got rendezett be. Az EMGE alap\u00edt\u00f3tagja. A Mv.-i Kaszin\u00f3 v\u00e1lasztm\u00e1nyi tagja (1932). A k\u00f6vetkez\u0151 f\u00f6ldoszt\u00e1skor saj\u00e1t\u00edtott\u00e1k ki a m\u00e9g meglev\u0151 birtokait, az \u00f6sszes mez\u0151gazdas\u00e1gi felszerel\u00e9ssel egy\u00fctt (1945). Mez\u0151z\u00e1hon 9 szob\u00e1s kast\u00e9llyal rendelkezett, azt is elvett\u00e9k, \u00e9s az \u00e1llami mez\u0151gazds\u00e1gi v\u00e1llalatot helyezt\u00e9k el benne. <br \/><strong>Irod.:<\/strong> Bi\u00e1s Istv\u00e1n; Jeney csal\u00e1di inf.; Kiss\u2013P\u00e9terffy\u2013P\u00e9terffy; Sipos; Sz\u00e9kelyf\u00f6ld \u00ed. k.; T\u0103ureni<\/br><\/p>\n","protected":false},"excerpt":{"rendered":"<p>Marosszentgy\u00f6rgy, 1896., \u2020\u00a0Mv., 1943.: f\u00f6ldbirtokos. \u2013 Feles\u00e9ge: nagyenyedi Jenei Irma. Gyermekeik: Mikl\u00f3s, Elek \u00e9s J\u00e1nos. Nemesi csal\u00e1d lesz\u00e1rmazottja. \u2013 Mv.-en \u00e9retts\u00e9gizett, majd Debrecenben gazdas\u00e1gi akad. -t v\u00e9gzett. Az I. vh.-ban az alb\u00e1n \u00e9s orosz fronton harcolt, fogs\u00e1gba ker\u00fclt. 12 borj\u00fa nevel\u00e9s\u00e9vel kezdte p\u00e1lyafut\u00e1s\u00e1t, \u00e9s n\u00e9h\u00e1ny \u00e9vtized alatt az \u00e1llatokb\u00f3l k\u00f6zel 4000 hold sz\u00e1nt\u00f3t vett Radn\u00f3t, [&hellip;]<\/p>\n","protected":false},"featured_media":0,"comment_status":"open","ping_status":"closed","template":"","meta":[],"product_brand":[],"product_cat":[137],"product_tag":[],"class_list":{"0":"post-6377","1":"product","2":"type-product","3":"status-publish","5":"product_cat-maros-megyei-eletrajzi-lexikon","7":"first","8":"instock","9":"shipping-taxable","10":"product-type-simple"},"_links":{"self":[{"href":"https:\/\/uj.adatbank.ro\/lexikon\/wp-json\/wp\/v2\/product\/6377","targetHints":{"allow":["GET"]}}],"collection":[{"href":"https:\/\/uj.adatbank.ro\/lexikon\/wp-json\/wp\/v2\/product"}],"about":[{"href":"https:\/\/uj.adatbank.ro\/lexikon\/wp-json\/wp\/v2\/types\/product"}],"replies":[{"embeddable":true,"href":"https:\/\/uj.adatbank.ro\/lexikon\/wp-json\/wp\/v2\/comments?post=6377"}],"wp:attachment":[{"href":"https:\/\/uj.adatbank.ro\/lexikon\/wp-json\/wp\/v2\/media?parent=6377"}],"wp:term":[{"taxonomy":"product_brand","embeddable":true,"href":"https:\/\/uj.adatbank.ro\/lexikon\/wp-json\/wp\/v2\/product_brand?post=6377"},{"taxonomy":"product_cat","embeddable":true,"href":"https:\/\/uj.adatbank.ro\/lexikon\/wp-json\/wp\/v2\/product_cat?post=6377"},{"taxonomy":"product_tag","embeddable":true,"href":"https:\/\/uj.adatbank.ro\/lexikon\/wp-json\/wp\/v2\/product_tag?post=6377"}],"curies":[{"name":"wp","href":"https:\/\/api.w.org\/{rel}","templated":true}]}}