{"id":6381,"date":"2025-06-28T17:50:33","date_gmt":"2025-06-28T15:50:33","guid":{"rendered":"https:\/\/uj.adatbank.ro\/lexikon\/termek\/csontos-sandor\/"},"modified":"2025-06-28T17:50:33","modified_gmt":"2025-06-28T15:50:33","slug":"csontos-sandor","status":"publish","type":"product","link":"https:\/\/uj.adatbank.ro\/lexikon\/termek\/csontos-sandor\/","title":{"rendered":"CSONTOS S\u00e1ndor"},"content":{"rendered":"<p>Mv., 1896., \u2020\u00a0Mv., 1961.: l\u00f3f\u0151, kend\u0151i. \u2013 K\u00f6z\u00fczemi f\u0151k\u00f6nyvel\u0151., tartal\u00e9kos f\u0151hadnagy, vit\u00e9zi avat\u00e1sa (1942). <br \/><strong>Irod.:<\/strong> Berekm\u00e9ri\u2013Nemes<\/br><\/p>\n","protected":false},"excerpt":{"rendered":"<p>Mv., 1896., \u2020\u00a0Mv., 1961.: l\u00f3f\u0151, kend\u0151i. \u2013 K\u00f6z\u00fczemi f\u0151k\u00f6nyvel\u0151., tartal\u00e9kos f\u0151hadnagy, vit\u00e9zi avat\u00e1sa (1942). Irod.: Berekm\u00e9ri\u2013Nemes<\/p>\n","protected":false},"featured_media":0,"comment_status":"open","ping_status":"closed","template":"","meta":[],"product_brand":[],"product_cat":[137],"product_tag":[],"class_list":{"0":"post-6381","1":"product","2":"type-product","3":"status-publish","5":"product_cat-maros-megyei-eletrajzi-lexikon","7":"first","8":"instock","9":"shipping-taxable","10":"product-type-simple"},"_links":{"self":[{"href":"https:\/\/uj.adatbank.ro\/lexikon\/wp-json\/wp\/v2\/product\/6381","targetHints":{"allow":["GET"]}}],"collection":[{"href":"https:\/\/uj.adatbank.ro\/lexikon\/wp-json\/wp\/v2\/product"}],"about":[{"href":"https:\/\/uj.adatbank.ro\/lexikon\/wp-json\/wp\/v2\/types\/product"}],"replies":[{"embeddable":true,"href":"https:\/\/uj.adatbank.ro\/lexikon\/wp-json\/wp\/v2\/comments?post=6381"}],"wp:attachment":[{"href":"https:\/\/uj.adatbank.ro\/lexikon\/wp-json\/wp\/v2\/media?parent=6381"}],"wp:term":[{"taxonomy":"product_brand","embeddable":true,"href":"https:\/\/uj.adatbank.ro\/lexikon\/wp-json\/wp\/v2\/product_brand?post=6381"},{"taxonomy":"product_cat","embeddable":true,"href":"https:\/\/uj.adatbank.ro\/lexikon\/wp-json\/wp\/v2\/product_cat?post=6381"},{"taxonomy":"product_tag","embeddable":true,"href":"https:\/\/uj.adatbank.ro\/lexikon\/wp-json\/wp\/v2\/product_tag?post=6381"}],"curies":[{"name":"wp","href":"https:\/\/api.w.org\/{rel}","templated":true}]}}