{"id":6382,"date":"2025-06-28T17:50:35","date_gmt":"2025-06-28T15:50:35","guid":{"rendered":"https:\/\/uj.adatbank.ro\/lexikon\/termek\/csorba-andras-%c2%a7\/"},"modified":"2025-06-28T17:50:35","modified_gmt":"2025-06-28T15:50:35","slug":"csorba-andras-%c2%a7","status":"publish","type":"product","link":"https:\/\/uj.adatbank.ro\/lexikon\/termek\/csorba-andras-%c2%a7\/","title":{"rendered":"CSORBA Andr\u00e1s, \u00a7"},"content":{"rendered":"<p>Br\u0103ila, 1927. aug. 25., \u2020 Mv., 1987. aug. 24.: sz\u00edn\u00e9sz, egyetemi tan\u00e1r, sz\u00ednh\u00e1zigazgat\u00f3. \u2013 Cs. Istv\u00e1n fiatal cip\u00e9szseg\u00e9d \u00e9s Cs\u00fcd\u00f6r Berta csel\u00e9dle\u00e1ny fia, akik fiatalon Br\u0103ilan kaptak munk\u00e1t. Egy\u00e9ves kor\u00e1ban sz\u00fclei elv\u00e1ltak. Anyj\u00e1val K\u00e9zdiv\u00e1s\u00e1rhely mell\u00e9 ker\u00fclt, ott j\u00e1rta az elemit, majd Mv.-en telepedtek le (1940). \u2013 A polg\u00e1ri elv\u00e9gz\u00e9se ut\u00e1n a Kereskedelmi Re\u00e1l Iskol\u00e1ban \u00e9retts\u00e9gizett (1948) \u00e9s a kv.-i Szentgy\u00f6rgyi Istv\u00e1n Sz\u00ednm\u0171v\u00e9szeti Int\u00e9zetben v\u00e9gzett (1952). F\u0151iskol\u00e1s \u00e9veiben tornatan\u00e1r is volt, statiszt\u00e1lt a sz\u00ednh\u00e1zn\u00e1l \u00e9s az oper\u00e1ban. A Sz\u00e9kely Sz\u00ednh\u00e1zhoz szerz\u0151d\u00f6tt (1952\u2013), a Nemzeti Sz\u00ednh\u00e1z sz\u00edn\u00e9szek\u00e9nt \u00e9lete v\u00e9g\u00e9ig Mv.-en \u00e9lt \u00e9s dolgozott. A Szentgy\u00f6rgyi Istv\u00e1n Sz\u00ednm\u0171v\u00e9szeti Int\u00e9zet tan\u00e1ra (1954\u2013), tansz\u00e9kvezet\u0151 (1976\u2013), rektora (1981\u201387), a mv.-i \u00c1llami Sz\u00ednh\u00e1z igazgat\u00f3ja (1970\u201373). Er\u0151t sug\u00e1rz\u00f3 nagyform\u00e1tum\u00fa sz\u00edn\u00e9sz volt. \u2013 <strong>F. sz.:<\/strong> Szevasztyanov (K. Szimonov: Leg\u00e9ny a talp\u00e1n); Pintea J\u00f3ska, fav\u00e1g\u00f3, L\u00f3nyai Lajos \u00e9s Jakabos Bal\u00e1zs (Kiss L. -Kov\u00e1ts D.: Vihar a havason); Darvas K\u00e1roly (Csiky Gergely: Ingyen\u00e9l\u0151k); Dr. Vasile Murgu orvos (Lucia Demetrius: Mai emberek); 1. z\u00e1szl\u00f3s (B Lavrenyov: Lesz\u00e1mol\u00e1s); Szakaszvezet\u0151 (Kolozsv\u00e1ri Andor: Hej\u2026katona\u00e9let); Djuzsikov (Iszajev \u00e9s Galics: Nem mag\u00e1n\u00fcgy); F\u00e9rfi (Somlyai L\u00e1szl\u00f3: A f\u0151nyerem\u00e9ny); Sz\u00e9da (Nusics: A kegyelmes asszony); Melinte (Horv\u00e1th \u00c1goston: Varga Katalin); Raban dr\u00e1ma\u00edr\u00f3 (Heimar Kipphardt: Shakespeare kerestetik), Nicolae (T. Vornic- I. Postelnicu: Felsz\u00e1ll a k\u00f6d), Callimacco (N. Machiavelli: Mandrag\u00f3ra); Ignatov (A. Abuzov: M\u00e1sodik szerelem); Ifj. Nagy Istv\u00e1n (Br\u00f3dy S\u00e1ndor: A tan\u00edt\u00f3n\u0151); Ag\u00e1rdi P\u00e9ter (Heltai Jen\u0151: A n\u00e9ma levente); Budai Nagy Antal (K\u00f3s K\u00e1roly: Budai Nagy Antal); Csongor (V\u00f6r\u00f6smarty Mih\u00e1ly: Csongor \u00e9s T\u00fcnde); Kenderes G\u00e1bor orvotanhallgat\u00f3 (Szab\u00f3 Lajos: Menek\u00fcl\u00e9s); F\u0151szerep (Szab\u00f3 Lajos: Ments\u00e9g); Dan (Aurel Baranga: Amir\u0151l nem besz\u00e9l\u00fcnk), Szab\u00f3 Imre, sz\u00edn\u00e9sz (Eugen Mirea-Kov\u00e1cs Gy\u00f6rgy: Az utols\u00f3 vonat); File, a serif seg\u00e9dje (Richard Nash: Az es\u0151hoz\u00f3 ember); Dan Plesa, pilota (Horia Lovinescu: A lerombolt fellegv\u00e1r), Petruchio (Shakespeare: A makrancos h\u00f6lgy); Sahov, rep\u00fcl\u0151s (Al. Gladkov: Szilveszter); Matei (Aurel Baranga: Diadal\u00edv); Alekszej (V. Visnyevszkij: Optimista trag\u00e9dia); Varlaam, f\u0151m\u00e9rn\u00f6k (Constantin Teodoru: Oroszl\u00e1nr\u00e9sz); Sztyepan Rjabinyin (B. Gorbatov: Ap\u00e1k ifj\u00fas\u00e1ga); Nyikita (Lev Tolsztoj: S\u00f6t\u00e9ts\u00e9g hatalma, 1966); Nyil (Gorkij: Kispolg\u00e1rok); Csongor (V\u00f6r\u00f6smarty M.: Csongor \u00e9s T\u00fcnde); ifj. Nagy (Br\u00f3dy S\u00e1ndor: A tan\u00edt\u00f3n\u0151); Stanley (T. Williams: A v\u00e1gy villamosa); Bazsov (Gorkij: Nyaral\u00f3k); Andrej (Csehov: H\u00e1rom n\u0151v\u00e9r); Macbeth (Shakespeare: Machbeth); Othello (Shakespeare: Othello); Calimaco, F\u0151inkvizitor (Schiller: Don Carlos); K\u00e1roly (Kocsis Istv\u00e1n: T\u00e1rlat az utc\u00e1n) seg\u00e9drendez\u0151: Afinogenov: Kisunok\u00e1m; Sebastian: N\u00e9vtelen csillag; Sha : Pygmalion; Figueiredo: Savany\u00fa a sz\u0151l\u0151; Fazekas Mih\u00e1ly: Ludas Matyi; Wittlinger: Ismeri a tejutat; Euripid\u00e9sz: Elektra; Osztrovszkij: Vihar; Rendez\u00e9sei a f\u0151iskol\u00e1n: Nistor: \u00c9jf\u00e9li vend\u00e9g; Kodol\u00e1nyi J\u00e1nos: F\u00f6ldindul\u00e1s (1978). Film f\u0151szerep: J\u00f3kai M\u00f3r: Arany ember. <br \/><strong>Irod.:<\/strong> Aranykorszak; B\u00e9rczes; Besz\u00e9lget\u00e9s CS. A. igazgat\u00f3val ( V. Z., 1971. nov. 14.); Chereji Peris; Csif\u00f3; Filoz\u00f3fus; Horv\u00e1th Bea; M\u0171v\u00e9szportr\u00e9: Cs. A. (V. Z., 1969. m\u00e1j. 10.); Fiatalok vallom\u00e1sa [a Sz\u00e9kely Sz\u00ednh\u00e1z 10. \u00e9vfordul\u00f3j\u00e1n] (V. Z., 1957. jan. 12.); Gy\u00e1rf\u00e1s 2013; A H\u00e9t \u00e9vk. (1982); Id\u0151t\u00e1r 4.; K\u00e1ntor-K\u00f6t\u0151; Koch M\u00e1ria: A siker k\u00f6telez (V. Z., 1971. j\u00fan. 6.); Kov\u00e1cs Levente; Marosi Ildik\u00f3: Cs. A. (\u00daj \u00c9let, 3. sz. 1987); M\u00c9L; MSZL; Msz\u00ednL; [Nekrol\u00f3g] (V. Z., 1987. aug. 26.); Ol\u00e1h Tibor: 1927\u20131987\u00a0[Nekrol\u00f3g] (V. Z., 1987. szept. 5.); Ol\u00e1h Tibor 1996; Peris Ter\u00e9z: In memoriam Cs. A. (1927\u20131987) (N\u00fa., M\u00fazsa, 308. sz., 1997. aug. 22.; 309. sz., 1997. aug. 29.); Todea 2013; Tompa Z. Mih\u00e1ly: V\u00e1ltoz\u00e1sok kor\u00e1t \u00e9lj\u00fck (V. Z., 1981. okt. 10.); Tompa Z. Mih\u00e1ly: A sz\u00ednpad\u00e9rt semmilyen \u00e1ldozat nem sok (V. Z., 1987. febr. 21.); \u00daM\u00c9L; Vir\u00e1g Gy\u00f6rgy<\/br><\/p>\n","protected":false},"excerpt":{"rendered":"<p>Br\u0103ila, 1927. aug. 25., \u2020 Mv., 1987. aug. 24.: sz\u00edn\u00e9sz, egyetemi tan\u00e1r, sz\u00ednh\u00e1zigazgat\u00f3. \u2013 Cs. Istv\u00e1n fiatal cip\u00e9szseg\u00e9d \u00e9s Cs\u00fcd\u00f6r Berta csel\u00e9dle\u00e1ny fia, akik fiatalon Br\u0103ilan kaptak munk\u00e1t. Egy\u00e9ves kor\u00e1ban sz\u00fclei elv\u00e1ltak. Anyj\u00e1val K\u00e9zdiv\u00e1s\u00e1rhely mell\u00e9 ker\u00fclt, ott j\u00e1rta az elemit, majd Mv.-en telepedtek le (1940). \u2013 A polg\u00e1ri elv\u00e9gz\u00e9se ut\u00e1n a Kereskedelmi Re\u00e1l Iskol\u00e1ban \u00e9retts\u00e9gizett [&hellip;]<\/p>\n","protected":false},"featured_media":0,"comment_status":"open","ping_status":"closed","template":"","meta":[],"product_brand":[],"product_cat":[137],"product_tag":[],"class_list":{"0":"post-6382","1":"product","2":"type-product","3":"status-publish","5":"product_cat-maros-megyei-eletrajzi-lexikon","7":"first","8":"instock","9":"shipping-taxable","10":"product-type-simple"},"_links":{"self":[{"href":"https:\/\/uj.adatbank.ro\/lexikon\/wp-json\/wp\/v2\/product\/6382","targetHints":{"allow":["GET"]}}],"collection":[{"href":"https:\/\/uj.adatbank.ro\/lexikon\/wp-json\/wp\/v2\/product"}],"about":[{"href":"https:\/\/uj.adatbank.ro\/lexikon\/wp-json\/wp\/v2\/types\/product"}],"replies":[{"embeddable":true,"href":"https:\/\/uj.adatbank.ro\/lexikon\/wp-json\/wp\/v2\/comments?post=6382"}],"wp:attachment":[{"href":"https:\/\/uj.adatbank.ro\/lexikon\/wp-json\/wp\/v2\/media?parent=6382"}],"wp:term":[{"taxonomy":"product_brand","embeddable":true,"href":"https:\/\/uj.adatbank.ro\/lexikon\/wp-json\/wp\/v2\/product_brand?post=6382"},{"taxonomy":"product_cat","embeddable":true,"href":"https:\/\/uj.adatbank.ro\/lexikon\/wp-json\/wp\/v2\/product_cat?post=6382"},{"taxonomy":"product_tag","embeddable":true,"href":"https:\/\/uj.adatbank.ro\/lexikon\/wp-json\/wp\/v2\/product_tag?post=6382"}],"curies":[{"name":"wp","href":"https:\/\/api.w.org\/{rel}","templated":true}]}}