{"id":6384,"date":"2025-06-28T17:50:39","date_gmt":"2025-06-28T15:50:39","guid":{"rendered":"https:\/\/uj.adatbank.ro\/lexikon\/termek\/csorba-klara\/"},"modified":"2025-06-28T17:50:39","modified_gmt":"2025-06-28T15:50:39","slug":"csorba-klara","status":"publish","type":"product","link":"https:\/\/uj.adatbank.ro\/lexikon\/termek\/csorba-klara\/","title":{"rendered":"CSORBA Kl\u00e1ra"},"content":{"rendered":"<p>? \u2020\u00a0? : korcsoly\u00e1z\u00f3. \u2013 Az MSE tagja, az orsz\u00e1g els\u0151 n\u0151-korcsoly\u00e1z\u00f3ja. <br \/><strong>Irod.:<\/strong> Molter K\u00e1roly: Mv. (\u00daj Kezdet, 6. sz., 2010. j\u00fan.)<\/br><\/p>\n","protected":false},"excerpt":{"rendered":"<p>? \u2020\u00a0? : korcsoly\u00e1z\u00f3. \u2013 Az MSE tagja, az orsz\u00e1g els\u0151 n\u0151-korcsoly\u00e1z\u00f3ja. Irod.: Molter K\u00e1roly: Mv. (\u00daj Kezdet, 6. sz., 2010. j\u00fan.)<\/p>\n","protected":false},"featured_media":0,"comment_status":"open","ping_status":"closed","template":"","meta":[],"product_brand":[],"product_cat":[137],"product_tag":[],"class_list":{"0":"post-6384","1":"product","2":"type-product","3":"status-publish","5":"product_cat-maros-megyei-eletrajzi-lexikon","7":"first","8":"instock","9":"shipping-taxable","10":"product-type-simple"},"_links":{"self":[{"href":"https:\/\/uj.adatbank.ro\/lexikon\/wp-json\/wp\/v2\/product\/6384","targetHints":{"allow":["GET"]}}],"collection":[{"href":"https:\/\/uj.adatbank.ro\/lexikon\/wp-json\/wp\/v2\/product"}],"about":[{"href":"https:\/\/uj.adatbank.ro\/lexikon\/wp-json\/wp\/v2\/types\/product"}],"replies":[{"embeddable":true,"href":"https:\/\/uj.adatbank.ro\/lexikon\/wp-json\/wp\/v2\/comments?post=6384"}],"wp:attachment":[{"href":"https:\/\/uj.adatbank.ro\/lexikon\/wp-json\/wp\/v2\/media?parent=6384"}],"wp:term":[{"taxonomy":"product_brand","embeddable":true,"href":"https:\/\/uj.adatbank.ro\/lexikon\/wp-json\/wp\/v2\/product_brand?post=6384"},{"taxonomy":"product_cat","embeddable":true,"href":"https:\/\/uj.adatbank.ro\/lexikon\/wp-json\/wp\/v2\/product_cat?post=6384"},{"taxonomy":"product_tag","embeddable":true,"href":"https:\/\/uj.adatbank.ro\/lexikon\/wp-json\/wp\/v2\/product_tag?post=6384"}],"curies":[{"name":"wp","href":"https:\/\/api.w.org\/{rel}","templated":true}]}}