{"id":6388,"date":"2025-06-28T17:50:50","date_gmt":"2025-06-28T15:50:50","guid":{"rendered":"https:\/\/uj.adatbank.ro\/lexikon\/termek\/csortan-marton\/"},"modified":"2025-06-28T17:50:50","modified_gmt":"2025-06-28T15:50:50","slug":"csortan-marton","status":"publish","type":"product","link":"https:\/\/uj.adatbank.ro\/lexikon\/termek\/csortan-marton\/","title":{"rendered":"CSORT\u00c1N M\u00e1rton"},"content":{"rendered":"<p>Szov\u00e1ta, 1913., \u2020\u00a02001. okt. 2., temett\u00e9k Kv.-on: dr., jog\u00e1sz, tan\u00e1r \u2013 Tanulm\u00e1nyait Szov\u00e1t\u00e1n \u00e9s Kv.-on v\u00e9gezte. Jogi, k\u00f6zgazdas\u00e1gi, zenei \u00e9s pedag\u00f3giai k\u00e9pes\u00edt\u00e9st szerzett. N\u00e9pnevel\u00f4 munk\u00e1t v\u00e9gzett, zenekart, \u00e9nekkart szervezett \u00e9s ir\u00e1ny\u00edtott \u00e9veken \u00e1t. Volt munkaszolg\u00e1latos, a k\u00f6zigazgat\u00e1sban dolgozott, a h\u00e1bor\u00fa ut\u00e1n kereskedelmet, jogot, statisztik\u00e1t, p\u00e9nz\u00fcgytant \u00e9s k\u00f6zgazdas\u00e1gtant tan\u00edtott a K\u00f6zgazdas\u00e1gi Fi\u00fa K\u00f6z\u00e9piskol\u00e1ban. Elhurcolt\u00e1k a feketehalmi intern\u00e1l\u00f3t\u00e1borba, majd cip\u00f4fels\u00f4r\u00e9sz-k\u00e9sz\u00edt\u00f4, tisztvisel\u00f4, k\u00f6nyvk\u00f6t\u00f4. 1970-ben Visszat\u00e9rt Szov\u00e1t\u00e1ra, s a sz\u00fcl\u00f4i h\u00e1zban telepedett meg. Franciatan\u00e1rk\u00e9nt, de nevel\u00f4k\u00e9nt is tev\u00e9keny. Kezdem\u00e9nyez\u00e9s\u00e9re alakultak meg Szov\u00e1t\u00e1n \u00e9s k\u00f6rny\u00e9k\u00e9n a koncertfurulya zenekarok. Igy ismert\u00e9k meg a k\u00f6rny\u00e9kbeliek a m., rom\u00e1n, n\u00e9met \u00e9s francia n\u00e9pzene, valamint a barokk \u00e9s klasszikus zene gy\u00f6ngyszemeit. L\u00e9trehozta a ref. k\u00f3rust, majd a f\u00fcrd\u00f4telepi katolikus k\u00e1polna k\u00f3rus\u00e1t. Szov\u00e1ta d\u00edszpolg\u00e1ra lett (2000). <br \/><strong>Irod.:<\/strong> Mezey Sarolta: D\u00edszpolg\u00e1rokat avattak, testv\u00e9rtelep\u00fcl\u00e9si szerz\u0151d\u00e9st \u00edrtak al\u00e1 (N\u00fa, 2000. febr. 1); [Nekrol\u00f3g] (N\u00fa, 2001. okt. 1.)<\/br><\/p>\n","protected":false},"excerpt":{"rendered":"<p>Szov\u00e1ta, 1913., \u2020\u00a02001. okt. 2., temett\u00e9k Kv.-on: dr., jog\u00e1sz, tan\u00e1r \u2013 Tanulm\u00e1nyait Szov\u00e1t\u00e1n \u00e9s Kv.-on v\u00e9gezte. Jogi, k\u00f6zgazdas\u00e1gi, zenei \u00e9s pedag\u00f3giai k\u00e9pes\u00edt\u00e9st szerzett. N\u00e9pnevel\u00f4 munk\u00e1t v\u00e9gzett, zenekart, \u00e9nekkart szervezett \u00e9s ir\u00e1ny\u00edtott \u00e9veken \u00e1t. Volt munkaszolg\u00e1latos, a k\u00f6zigazgat\u00e1sban dolgozott, a h\u00e1bor\u00fa ut\u00e1n kereskedelmet, jogot, statisztik\u00e1t, p\u00e9nz\u00fcgytant \u00e9s k\u00f6zgazdas\u00e1gtant tan\u00edtott a K\u00f6zgazdas\u00e1gi Fi\u00fa K\u00f6z\u00e9piskol\u00e1ban. Elhurcolt\u00e1k a feketehalmi [&hellip;]<\/p>\n","protected":false},"featured_media":0,"comment_status":"open","ping_status":"closed","template":"","meta":[],"product_brand":[],"product_cat":[137],"product_tag":[],"class_list":{"0":"post-6388","1":"product","2":"type-product","3":"status-publish","5":"product_cat-maros-megyei-eletrajzi-lexikon","7":"first","8":"instock","9":"shipping-taxable","10":"product-type-simple"},"_links":{"self":[{"href":"https:\/\/uj.adatbank.ro\/lexikon\/wp-json\/wp\/v2\/product\/6388","targetHints":{"allow":["GET"]}}],"collection":[{"href":"https:\/\/uj.adatbank.ro\/lexikon\/wp-json\/wp\/v2\/product"}],"about":[{"href":"https:\/\/uj.adatbank.ro\/lexikon\/wp-json\/wp\/v2\/types\/product"}],"replies":[{"embeddable":true,"href":"https:\/\/uj.adatbank.ro\/lexikon\/wp-json\/wp\/v2\/comments?post=6388"}],"wp:attachment":[{"href":"https:\/\/uj.adatbank.ro\/lexikon\/wp-json\/wp\/v2\/media?parent=6388"}],"wp:term":[{"taxonomy":"product_brand","embeddable":true,"href":"https:\/\/uj.adatbank.ro\/lexikon\/wp-json\/wp\/v2\/product_brand?post=6388"},{"taxonomy":"product_cat","embeddable":true,"href":"https:\/\/uj.adatbank.ro\/lexikon\/wp-json\/wp\/v2\/product_cat?post=6388"},{"taxonomy":"product_tag","embeddable":true,"href":"https:\/\/uj.adatbank.ro\/lexikon\/wp-json\/wp\/v2\/product_tag?post=6388"}],"curies":[{"name":"wp","href":"https:\/\/api.w.org\/{rel}","templated":true}]}}