{"id":6393,"date":"2025-06-28T17:51:00","date_gmt":"2025-06-28T15:51:00","guid":{"rendered":"https:\/\/uj.adatbank.ro\/lexikon\/termek\/csuka-gyorgy-haroi\/"},"modified":"2025-06-28T17:51:00","modified_gmt":"2025-06-28T15:51:00","slug":"csuka-gyorgy-haroi","status":"publish","type":"product","link":"https:\/\/uj.adatbank.ro\/lexikon\/termek\/csuka-gyorgy-haroi\/","title":{"rendered":"CSUKA Gy\u00f6rgy, har\u00f3i"},"content":{"rendered":"<p>1890., \u2020\u00a0? : gy\u00e1ros. \u2013 Mv.-en volt gy\u00e1ra. R\u00e9szt vett az els\u0151 vh.-ban (1914\u2013), az orosz \u00e9s az olasz fronton k\u00fczd\u00f6tt. Kit\u00fcntet\u00e9ssel mint f\u0151hadnagy szerelt le. Mv.-r\u0151l deport\u00e1lt\u00e1k (1944. m\u00e1j. 29.). <br \/><strong>Irod.:<\/strong> Erd\u00e9lyi ezredek; Mv. zsid\u00f3s\u00e1ga<\/br><\/p>\n","protected":false},"excerpt":{"rendered":"<p>1890., \u2020\u00a0? : gy\u00e1ros. \u2013 Mv.-en volt gy\u00e1ra. R\u00e9szt vett az els\u0151 vh.-ban (1914\u2013), az orosz \u00e9s az olasz fronton k\u00fczd\u00f6tt. Kit\u00fcntet\u00e9ssel mint f\u0151hadnagy szerelt le. Mv.-r\u0151l deport\u00e1lt\u00e1k (1944. m\u00e1j. 29.). Irod.: Erd\u00e9lyi ezredek; Mv. zsid\u00f3s\u00e1ga<\/p>\n","protected":false},"featured_media":0,"comment_status":"open","ping_status":"closed","template":"","meta":[],"product_brand":[],"product_cat":[137],"product_tag":[],"class_list":{"0":"post-6393","1":"product","2":"type-product","3":"status-publish","5":"product_cat-maros-megyei-eletrajzi-lexikon","7":"first","8":"instock","9":"shipping-taxable","10":"product-type-simple"},"_links":{"self":[{"href":"https:\/\/uj.adatbank.ro\/lexikon\/wp-json\/wp\/v2\/product\/6393","targetHints":{"allow":["GET"]}}],"collection":[{"href":"https:\/\/uj.adatbank.ro\/lexikon\/wp-json\/wp\/v2\/product"}],"about":[{"href":"https:\/\/uj.adatbank.ro\/lexikon\/wp-json\/wp\/v2\/types\/product"}],"replies":[{"embeddable":true,"href":"https:\/\/uj.adatbank.ro\/lexikon\/wp-json\/wp\/v2\/comments?post=6393"}],"wp:attachment":[{"href":"https:\/\/uj.adatbank.ro\/lexikon\/wp-json\/wp\/v2\/media?parent=6393"}],"wp:term":[{"taxonomy":"product_brand","embeddable":true,"href":"https:\/\/uj.adatbank.ro\/lexikon\/wp-json\/wp\/v2\/product_brand?post=6393"},{"taxonomy":"product_cat","embeddable":true,"href":"https:\/\/uj.adatbank.ro\/lexikon\/wp-json\/wp\/v2\/product_cat?post=6393"},{"taxonomy":"product_tag","embeddable":true,"href":"https:\/\/uj.adatbank.ro\/lexikon\/wp-json\/wp\/v2\/product_tag?post=6393"}],"curies":[{"name":"wp","href":"https:\/\/api.w.org\/{rel}","templated":true}]}}