{"id":6394,"date":"2025-06-28T17:51:03","date_gmt":"2025-06-28T15:51:03","guid":{"rendered":"https:\/\/uj.adatbank.ro\/lexikon\/termek\/csukas-benjamin\/"},"modified":"2025-06-28T17:51:03","modified_gmt":"2025-06-28T15:51:03","slug":"csukas-benjamin","status":"publish","type":"product","link":"https:\/\/uj.adatbank.ro\/lexikon\/termek\/csukas-benjamin\/","title":{"rendered":"CSUK\u00c1S Benjamin"},"content":{"rendered":"<p>? \u2020\u00a0? : tan\u00e1r. \u2013 Mv.-en a jurista noviciusok tan\u00e1ra volt. Latin nyelv\u0171 aritmatika k\u00f6nyvet \u00edrt, ami az \u00f6t aritmetikai alapm\u0171veletet t\u00e1rgyalta (1744), a cs\u00edksomly\u00f3i ferencesek k\u00f6nyvt\u00e1r\u00e1ban tal\u00e1lt k\u00e9zirat\u00e1t, ma a cs\u00edkszedai m\u00fazeum \u0151rzi. \u2013 <strong>F. m.:<\/strong> k\u00e9zirat: Arithmetika (1744). <br \/><strong>Irod.:<\/strong> T\u00f3th<\/br><\/p>\n","protected":false},"excerpt":{"rendered":"<p>? \u2020\u00a0? : tan\u00e1r. \u2013 Mv.-en a jurista noviciusok tan\u00e1ra volt. Latin nyelv\u0171 aritmatika k\u00f6nyvet \u00edrt, ami az \u00f6t aritmetikai alapm\u0171veletet t\u00e1rgyalta (1744), a cs\u00edksomly\u00f3i ferencesek k\u00f6nyvt\u00e1r\u00e1ban tal\u00e1lt k\u00e9zirat\u00e1t, ma a cs\u00edkszedai m\u00fazeum \u0151rzi. \u2013 F. m.: k\u00e9zirat: Arithmetika (1744). Irod.: T\u00f3th<\/p>\n","protected":false},"featured_media":0,"comment_status":"open","ping_status":"closed","template":"","meta":[],"product_brand":[],"product_cat":[137],"product_tag":[],"class_list":{"0":"post-6394","1":"product","2":"type-product","3":"status-publish","5":"product_cat-maros-megyei-eletrajzi-lexikon","7":"first","8":"instock","9":"shipping-taxable","10":"product-type-simple"},"_links":{"self":[{"href":"https:\/\/uj.adatbank.ro\/lexikon\/wp-json\/wp\/v2\/product\/6394","targetHints":{"allow":["GET"]}}],"collection":[{"href":"https:\/\/uj.adatbank.ro\/lexikon\/wp-json\/wp\/v2\/product"}],"about":[{"href":"https:\/\/uj.adatbank.ro\/lexikon\/wp-json\/wp\/v2\/types\/product"}],"replies":[{"embeddable":true,"href":"https:\/\/uj.adatbank.ro\/lexikon\/wp-json\/wp\/v2\/comments?post=6394"}],"wp:attachment":[{"href":"https:\/\/uj.adatbank.ro\/lexikon\/wp-json\/wp\/v2\/media?parent=6394"}],"wp:term":[{"taxonomy":"product_brand","embeddable":true,"href":"https:\/\/uj.adatbank.ro\/lexikon\/wp-json\/wp\/v2\/product_brand?post=6394"},{"taxonomy":"product_cat","embeddable":true,"href":"https:\/\/uj.adatbank.ro\/lexikon\/wp-json\/wp\/v2\/product_cat?post=6394"},{"taxonomy":"product_tag","embeddable":true,"href":"https:\/\/uj.adatbank.ro\/lexikon\/wp-json\/wp\/v2\/product_tag?post=6394"}],"curies":[{"name":"wp","href":"https:\/\/api.w.org\/{rel}","templated":true}]}}