{"id":6395,"date":"2025-06-28T17:51:12","date_gmt":"2025-06-28T15:51:12","guid":{"rendered":"https:\/\/uj.adatbank.ro\/lexikon\/termek\/csulai-ferenc\/"},"modified":"2025-06-28T17:51:12","modified_gmt":"2025-06-28T15:51:12","slug":"csulai-ferenc","status":"publish","type":"product","link":"https:\/\/uj.adatbank.ro\/lexikon\/termek\/csulai-ferenc\/","title":{"rendered":"CSULAI Ferenc"},"content":{"rendered":"<p>? \u2020\u00a01856. okt. 9.: r. k. pap. \u2013 Papp\u00e1 szentelt\u00e9k (1807. szept. 27.). K\u00e1pl\u00e1n volt Nagy\u00e1gon (1808), pl\u00e9b\u00e1nos Verespatakon (1812), Abosfalv\u00e1n (1819\u201323), Alvincen (1823), Sz\u00e1szerkeden (1824\u201327), majd nyugd\u00edjban volt t\u00f6bbsz\u00f6r, \u00e9s k\u00e1pl\u00e1n Cs\u00edknagyboldogasszony (1829), pl\u00e9b\u00e1nos Bal\u00e1nb\u00e1ny\u00e1n (1833) \u00e9s m\u00e9g Nagy-Osztr\u00f3ban, Tusny\u00e1n. <br \/><strong>Irod.:<\/strong> Ferenczi S\u00e1ndor 2009<\/br><\/p>\n","protected":false},"excerpt":{"rendered":"<p>? \u2020\u00a01856. okt. 9.: r. k. pap. \u2013 Papp\u00e1 szentelt\u00e9k (1807. szept. 27.). K\u00e1pl\u00e1n volt Nagy\u00e1gon (1808), pl\u00e9b\u00e1nos Verespatakon (1812), Abosfalv\u00e1n (1819\u201323), Alvincen (1823), Sz\u00e1szerkeden (1824\u201327), majd nyugd\u00edjban volt t\u00f6bbsz\u00f6r, \u00e9s k\u00e1pl\u00e1n Cs\u00edknagyboldogasszony (1829), pl\u00e9b\u00e1nos Bal\u00e1nb\u00e1ny\u00e1n (1833) \u00e9s m\u00e9g Nagy-Osztr\u00f3ban, Tusny\u00e1n. Irod.: Ferenczi S\u00e1ndor 2009<\/p>\n","protected":false},"featured_media":0,"comment_status":"open","ping_status":"closed","template":"","meta":[],"product_brand":[],"product_cat":[137],"product_tag":[],"class_list":{"0":"post-6395","1":"product","2":"type-product","3":"status-publish","5":"product_cat-maros-megyei-eletrajzi-lexikon","7":"first","8":"instock","9":"shipping-taxable","10":"product-type-simple"},"_links":{"self":[{"href":"https:\/\/uj.adatbank.ro\/lexikon\/wp-json\/wp\/v2\/product\/6395","targetHints":{"allow":["GET"]}}],"collection":[{"href":"https:\/\/uj.adatbank.ro\/lexikon\/wp-json\/wp\/v2\/product"}],"about":[{"href":"https:\/\/uj.adatbank.ro\/lexikon\/wp-json\/wp\/v2\/types\/product"}],"replies":[{"embeddable":true,"href":"https:\/\/uj.adatbank.ro\/lexikon\/wp-json\/wp\/v2\/comments?post=6395"}],"wp:attachment":[{"href":"https:\/\/uj.adatbank.ro\/lexikon\/wp-json\/wp\/v2\/media?parent=6395"}],"wp:term":[{"taxonomy":"product_brand","embeddable":true,"href":"https:\/\/uj.adatbank.ro\/lexikon\/wp-json\/wp\/v2\/product_brand?post=6395"},{"taxonomy":"product_cat","embeddable":true,"href":"https:\/\/uj.adatbank.ro\/lexikon\/wp-json\/wp\/v2\/product_cat?post=6395"},{"taxonomy":"product_tag","embeddable":true,"href":"https:\/\/uj.adatbank.ro\/lexikon\/wp-json\/wp\/v2\/product_tag?post=6395"}],"curies":[{"name":"wp","href":"https:\/\/api.w.org\/{rel}","templated":true}]}}