{"id":6396,"date":"2025-06-28T17:51:14","date_gmt":"2025-06-28T15:51:14","guid":{"rendered":"https:\/\/uj.adatbank.ro\/lexikon\/termek\/csulai-gyorgy\/"},"modified":"2025-06-28T17:51:14","modified_gmt":"2025-06-28T15:51:14","slug":"csulai-gyorgy","status":"publish","type":"product","link":"https:\/\/uj.adatbank.ro\/lexikon\/termek\/csulai-gyorgy\/","title":{"rendered":"CSULAI Gy\u00f6rgy"},"content":{"rendered":"<p>? \u2020\u00a0? : ref. lelk\u00e9sz. \u2013 Az erd\u00e9ly ref. egyh\u00e1z szuperintend\u00e1nsa (1650\u201360), k\u00f6nyvdon\u00e1tor. A mv.-i Ref. Koll. -nak aj\u00e1nd\u00e9kozta az els\u0151 meglev\u0151 k\u00e9ziratos k\u00f6nyvt\u00e1ri katal\u00f3gust \u00e9s t\u00f6bb \u00e9rt\u00e9kes k\u00f6nyvet is, azon k\u00edv\u00fcl a koll. tanul\u00f3inak n\u00e9vsor\u00e1t, ami jelenleg egyed\u00fcli hiteles forr\u00e1s a tanul\u00f3k l\u00e9tsz\u00e1m\u00e1t illet\u0151en abb\u00f3l az id\u0151b\u0151l (1653). \u2013 <strong>F. m.:<\/strong> Halotti besz\u00e9d K\u00e1rolyi Zsuzs\u00e1nna, Bethlen G\u00e1bor h\u00e1zast\u00e1rsa felett (Gyulafeh\u00e9rv\u00e1r, 1624); Halotti besz\u00e9d ikt\u00e1ri gr. Bethlen P\u00e9ter felett (V\u00e1rad, 1646). <br \/><strong>Irod.:<\/strong> Chiorean 2008; Halotti besz\u00e9dek<\/br><\/p>\n","protected":false},"excerpt":{"rendered":"<p>? \u2020\u00a0? : ref. lelk\u00e9sz. \u2013 Az erd\u00e9ly ref. egyh\u00e1z szuperintend\u00e1nsa (1650\u201360), k\u00f6nyvdon\u00e1tor. A mv.-i Ref. Koll. -nak aj\u00e1nd\u00e9kozta az els\u0151 meglev\u0151 k\u00e9ziratos k\u00f6nyvt\u00e1ri katal\u00f3gust \u00e9s t\u00f6bb \u00e9rt\u00e9kes k\u00f6nyvet is, azon k\u00edv\u00fcl a koll. tanul\u00f3inak n\u00e9vsor\u00e1t, ami jelenleg egyed\u00fcli hiteles forr\u00e1s a tanul\u00f3k l\u00e9tsz\u00e1m\u00e1t illet\u0151en abb\u00f3l az id\u0151b\u0151l (1653). \u2013 F. m.: Halotti besz\u00e9d K\u00e1rolyi [&hellip;]<\/p>\n","protected":false},"featured_media":0,"comment_status":"open","ping_status":"closed","template":"","meta":[],"product_brand":[],"product_cat":[137],"product_tag":[],"class_list":{"0":"post-6396","1":"product","2":"type-product","3":"status-publish","5":"product_cat-maros-megyei-eletrajzi-lexikon","7":"first","8":"instock","9":"shipping-taxable","10":"product-type-simple"},"_links":{"self":[{"href":"https:\/\/uj.adatbank.ro\/lexikon\/wp-json\/wp\/v2\/product\/6396","targetHints":{"allow":["GET"]}}],"collection":[{"href":"https:\/\/uj.adatbank.ro\/lexikon\/wp-json\/wp\/v2\/product"}],"about":[{"href":"https:\/\/uj.adatbank.ro\/lexikon\/wp-json\/wp\/v2\/types\/product"}],"replies":[{"embeddable":true,"href":"https:\/\/uj.adatbank.ro\/lexikon\/wp-json\/wp\/v2\/comments?post=6396"}],"wp:attachment":[{"href":"https:\/\/uj.adatbank.ro\/lexikon\/wp-json\/wp\/v2\/media?parent=6396"}],"wp:term":[{"taxonomy":"product_brand","embeddable":true,"href":"https:\/\/uj.adatbank.ro\/lexikon\/wp-json\/wp\/v2\/product_brand?post=6396"},{"taxonomy":"product_cat","embeddable":true,"href":"https:\/\/uj.adatbank.ro\/lexikon\/wp-json\/wp\/v2\/product_cat?post=6396"},{"taxonomy":"product_tag","embeddable":true,"href":"https:\/\/uj.adatbank.ro\/lexikon\/wp-json\/wp\/v2\/product_tag?post=6396"}],"curies":[{"name":"wp","href":"https:\/\/api.w.org\/{rel}","templated":true}]}}