{"id":6397,"date":"2025-06-28T17:51:15","date_gmt":"2025-06-28T15:51:15","guid":{"rendered":"https:\/\/uj.adatbank.ro\/lexikon\/termek\/csulak-lajos\/"},"modified":"2025-06-28T17:51:15","modified_gmt":"2025-06-28T15:51:15","slug":"csulak-lajos","status":"publish","type":"product","link":"https:\/\/uj.adatbank.ro\/lexikon\/termek\/csulak-lajos\/","title":{"rendered":"CSULAK Lajos"},"content":{"rendered":"<p>Gid\u00f3falva, 1857. okt. 18., \u2020\u00a0?: tan\u00edt\u00f3. \u2013 A tan\u00edt\u00f3k\u00e9pz\u0151t Nagyenyeden v\u00e9gezte. Igazgat\u00f3tan\u00edt\u00f3 a valk\u00f3i k\u00f6zs\u00e9gi iskol\u00e1ban (1877); tan\u00edt\u00f3\u00a0Bodol\u00e1n (1880), Alvincen (1889\u201391), Segesv\u00e1ron (1891\u20131901), Brass\u00f3ban iskola igazgat\u00f3 (1901\u2013). N\u00e9ptan\u00edt\u00f3i jutalmat kapott az EMKE-t\u0151l (1898, 1899, 1904). Sz\u00e9kely lakodalmas versek: k\u00e9zirata, elnyerte a KZST 300 koron\u00e1s d\u00edj\u00e1t. (1897. m\u00e1j. 16.) Novell\u00e1kat, t\u00e1rc\u00e1kat, tan\u00fcgyi \u00e9s t\u00e1rsadalmi cikkeket \u00edrt a Nemere, Az \u00c9n \u00dajs\u00e1gom, Beszterce, Brass\u00f3i Lapok, Csal\u00e1d \u00e9s Iskola, Kis-K\u00fck\u00fcll\u0151, Ellenz\u00e9k, Erd\u00e9lyi Lapok, Nagy-K\u00fck\u00fcll\u0151 (alap\u00edt\u00f3 \u00e9s f\u0151szerkeszt\u0151), N\u00e9ptan\u00edt\u00f3k Lapja, Sz\u00e9kely Nemzet. \u2013 <strong>F. m.:<\/strong> Sz\u00e9kelyf\u00f6ld\u00f6n (M\u00e1ramarossziget, 1893); Sz\u00e9kely t\u00f6rt\u00e9netek (Kv., 1898); Mikor iskol\u00e1ba j\u00e1rtunk (Bp, 1901); H\u00e1rom \u00fcnnep t\u00f6rt\u00e9nete (Bp., 1902); G\u00f3b\u00e9s\u00e1gok (1903). <br \/><strong>Irod.:<\/strong> Guly\u00e1s, Hor\u00e1nyi; Marosi-KZST; Olosz Katalin 2003<\/br><\/p>\n","protected":false},"excerpt":{"rendered":"<p>Gid\u00f3falva, 1857. okt. 18., \u2020\u00a0?: tan\u00edt\u00f3. \u2013 A tan\u00edt\u00f3k\u00e9pz\u0151t Nagyenyeden v\u00e9gezte. Igazgat\u00f3tan\u00edt\u00f3 a valk\u00f3i k\u00f6zs\u00e9gi iskol\u00e1ban (1877); tan\u00edt\u00f3\u00a0Bodol\u00e1n (1880), Alvincen (1889\u201391), Segesv\u00e1ron (1891\u20131901), Brass\u00f3ban iskola igazgat\u00f3 (1901\u2013). N\u00e9ptan\u00edt\u00f3i jutalmat kapott az EMKE-t\u0151l (1898, 1899, 1904). Sz\u00e9kely lakodalmas versek: k\u00e9zirata, elnyerte a KZST 300 koron\u00e1s d\u00edj\u00e1t. (1897. m\u00e1j. 16.) Novell\u00e1kat, t\u00e1rc\u00e1kat, tan\u00fcgyi \u00e9s t\u00e1rsadalmi cikkeket \u00edrt [&hellip;]<\/p>\n","protected":false},"featured_media":0,"comment_status":"open","ping_status":"closed","template":"","meta":[],"product_brand":[],"product_cat":[137],"product_tag":[],"class_list":{"0":"post-6397","1":"product","2":"type-product","3":"status-publish","5":"product_cat-maros-megyei-eletrajzi-lexikon","7":"first","8":"instock","9":"shipping-taxable","10":"product-type-simple"},"_links":{"self":[{"href":"https:\/\/uj.adatbank.ro\/lexikon\/wp-json\/wp\/v2\/product\/6397","targetHints":{"allow":["GET"]}}],"collection":[{"href":"https:\/\/uj.adatbank.ro\/lexikon\/wp-json\/wp\/v2\/product"}],"about":[{"href":"https:\/\/uj.adatbank.ro\/lexikon\/wp-json\/wp\/v2\/types\/product"}],"replies":[{"embeddable":true,"href":"https:\/\/uj.adatbank.ro\/lexikon\/wp-json\/wp\/v2\/comments?post=6397"}],"wp:attachment":[{"href":"https:\/\/uj.adatbank.ro\/lexikon\/wp-json\/wp\/v2\/media?parent=6397"}],"wp:term":[{"taxonomy":"product_brand","embeddable":true,"href":"https:\/\/uj.adatbank.ro\/lexikon\/wp-json\/wp\/v2\/product_brand?post=6397"},{"taxonomy":"product_cat","embeddable":true,"href":"https:\/\/uj.adatbank.ro\/lexikon\/wp-json\/wp\/v2\/product_cat?post=6397"},{"taxonomy":"product_tag","embeddable":true,"href":"https:\/\/uj.adatbank.ro\/lexikon\/wp-json\/wp\/v2\/product_tag?post=6397"}],"curies":[{"name":"wp","href":"https:\/\/api.w.org\/{rel}","templated":true}]}}