{"id":6403,"date":"2025-06-28T17:51:27","date_gmt":"2025-06-28T15:51:27","guid":{"rendered":"https:\/\/uj.adatbank.ro\/lexikon\/termek\/csuros-mihaly\/"},"modified":"2025-06-28T17:51:27","modified_gmt":"2025-06-28T15:51:27","slug":"csuros-mihaly","status":"publish","type":"product","link":"https:\/\/uj.adatbank.ro\/lexikon\/termek\/csuros-mihaly\/","title":{"rendered":"CS\u0170R\u00d6S Mih\u00e1ly"},"content":{"rendered":"<p>1760 k. \u2020\u00a01815 ut\u00e1n: olt\u00e1rk\u00e9sz\u00edt\u0151 fest\u0151. \u2013 Cs. Antal testv\u00e9re. \u2013 Erd\u00e9lyben m\u0171k\u00f6d\u00f6tt. Zsib\u00f3n a Wessel\u00e9nyi-kast\u00e9ly (1803), Kv.-on a Toldalagi-Korda-h\u00e1z \u00e9p\u00edtkez\u00e9sein\u00e9l dolgozott (1808\u201311). Az ut\u00f3bbi helyen c\u00edmert \u00e9s feliratos k\u00f6veket faragott, festett \u00e9s bet\u0171ket aranyo\u00adzott. A szil\u00e1gys\u00e1gi S\u00fclelmed templom\u00e1nak mennyezet\u00e9t festette (1811\u2013). Empire st\u00edlusban \u0151 k\u00e9sz\u00edtette a sz\u00e9kelyk\u00e1li templom Nepomuki Szt. J\u00e1nos olt\u00e1rt, B\u00e1nffy Gy\u00f6rgy gubern\u00e1tor megrendel\u00e9s\u00e9re \u00e9s anyagi t\u00e1mogat\u00e1s\u00e1val (1815\u2013) \u00e9s renov\u00e1lta a f\u0151olt\u00e1rat (1761-ben k\u00e9sz\u00fclt). <br \/><strong>Irod.:<\/strong> B. Nagy Margit 1970; Kelemen Lajos: Cs. M. olt\u00e1rk\u00e9sz\u00edt\u0151 piktor = K. L.: M\u0171v. t\u00f6rt. tan. 1.; Lyka; \u00daM\u00c9L<\/br><\/p>\n","protected":false},"excerpt":{"rendered":"<p>1760 k. \u2020\u00a01815 ut\u00e1n: olt\u00e1rk\u00e9sz\u00edt\u0151 fest\u0151. \u2013 Cs. Antal testv\u00e9re. \u2013 Erd\u00e9lyben m\u0171k\u00f6d\u00f6tt. Zsib\u00f3n a Wessel\u00e9nyi-kast\u00e9ly (1803), Kv.-on a Toldalagi-Korda-h\u00e1z \u00e9p\u00edtkez\u00e9sein\u00e9l dolgozott (1808\u201311). Az ut\u00f3bbi helyen c\u00edmert \u00e9s feliratos k\u00f6veket faragott, festett \u00e9s bet\u0171ket aranyo\u00adzott. A szil\u00e1gys\u00e1gi S\u00fclelmed templom\u00e1nak mennyezet\u00e9t festette (1811\u2013). Empire st\u00edlusban \u0151 k\u00e9sz\u00edtette a sz\u00e9kelyk\u00e1li templom Nepomuki Szt. J\u00e1nos olt\u00e1rt, B\u00e1nffy Gy\u00f6rgy [&hellip;]<\/p>\n","protected":false},"featured_media":0,"comment_status":"open","ping_status":"closed","template":"","meta":[],"product_brand":[],"product_cat":[137],"product_tag":[],"class_list":{"0":"post-6403","1":"product","2":"type-product","3":"status-publish","5":"product_cat-maros-megyei-eletrajzi-lexikon","7":"first","8":"instock","9":"shipping-taxable","10":"product-type-simple"},"_links":{"self":[{"href":"https:\/\/uj.adatbank.ro\/lexikon\/wp-json\/wp\/v2\/product\/6403","targetHints":{"allow":["GET"]}}],"collection":[{"href":"https:\/\/uj.adatbank.ro\/lexikon\/wp-json\/wp\/v2\/product"}],"about":[{"href":"https:\/\/uj.adatbank.ro\/lexikon\/wp-json\/wp\/v2\/types\/product"}],"replies":[{"embeddable":true,"href":"https:\/\/uj.adatbank.ro\/lexikon\/wp-json\/wp\/v2\/comments?post=6403"}],"wp:attachment":[{"href":"https:\/\/uj.adatbank.ro\/lexikon\/wp-json\/wp\/v2\/media?parent=6403"}],"wp:term":[{"taxonomy":"product_brand","embeddable":true,"href":"https:\/\/uj.adatbank.ro\/lexikon\/wp-json\/wp\/v2\/product_brand?post=6403"},{"taxonomy":"product_cat","embeddable":true,"href":"https:\/\/uj.adatbank.ro\/lexikon\/wp-json\/wp\/v2\/product_cat?post=6403"},{"taxonomy":"product_tag","embeddable":true,"href":"https:\/\/uj.adatbank.ro\/lexikon\/wp-json\/wp\/v2\/product_tag?post=6403"}],"curies":[{"name":"wp","href":"https:\/\/api.w.org\/{rel}","templated":true}]}}