{"id":6409,"date":"2025-06-28T17:51:46","date_gmt":"2025-06-28T15:51:46","guid":{"rendered":"https:\/\/uj.adatbank.ro\/lexikon\/termek\/daboczi-domokos\/"},"modified":"2025-06-28T17:51:46","modified_gmt":"2025-06-28T15:51:46","slug":"daboczi-domokos","status":"publish","type":"product","link":"https:\/\/uj.adatbank.ro\/lexikon\/termek\/daboczi-domokos\/","title":{"rendered":"DAB\u00d3CZI Domokos"},"content":{"rendered":"<p>1827.? \u2020 Mv., 1882. okt. 2.: hivatalnok. \u2013 Feles\u00e9ge: T\u00f3th Eszter. Gyermekeik: Gy\u00f6rgy; Berta, Csath J\u00f3zsefn\u00e9; R\u00f3za, Vilma, Ilona, Zsuzsa, Ida. \u2013 Mv.-i kir. j\u00e1r\u00e1sb\u00edr\u00f3s\u00e1gi hivatali szolga. <br \/><strong>Irod.:<\/strong> Gy\u00e1szjelent\u0151<\/br><\/p>\n","protected":false},"excerpt":{"rendered":"<p>1827.? \u2020 Mv., 1882. okt. 2.: hivatalnok. \u2013 Feles\u00e9ge: T\u00f3th Eszter. Gyermekeik: Gy\u00f6rgy; Berta, Csath J\u00f3zsefn\u00e9; R\u00f3za, Vilma, Ilona, Zsuzsa, Ida. \u2013 Mv.-i kir. j\u00e1r\u00e1sb\u00edr\u00f3s\u00e1gi hivatali szolga. Irod.: Gy\u00e1szjelent\u0151<\/p>\n","protected":false},"featured_media":0,"comment_status":"open","ping_status":"closed","template":"","meta":[],"product_brand":[],"product_cat":[137],"product_tag":[],"class_list":{"0":"post-6409","1":"product","2":"type-product","3":"status-publish","5":"product_cat-maros-megyei-eletrajzi-lexikon","7":"first","8":"instock","9":"shipping-taxable","10":"product-type-simple"},"_links":{"self":[{"href":"https:\/\/uj.adatbank.ro\/lexikon\/wp-json\/wp\/v2\/product\/6409","targetHints":{"allow":["GET"]}}],"collection":[{"href":"https:\/\/uj.adatbank.ro\/lexikon\/wp-json\/wp\/v2\/product"}],"about":[{"href":"https:\/\/uj.adatbank.ro\/lexikon\/wp-json\/wp\/v2\/types\/product"}],"replies":[{"embeddable":true,"href":"https:\/\/uj.adatbank.ro\/lexikon\/wp-json\/wp\/v2\/comments?post=6409"}],"wp:attachment":[{"href":"https:\/\/uj.adatbank.ro\/lexikon\/wp-json\/wp\/v2\/media?parent=6409"}],"wp:term":[{"taxonomy":"product_brand","embeddable":true,"href":"https:\/\/uj.adatbank.ro\/lexikon\/wp-json\/wp\/v2\/product_brand?post=6409"},{"taxonomy":"product_cat","embeddable":true,"href":"https:\/\/uj.adatbank.ro\/lexikon\/wp-json\/wp\/v2\/product_cat?post=6409"},{"taxonomy":"product_tag","embeddable":true,"href":"https:\/\/uj.adatbank.ro\/lexikon\/wp-json\/wp\/v2\/product_tag?post=6409"}],"curies":[{"name":"wp","href":"https:\/\/api.w.org\/{rel}","templated":true}]}}