{"id":6412,"date":"2025-06-28T17:51:53","date_gmt":"2025-06-28T15:51:53","guid":{"rendered":"https:\/\/uj.adatbank.ro\/lexikon\/termek\/daboczi-mihaly-dabocsi-mihaly\/"},"modified":"2025-06-28T17:51:53","modified_gmt":"2025-06-28T15:51:53","slug":"daboczi-mihaly-dabocsi-mihaly","status":"publish","type":"product","link":"https:\/\/uj.adatbank.ro\/lexikon\/termek\/daboczi-mihaly-dabocsi-mihaly\/","title":{"rendered":"DAB\u00d3CZI Mih\u00e1ly, Dabocsi Mih\u00e1ly"},"content":{"rendered":"<p>1839.? \u2020\u00a0Mv., 1902. aug. 29.: egyh\u00e1zi tan\u00e1csos. \u2013 Feles\u00e9ge: Venczel Joz\u00e9fa. Gyermekeik: D. J\u00e1nos \u00e9s Anna, Miesz Ed\u00e9n\u00e9. \u2013 Ref. egyh\u00e1zi tan\u00e1csos. R\u00e9szt vett az Orsz\u00e1gos \u00c1ltal\u00e1nos Ki\u00e1ll\u00edt\u00e1son (Bp., 1885) \u00e9s az egyik kit\u00fcntetett volt. <br \/><strong>Irod.:<\/strong> Az 1885. \u00e9vi Bp.-i Orsz\u00e1gos \u00c1ltal\u00e1nos Ki\u00e1ll\u00edt\u00e1s (Bp., 1885); Gy\u00e1szjelent.<\/br><\/p>\n","protected":false},"excerpt":{"rendered":"<p>1839.? \u2020\u00a0Mv., 1902. aug. 29.: egyh\u00e1zi tan\u00e1csos. \u2013 Feles\u00e9ge: Venczel Joz\u00e9fa. Gyermekeik: D. J\u00e1nos \u00e9s Anna, Miesz Ed\u00e9n\u00e9. \u2013 Ref. egyh\u00e1zi tan\u00e1csos. R\u00e9szt vett az Orsz\u00e1gos \u00c1ltal\u00e1nos Ki\u00e1ll\u00edt\u00e1son (Bp., 1885) \u00e9s az egyik kit\u00fcntetett volt. Irod.: Az 1885. \u00e9vi Bp.-i Orsz\u00e1gos \u00c1ltal\u00e1nos Ki\u00e1ll\u00edt\u00e1s (Bp., 1885); Gy\u00e1szjelent.<\/p>\n","protected":false},"featured_media":0,"comment_status":"open","ping_status":"closed","template":"","meta":[],"product_brand":[],"product_cat":[137],"product_tag":[],"class_list":{"0":"post-6412","1":"product","2":"type-product","3":"status-publish","5":"product_cat-maros-megyei-eletrajzi-lexikon","7":"first","8":"instock","9":"shipping-taxable","10":"product-type-simple"},"_links":{"self":[{"href":"https:\/\/uj.adatbank.ro\/lexikon\/wp-json\/wp\/v2\/product\/6412","targetHints":{"allow":["GET"]}}],"collection":[{"href":"https:\/\/uj.adatbank.ro\/lexikon\/wp-json\/wp\/v2\/product"}],"about":[{"href":"https:\/\/uj.adatbank.ro\/lexikon\/wp-json\/wp\/v2\/types\/product"}],"replies":[{"embeddable":true,"href":"https:\/\/uj.adatbank.ro\/lexikon\/wp-json\/wp\/v2\/comments?post=6412"}],"wp:attachment":[{"href":"https:\/\/uj.adatbank.ro\/lexikon\/wp-json\/wp\/v2\/media?parent=6412"}],"wp:term":[{"taxonomy":"product_brand","embeddable":true,"href":"https:\/\/uj.adatbank.ro\/lexikon\/wp-json\/wp\/v2\/product_brand?post=6412"},{"taxonomy":"product_cat","embeddable":true,"href":"https:\/\/uj.adatbank.ro\/lexikon\/wp-json\/wp\/v2\/product_cat?post=6412"},{"taxonomy":"product_tag","embeddable":true,"href":"https:\/\/uj.adatbank.ro\/lexikon\/wp-json\/wp\/v2\/product_tag?post=6412"}],"curies":[{"name":"wp","href":"https:\/\/api.w.org\/{rel}","templated":true}]}}