{"id":6414,"date":"2025-06-28T17:51:59","date_gmt":"2025-06-28T15:51:59","guid":{"rendered":"https:\/\/uj.adatbank.ro\/lexikon\/termek\/daboczy-arpad\/"},"modified":"2025-06-28T17:51:59","modified_gmt":"2025-06-28T15:51:59","slug":"daboczy-arpad","status":"publish","type":"product","link":"https:\/\/uj.adatbank.ro\/lexikon\/termek\/daboczy-arpad\/","title":{"rendered":"DAB\u00d3CZY \u00c1rp\u00e1d"},"content":{"rendered":"<p>1926., \u2020 Mv., 1999. j\u00fal. 9.: banki alkalmazott, \u2013 A Nemzeti Bank aligazgat\u00f3ja volt. <br \/><strong>Irod.:<\/strong> MMK<\/br><\/p>\n","protected":false},"excerpt":{"rendered":"<p>1926., \u2020 Mv., 1999. j\u00fal. 9.: banki alkalmazott, \u2013 A Nemzeti Bank aligazgat\u00f3ja volt. Irod.: MMK<\/p>\n","protected":false},"featured_media":0,"comment_status":"open","ping_status":"closed","template":"","meta":[],"product_brand":[],"product_cat":[137],"product_tag":[],"class_list":{"0":"post-6414","1":"product","2":"type-product","3":"status-publish","5":"product_cat-maros-megyei-eletrajzi-lexikon","7":"first","8":"instock","9":"shipping-taxable","10":"product-type-simple"},"_links":{"self":[{"href":"https:\/\/uj.adatbank.ro\/lexikon\/wp-json\/wp\/v2\/product\/6414","targetHints":{"allow":["GET"]}}],"collection":[{"href":"https:\/\/uj.adatbank.ro\/lexikon\/wp-json\/wp\/v2\/product"}],"about":[{"href":"https:\/\/uj.adatbank.ro\/lexikon\/wp-json\/wp\/v2\/types\/product"}],"replies":[{"embeddable":true,"href":"https:\/\/uj.adatbank.ro\/lexikon\/wp-json\/wp\/v2\/comments?post=6414"}],"wp:attachment":[{"href":"https:\/\/uj.adatbank.ro\/lexikon\/wp-json\/wp\/v2\/media?parent=6414"}],"wp:term":[{"taxonomy":"product_brand","embeddable":true,"href":"https:\/\/uj.adatbank.ro\/lexikon\/wp-json\/wp\/v2\/product_brand?post=6414"},{"taxonomy":"product_cat","embeddable":true,"href":"https:\/\/uj.adatbank.ro\/lexikon\/wp-json\/wp\/v2\/product_cat?post=6414"},{"taxonomy":"product_tag","embeddable":true,"href":"https:\/\/uj.adatbank.ro\/lexikon\/wp-json\/wp\/v2\/product_tag?post=6414"}],"curies":[{"name":"wp","href":"https:\/\/api.w.org\/{rel}","templated":true}]}}