{"id":6415,"date":"2025-06-28T17:52:01","date_gmt":"2025-06-28T15:52:01","guid":{"rendered":"https:\/\/uj.adatbank.ro\/lexikon\/termek\/daboczy-ferenc\/"},"modified":"2025-06-28T17:52:01","modified_gmt":"2025-06-28T15:52:01","slug":"daboczy-ferenc","status":"publish","type":"product","link":"https:\/\/uj.adatbank.ro\/lexikon\/termek\/daboczy-ferenc\/","title":{"rendered":"DAB\u00d3CZY Ferenc"},"content":{"rendered":"<p>? \u2020\u00a0? : tan\u00e1r. \u2013 Feles\u00e9ge: Thierry Ad\u00e9l. \u2013 Mv.-en a Szentgy\u00f6rgy- utcai Le\u00e1nyiskol\u00e1b\u00f3l lett Polg\u00e1ri Fi\u00faiskol\u00e1ban tan\u00edtott. A feles\u00e9ge Sv\u00e1jcb\u00f3l j\u00f6tt franci\u00e1t tan\u00edtani. <br \/><strong>Irod.:<\/strong> Sipos<\/br><\/p>\n","protected":false},"excerpt":{"rendered":"<p>? \u2020\u00a0? : tan\u00e1r. \u2013 Feles\u00e9ge: Thierry Ad\u00e9l. \u2013 Mv.-en a Szentgy\u00f6rgy- utcai Le\u00e1nyiskol\u00e1b\u00f3l lett Polg\u00e1ri Fi\u00faiskol\u00e1ban tan\u00edtott. A feles\u00e9ge Sv\u00e1jcb\u00f3l j\u00f6tt franci\u00e1t tan\u00edtani. Irod.: Sipos<\/p>\n","protected":false},"featured_media":0,"comment_status":"open","ping_status":"closed","template":"","meta":[],"product_brand":[],"product_cat":[137],"product_tag":[],"class_list":{"0":"post-6415","1":"product","2":"type-product","3":"status-publish","5":"product_cat-maros-megyei-eletrajzi-lexikon","7":"first","8":"instock","9":"shipping-taxable","10":"product-type-simple"},"_links":{"self":[{"href":"https:\/\/uj.adatbank.ro\/lexikon\/wp-json\/wp\/v2\/product\/6415","targetHints":{"allow":["GET"]}}],"collection":[{"href":"https:\/\/uj.adatbank.ro\/lexikon\/wp-json\/wp\/v2\/product"}],"about":[{"href":"https:\/\/uj.adatbank.ro\/lexikon\/wp-json\/wp\/v2\/types\/product"}],"replies":[{"embeddable":true,"href":"https:\/\/uj.adatbank.ro\/lexikon\/wp-json\/wp\/v2\/comments?post=6415"}],"wp:attachment":[{"href":"https:\/\/uj.adatbank.ro\/lexikon\/wp-json\/wp\/v2\/media?parent=6415"}],"wp:term":[{"taxonomy":"product_brand","embeddable":true,"href":"https:\/\/uj.adatbank.ro\/lexikon\/wp-json\/wp\/v2\/product_brand?post=6415"},{"taxonomy":"product_cat","embeddable":true,"href":"https:\/\/uj.adatbank.ro\/lexikon\/wp-json\/wp\/v2\/product_cat?post=6415"},{"taxonomy":"product_tag","embeddable":true,"href":"https:\/\/uj.adatbank.ro\/lexikon\/wp-json\/wp\/v2\/product_tag?post=6415"}],"curies":[{"name":"wp","href":"https:\/\/api.w.org\/{rel}","templated":true}]}}