{"id":6416,"date":"2025-06-28T17:52:03","date_gmt":"2025-06-28T15:52:03","guid":{"rendered":"https:\/\/uj.adatbank.ro\/lexikon\/termek\/daboczy-istvan\/"},"modified":"2025-06-28T17:52:03","modified_gmt":"2025-06-28T15:52:03","slug":"daboczy-istvan","status":"publish","type":"product","link":"https:\/\/uj.adatbank.ro\/lexikon\/termek\/daboczy-istvan\/","title":{"rendered":"DAB\u00d3CZY Istv\u00e1n"},"content":{"rendered":"<p>1843., \u2020\u00a0Mv., 1914. dec. 8.: lev\u00e9lt\u00e1ros. \u2013 Feles\u00e9ge: Thery Ad\u00e9le. Gyermekeik: D. Viktor, Ad\u00e9l, Istv\u00e1n (1898\u2013). \u2013 A Kismartoni katonai re\u00e1liskol\u00e1ban \u00e9s a b\u00e9cs\u00fajhelyi Theresianumban tanult. Mv.-i v\u00e1rosi f\u0151lev\u00e9lt\u00e1rnok, t\u00f6rv\u00e9nyhat\u00f3s\u00e1gi bizotts\u00e1gi tag, ref. egyh\u00e1zi k\u00e9pvisel\u0151. <br \/><strong>Irod.:<\/strong> Gy\u00e1szjelent\u0151; Szab\u00f3\u2013Simon\u2013Sz\u00f6gi<\/br><\/p>\n","protected":false},"excerpt":{"rendered":"<p>1843., \u2020\u00a0Mv., 1914. dec. 8.: lev\u00e9lt\u00e1ros. \u2013 Feles\u00e9ge: Thery Ad\u00e9le. Gyermekeik: D. Viktor, Ad\u00e9l, Istv\u00e1n (1898\u2013). \u2013 A Kismartoni katonai re\u00e1liskol\u00e1ban \u00e9s a b\u00e9cs\u00fajhelyi Theresianumban tanult. Mv.-i v\u00e1rosi f\u0151lev\u00e9lt\u00e1rnok, t\u00f6rv\u00e9nyhat\u00f3s\u00e1gi bizotts\u00e1gi tag, ref. egyh\u00e1zi k\u00e9pvisel\u0151. Irod.: Gy\u00e1szjelent\u0151; Szab\u00f3\u2013Simon\u2013Sz\u00f6gi<\/p>\n","protected":false},"featured_media":0,"comment_status":"open","ping_status":"closed","template":"","meta":[],"product_brand":[],"product_cat":[137],"product_tag":[],"class_list":{"0":"post-6416","1":"product","2":"type-product","3":"status-publish","5":"product_cat-maros-megyei-eletrajzi-lexikon","7":"first","8":"instock","9":"shipping-taxable","10":"product-type-simple"},"_links":{"self":[{"href":"https:\/\/uj.adatbank.ro\/lexikon\/wp-json\/wp\/v2\/product\/6416","targetHints":{"allow":["GET"]}}],"collection":[{"href":"https:\/\/uj.adatbank.ro\/lexikon\/wp-json\/wp\/v2\/product"}],"about":[{"href":"https:\/\/uj.adatbank.ro\/lexikon\/wp-json\/wp\/v2\/types\/product"}],"replies":[{"embeddable":true,"href":"https:\/\/uj.adatbank.ro\/lexikon\/wp-json\/wp\/v2\/comments?post=6416"}],"wp:attachment":[{"href":"https:\/\/uj.adatbank.ro\/lexikon\/wp-json\/wp\/v2\/media?parent=6416"}],"wp:term":[{"taxonomy":"product_brand","embeddable":true,"href":"https:\/\/uj.adatbank.ro\/lexikon\/wp-json\/wp\/v2\/product_brand?post=6416"},{"taxonomy":"product_cat","embeddable":true,"href":"https:\/\/uj.adatbank.ro\/lexikon\/wp-json\/wp\/v2\/product_cat?post=6416"},{"taxonomy":"product_tag","embeddable":true,"href":"https:\/\/uj.adatbank.ro\/lexikon\/wp-json\/wp\/v2\/product_tag?post=6416"}],"curies":[{"name":"wp","href":"https:\/\/api.w.org\/{rel}","templated":true}]}}