{"id":6418,"date":"2025-06-28T17:52:06","date_gmt":"2025-06-28T15:52:06","guid":{"rendered":"https:\/\/uj.adatbank.ro\/lexikon\/termek\/daboczy-viktor-daboczi-viktor\/"},"modified":"2025-06-28T17:52:06","modified_gmt":"2025-06-28T15:52:06","slug":"daboczy-viktor-daboczi-viktor","status":"publish","type":"product","link":"https:\/\/uj.adatbank.ro\/lexikon\/termek\/daboczy-viktor-daboczi-viktor\/","title":{"rendered":"DAB\u00d3CZY Vikt\u00f3r, Dab\u00f3czi Viktor"},"content":{"rendered":"<p>? \u2020 ? : tan\u00e1r, f\u0151szolgab\u00edr\u00f3. \u2013 F\u0151szolgab\u00edr\u00f3 volt, a rom\u00e1n k\u00f6zigazgat\u00e1s bevezet\u00e9sekor \u00e1ll\u00e1s\u00e1t vesztette. A mv.-i Ref. Koll.-ban francia nyelvet oktatott \u00f3raad\u00f3k\u00e9nt (1920\u201324). <br \/><strong>Irod.:<\/strong> Mv. t\u00f6rt. 2; Sebesty\u00e9n<\/br><\/p>\n","protected":false},"excerpt":{"rendered":"<p>? \u2020 ? : tan\u00e1r, f\u0151szolgab\u00edr\u00f3. \u2013 F\u0151szolgab\u00edr\u00f3 volt, a rom\u00e1n k\u00f6zigazgat\u00e1s bevezet\u00e9sekor \u00e1ll\u00e1s\u00e1t vesztette. A mv.-i Ref. Koll.-ban francia nyelvet oktatott \u00f3raad\u00f3k\u00e9nt (1920\u201324). Irod.: Mv. t\u00f6rt. 2; Sebesty\u00e9n<\/p>\n","protected":false},"featured_media":0,"comment_status":"open","ping_status":"closed","template":"","meta":[],"product_brand":[],"product_cat":[137],"product_tag":[],"class_list":{"0":"post-6418","1":"product","2":"type-product","3":"status-publish","5":"product_cat-maros-megyei-eletrajzi-lexikon","7":"first","8":"instock","9":"shipping-taxable","10":"product-type-simple"},"_links":{"self":[{"href":"https:\/\/uj.adatbank.ro\/lexikon\/wp-json\/wp\/v2\/product\/6418","targetHints":{"allow":["GET"]}}],"collection":[{"href":"https:\/\/uj.adatbank.ro\/lexikon\/wp-json\/wp\/v2\/product"}],"about":[{"href":"https:\/\/uj.adatbank.ro\/lexikon\/wp-json\/wp\/v2\/types\/product"}],"replies":[{"embeddable":true,"href":"https:\/\/uj.adatbank.ro\/lexikon\/wp-json\/wp\/v2\/comments?post=6418"}],"wp:attachment":[{"href":"https:\/\/uj.adatbank.ro\/lexikon\/wp-json\/wp\/v2\/media?parent=6418"}],"wp:term":[{"taxonomy":"product_brand","embeddable":true,"href":"https:\/\/uj.adatbank.ro\/lexikon\/wp-json\/wp\/v2\/product_brand?post=6418"},{"taxonomy":"product_cat","embeddable":true,"href":"https:\/\/uj.adatbank.ro\/lexikon\/wp-json\/wp\/v2\/product_cat?post=6418"},{"taxonomy":"product_tag","embeddable":true,"href":"https:\/\/uj.adatbank.ro\/lexikon\/wp-json\/wp\/v2\/product_tag?post=6418"}],"curies":[{"name":"wp","href":"https:\/\/api.w.org\/{rel}","templated":true}]}}