{"id":6419,"date":"2025-06-28T17:52:08","date_gmt":"2025-06-28T15:52:08","guid":{"rendered":"https:\/\/uj.adatbank.ro\/lexikon\/termek\/dacian-ion-%c2%a7-eredeti-neve-ion-pulca\/"},"modified":"2025-06-28T17:52:08","modified_gmt":"2025-06-28T15:52:08","slug":"dacian-ion-%c2%a7-eredeti-neve-ion-pulca","status":"publish","type":"product","link":"https:\/\/uj.adatbank.ro\/lexikon\/termek\/dacian-ion-%c2%a7-eredeti-neve-ion-pulca\/","title":{"rendered":"DACIAN, Ion, \u00a7 eredeti neve: Ion Pulc\u0103"},"content":{"rendered":"<p>Sz\u00e1szk\u00e9zd, 1911. okt. 11., \u2020 Buk., 1981. dec. 8.: operett\u00e9nekes, tenorista, rendez\u0151. \u2013 Gyermekkor\u00e1t Sz\u00e1szk\u00e9zden t\u00f6lt\u00f6tte, ahol apja lelk\u00e9sz volt. -Egyid\u0151ben j\u00e1rt a kv.-i egyetem jogi kar\u00e1n \u00e9s a zeneakad\u00e9mi\u00e1n, \u00e9nektan\u00e1ra Ion Cri\u015fan. A kv.-i rom\u00e1n opera tagja (1934); majd Ioan Vl\u0103doiu buk.-i Rom. Oper\u00e1ban \u00e9s a Revista Alhambra \u2013 Operett- \u00e9s Rev\u00fcsz\u00ednh\u00e1zban alkalmazta (1939\u2013), ahol \u00e9nekes \u00e9s rendez\u0151 (1934\u2013), t\u00e1rsigazgat\u00f3 (1942\u201347). H\u0151sszerelmes szerepeket \u00e9nekelt. Els\u0151 sz\u00f3lista \u00e9s igazgat\u00f3 az \u00c1llami Operett Sz\u00ednh\u00e1zban (1950\u201370), az igazgat\u00f3i sz\u00e9kb\u0151l magyar\u00e1zat n\u00e9lk\u00fcl felmentett\u00e9k (1970). A rom\u00e1n operett kiemelked\u0151 alakja, nemzetk\u00f6zi sikerei is voltak. Hozz\u00e1vet\u0151leg 5000 sz\u00ednpadi fell\u00e9p\u00e9se volt 57 f\u0151szerepben, 120 koncerten l\u00e9pett fel k\u00fcl\u00f6nb\u00f6z\u0151 zenekarok k\u00eds\u00e9ret\u00e9ben. \u00d3ri\u00e1si n\u00e9pszer\u0171s\u00e9gre tett szert. A n\u00e9p m\u0171v\u00e9sze, \u00e1llami d\u00edjas. A buk.-i operett sz\u00ednh\u00e1z (Teatrul Na\u0163ional de Operet\u0103 Ion Dacian Bucure\u015fti, 1990\u2013) \u00e9s sz\u00fcl\u0151faluja \u00e1ltal\u00e1nos iskol\u00e1ja felvette a nev\u00e9t (2011). \u2013 <strong>F. sz.:<\/strong> Strauss Joseph: V\u00e2nt de prim\u0103var\u0103; Dendrino Gherase: L\u0103sa\u0163i-m\u0103 s\u0103 c\u00e2nt; Lincke Paul: Lysistrate; Zeller Carl: V\u00e2nz\u0103torul de p\u0103s\u0103ri; Strauss Johann: Liliacul, Sange vienez; Lehar F: V\u0103duva vesel\u0103, Paganini; Barbu, Filaret: Ana Lugojana, Loewe, Frederick: My faire Lady; Lopez, Francis: Secretul lui Marco Polo; Mendelsohn Alfred: Anton Pann. <br \/><strong>Irod.:<\/strong> Clujeni ai sec. 20; Negrin, Harry: Opereta, dragostea mea: I. D.: (roman biografic: Buc., 1984); Sava; Sava-Vartolomei; Saschiz; Todea 2013<\/br><\/p>\n","protected":false},"excerpt":{"rendered":"<p>Sz\u00e1szk\u00e9zd, 1911. okt. 11., \u2020 Buk., 1981. dec. 8.: operett\u00e9nekes, tenorista, rendez\u0151. \u2013 Gyermekkor\u00e1t Sz\u00e1szk\u00e9zden t\u00f6lt\u00f6tte, ahol apja lelk\u00e9sz volt. -Egyid\u0151ben j\u00e1rt a kv.-i egyetem jogi kar\u00e1n \u00e9s a zeneakad\u00e9mi\u00e1n, \u00e9nektan\u00e1ra Ion Cri\u015fan. A kv.-i rom\u00e1n opera tagja (1934); majd Ioan Vl\u0103doiu buk.-i Rom. Oper\u00e1ban \u00e9s a Revista Alhambra \u2013 Operett- \u00e9s Rev\u00fcsz\u00ednh\u00e1zban alkalmazta (1939\u2013), [&hellip;]<\/p>\n","protected":false},"featured_media":0,"comment_status":"open","ping_status":"closed","template":"","meta":[],"product_brand":[],"product_cat":[137],"product_tag":[],"class_list":{"0":"post-6419","1":"product","2":"type-product","3":"status-publish","5":"product_cat-maros-megyei-eletrajzi-lexikon","7":"first","8":"instock","9":"shipping-taxable","10":"product-type-simple"},"_links":{"self":[{"href":"https:\/\/uj.adatbank.ro\/lexikon\/wp-json\/wp\/v2\/product\/6419","targetHints":{"allow":["GET"]}}],"collection":[{"href":"https:\/\/uj.adatbank.ro\/lexikon\/wp-json\/wp\/v2\/product"}],"about":[{"href":"https:\/\/uj.adatbank.ro\/lexikon\/wp-json\/wp\/v2\/types\/product"}],"replies":[{"embeddable":true,"href":"https:\/\/uj.adatbank.ro\/lexikon\/wp-json\/wp\/v2\/comments?post=6419"}],"wp:attachment":[{"href":"https:\/\/uj.adatbank.ro\/lexikon\/wp-json\/wp\/v2\/media?parent=6419"}],"wp:term":[{"taxonomy":"product_brand","embeddable":true,"href":"https:\/\/uj.adatbank.ro\/lexikon\/wp-json\/wp\/v2\/product_brand?post=6419"},{"taxonomy":"product_cat","embeddable":true,"href":"https:\/\/uj.adatbank.ro\/lexikon\/wp-json\/wp\/v2\/product_cat?post=6419"},{"taxonomy":"product_tag","embeddable":true,"href":"https:\/\/uj.adatbank.ro\/lexikon\/wp-json\/wp\/v2\/product_tag?post=6419"}],"curies":[{"name":"wp","href":"https:\/\/api.w.org\/{rel}","templated":true}]}}