{"id":6420,"date":"2025-06-28T17:52:11","date_gmt":"2025-06-28T15:52:11","guid":{"rendered":"https:\/\/uj.adatbank.ro\/lexikon\/termek\/daczo-anna\/"},"modified":"2025-06-28T17:52:11","modified_gmt":"2025-06-28T15:52:11","slug":"daczo-anna","status":"publish","type":"product","link":"https:\/\/uj.adatbank.ro\/lexikon\/termek\/daczo-anna\/","title":{"rendered":"DACZ\u00d3 Anna"},"content":{"rendered":"<p>? \u2020\u00a0? : birtokos. \u2013 Egyezs\u00e9g volt V. D. Ferenc \u00f6zvegye D. A. \u00e9s a marosszentgy\u00f6rgyi T\u00f3t Mih\u00e1ly k\u00f6z\u00f6tt (1579). <br \/><strong>Irod.:<\/strong> D\u00e1niel G\u00e1bor: A vargyasi Daniel csal\u00e1d k\u00f6zp\u00e1ly\u00e1n \u00e9s a mag\u00e1n\u00e9letben (Bp., 1894)<\/br><\/p>\n","protected":false},"excerpt":{"rendered":"<p>? \u2020\u00a0? : birtokos. \u2013 Egyezs\u00e9g volt V. D. Ferenc \u00f6zvegye D. A. \u00e9s a marosszentgy\u00f6rgyi T\u00f3t Mih\u00e1ly k\u00f6z\u00f6tt (1579). Irod.: D\u00e1niel G\u00e1bor: A vargyasi Daniel csal\u00e1d k\u00f6zp\u00e1ly\u00e1n \u00e9s a mag\u00e1n\u00e9letben (Bp., 1894)<\/p>\n","protected":false},"featured_media":0,"comment_status":"open","ping_status":"closed","template":"","meta":[],"product_brand":[],"product_cat":[137],"product_tag":[],"class_list":{"0":"post-6420","1":"product","2":"type-product","3":"status-publish","5":"product_cat-maros-megyei-eletrajzi-lexikon","7":"first","8":"instock","9":"shipping-taxable","10":"product-type-simple"},"_links":{"self":[{"href":"https:\/\/uj.adatbank.ro\/lexikon\/wp-json\/wp\/v2\/product\/6420","targetHints":{"allow":["GET"]}}],"collection":[{"href":"https:\/\/uj.adatbank.ro\/lexikon\/wp-json\/wp\/v2\/product"}],"about":[{"href":"https:\/\/uj.adatbank.ro\/lexikon\/wp-json\/wp\/v2\/types\/product"}],"replies":[{"embeddable":true,"href":"https:\/\/uj.adatbank.ro\/lexikon\/wp-json\/wp\/v2\/comments?post=6420"}],"wp:attachment":[{"href":"https:\/\/uj.adatbank.ro\/lexikon\/wp-json\/wp\/v2\/media?parent=6420"}],"wp:term":[{"taxonomy":"product_brand","embeddable":true,"href":"https:\/\/uj.adatbank.ro\/lexikon\/wp-json\/wp\/v2\/product_brand?post=6420"},{"taxonomy":"product_cat","embeddable":true,"href":"https:\/\/uj.adatbank.ro\/lexikon\/wp-json\/wp\/v2\/product_cat?post=6420"},{"taxonomy":"product_tag","embeddable":true,"href":"https:\/\/uj.adatbank.ro\/lexikon\/wp-json\/wp\/v2\/product_tag?post=6420"}],"curies":[{"name":"wp","href":"https:\/\/api.w.org\/{rel}","templated":true}]}}