{"id":6421,"date":"2025-06-28T17:52:13","date_gmt":"2025-06-28T15:52:13","guid":{"rendered":"https:\/\/uj.adatbank.ro\/lexikon\/termek\/daczo-ferenc\/"},"modified":"2025-06-28T17:52:13","modified_gmt":"2025-06-28T15:52:13","slug":"daczo-ferenc","status":"publish","type":"product","link":"https:\/\/uj.adatbank.ro\/lexikon\/termek\/daczo-ferenc\/","title":{"rendered":"DACZ\u00d3 Ferenc"},"content":{"rendered":"<p>? \u2020 ? : pr\u00e9dik\u00e1tor. \u2013 Kisszentl\u0151rincen volt pap. A tat\u00e1rok elpusszt\u00edtott\u00e1k Szentl\u0151rincet (1661), s a pr\u00e9dik\u00e1tor Sz\u00e9kelytomp\u00e1ra k\u00f6lt\u00f6z\u00f6tt. P\u00e9csi Simon kancell\u00e1rral k\u00f6z\u00f6sen voltak birtokai Marossz\u00e9ken. <br \/><strong>Irod.:<\/strong> K\u00e9nosi-Uzoni 1.; P\u00e1l-Antal<\/br><\/p>\n","protected":false},"excerpt":{"rendered":"<p>? \u2020 ? : pr\u00e9dik\u00e1tor. \u2013 Kisszentl\u0151rincen volt pap. A tat\u00e1rok elpusszt\u00edtott\u00e1k Szentl\u0151rincet (1661), s a pr\u00e9dik\u00e1tor Sz\u00e9kelytomp\u00e1ra k\u00f6lt\u00f6z\u00f6tt. P\u00e9csi Simon kancell\u00e1rral k\u00f6z\u00f6sen voltak birtokai Marossz\u00e9ken. Irod.: K\u00e9nosi-Uzoni 1.; P\u00e1l-Antal<\/p>\n","protected":false},"featured_media":0,"comment_status":"open","ping_status":"closed","template":"","meta":[],"product_brand":[],"product_cat":[137],"product_tag":[],"class_list":{"0":"post-6421","1":"product","2":"type-product","3":"status-publish","5":"product_cat-maros-megyei-eletrajzi-lexikon","7":"first","8":"instock","9":"shipping-taxable","10":"product-type-simple"},"_links":{"self":[{"href":"https:\/\/uj.adatbank.ro\/lexikon\/wp-json\/wp\/v2\/product\/6421","targetHints":{"allow":["GET"]}}],"collection":[{"href":"https:\/\/uj.adatbank.ro\/lexikon\/wp-json\/wp\/v2\/product"}],"about":[{"href":"https:\/\/uj.adatbank.ro\/lexikon\/wp-json\/wp\/v2\/types\/product"}],"replies":[{"embeddable":true,"href":"https:\/\/uj.adatbank.ro\/lexikon\/wp-json\/wp\/v2\/comments?post=6421"}],"wp:attachment":[{"href":"https:\/\/uj.adatbank.ro\/lexikon\/wp-json\/wp\/v2\/media?parent=6421"}],"wp:term":[{"taxonomy":"product_brand","embeddable":true,"href":"https:\/\/uj.adatbank.ro\/lexikon\/wp-json\/wp\/v2\/product_brand?post=6421"},{"taxonomy":"product_cat","embeddable":true,"href":"https:\/\/uj.adatbank.ro\/lexikon\/wp-json\/wp\/v2\/product_cat?post=6421"},{"taxonomy":"product_tag","embeddable":true,"href":"https:\/\/uj.adatbank.ro\/lexikon\/wp-json\/wp\/v2\/product_tag?post=6421"}],"curies":[{"name":"wp","href":"https:\/\/api.w.org\/{rel}","templated":true}]}}