{"id":6425,"date":"2025-06-28T17:52:21","date_gmt":"2025-06-28T15:52:21","guid":{"rendered":"https:\/\/uj.adatbank.ro\/lexikon\/termek\/dadai-boga-emese\/"},"modified":"2025-06-28T17:52:21","modified_gmt":"2025-06-28T15:52:21","slug":"dadai-boga-emese","status":"publish","type":"product","link":"https:\/\/uj.adatbank.ro\/lexikon\/termek\/dadai-boga-emese\/","title":{"rendered":"DADAI BOGA Emese"},"content":{"rendered":"<p>Sz\u00e9kelykereszt\u00far, 1934. m\u00e1rc. 19. \u2020 ?: orvos. \u2013 A k\u00f6z\u00e9piskol\u00e1t Sz\u00e9kelykereszt\u00faron a magyar vegyes l\u00edc.-ban v\u00e9gzett. A MOGYE befejez\u00e9se ut\u00e1n orvos \u00c1kosfalv\u00e1n, Marosszentgy\u00f6rgy\u00f6n k\u00f6rzeti rendel\u0151, Reumatol\u00f3giai klinika, Poliklinikai szakrendel\u0151 balneol\u00f3gus-reumatol\u00f3gus szakorvosa. <br \/><strong>Irod.:<\/strong> MOGYE<\/br><\/p>\n","protected":false},"excerpt":{"rendered":"<p>Sz\u00e9kelykereszt\u00far, 1934. m\u00e1rc. 19. \u2020 ?: orvos. \u2013 A k\u00f6z\u00e9piskol\u00e1t Sz\u00e9kelykereszt\u00faron a magyar vegyes l\u00edc.-ban v\u00e9gzett. A MOGYE befejez\u00e9se ut\u00e1n orvos \u00c1kosfalv\u00e1n, Marosszentgy\u00f6rgy\u00f6n k\u00f6rzeti rendel\u0151, Reumatol\u00f3giai klinika, Poliklinikai szakrendel\u0151 balneol\u00f3gus-reumatol\u00f3gus szakorvosa. Irod.: MOGYE<\/p>\n","protected":false},"featured_media":0,"comment_status":"open","ping_status":"closed","template":"","meta":[],"product_brand":[],"product_cat":[137],"product_tag":[],"class_list":{"0":"post-6425","1":"product","2":"type-product","3":"status-publish","5":"product_cat-maros-megyei-eletrajzi-lexikon","7":"first","8":"instock","9":"shipping-taxable","10":"product-type-simple"},"_links":{"self":[{"href":"https:\/\/uj.adatbank.ro\/lexikon\/wp-json\/wp\/v2\/product\/6425","targetHints":{"allow":["GET"]}}],"collection":[{"href":"https:\/\/uj.adatbank.ro\/lexikon\/wp-json\/wp\/v2\/product"}],"about":[{"href":"https:\/\/uj.adatbank.ro\/lexikon\/wp-json\/wp\/v2\/types\/product"}],"replies":[{"embeddable":true,"href":"https:\/\/uj.adatbank.ro\/lexikon\/wp-json\/wp\/v2\/comments?post=6425"}],"wp:attachment":[{"href":"https:\/\/uj.adatbank.ro\/lexikon\/wp-json\/wp\/v2\/media?parent=6425"}],"wp:term":[{"taxonomy":"product_brand","embeddable":true,"href":"https:\/\/uj.adatbank.ro\/lexikon\/wp-json\/wp\/v2\/product_brand?post=6425"},{"taxonomy":"product_cat","embeddable":true,"href":"https:\/\/uj.adatbank.ro\/lexikon\/wp-json\/wp\/v2\/product_cat?post=6425"},{"taxonomy":"product_tag","embeddable":true,"href":"https:\/\/uj.adatbank.ro\/lexikon\/wp-json\/wp\/v2\/product_tag?post=6425"}],"curies":[{"name":"wp","href":"https:\/\/api.w.org\/{rel}","templated":true}]}}