{"id":6427,"date":"2025-06-28T17:52:26","date_gmt":"2025-06-28T15:52:26","guid":{"rendered":"https:\/\/uj.adatbank.ro\/lexikon\/termek\/dain-iolanda\/"},"modified":"2025-06-28T17:52:26","modified_gmt":"2025-06-28T15:52:26","slug":"dain-iolanda","status":"publish","type":"product","link":"https:\/\/uj.adatbank.ro\/lexikon\/termek\/dain-iolanda\/","title":{"rendered":"DAIN Iolanda"},"content":{"rendered":"<p>C\u0103l\u0103ra\u015fi, 1932. m\u00e1j. 19., \u2020 ?: sz\u00edn\u00e9szn\u0151. \u2013 Pedag\u00f3giai F\u0151iskol\u00e1t v\u00e9gzett, A Mv. \u00c1llami Sz\u00ednh\u00e1z rom\u00e1n tagozat\u00e1n j\u00e1tszott (1962\u20132000). Calarasi v\u00e1ros d\u00edszpolg\u00e1ra. Mv. Szeniorja, Mv.-i Nemzeti Sz\u00ednh\u00e1z \u00c9rdemdiplom\u00e1j\u00e1t (2000), el\u0151ad\u00f3i d\u00edjat kapott a Contesa Pazmany c. darab f\u0151szerep\u00e9\u00e9rt a sepsiszentgy\u00f6rgyi sz\u00ednh\u00e1zi fesztiv\u00e1lon. \u2013 <strong>F. sz.:<\/strong> Md. Lolotte (C. Goldoni: C\u0103s\u0103torie prin concurs); V\u00e2rstnica (Volodin: Sora cea mare); Didi (Camil Petrescu. Mitic\u0103 Popescu); Vidra (B. P. Ha\u015fdeu: R\u0103zvan \u015fi Vidra); Iolanda (S. Macovei: Scaunul f\u0103r\u0103 picioare); O doamn\u0103 (P. Luskalov: Jaguarul ro\u015fu); Pallas Athene (Radu Stanca: G\u00e2lceava zeilor); Doamna Pabici (Dr. Victor Vescu: Regele mincino\u015filor); Maud (Margaret Mayo: Napoleon era fat\u0103), Partidul-inima \u015fi fapta; Musafir\u0103 (Kataiev: Cvadratura cercului), Prima fat\u0103 (Maxwell Anderson: Pogoar\u0103 iarna), Eugenia Ro\u015fca (N. \u015etef\u0103nescu \u015fi Camil \u015eerban: Un asasin ciudat), Rebecca Nurse (Arthur Miller: Vr\u0103jitoarele din Salem), Soacra Aftinia (G. Vasilescu: Soacra cu trei nurori), Mama lui Gore (Dan Rebreanu: Coco\u015ful de tabl\u0103), Evdokia (Omul de ne\u00eenlocuit), Fraulein (Al Chiri\u0163escu: Gai\u0163ele), Mama (Tudor Negoi\u0163\u0103: R\u0103t\u0103cire), 1907 din prim\u0103var\u0103 p\u00e2n\u0103-n toamn\u0103; Eva lui Adam Giurgiu (Al. Voitin: Procesul Horia), Doica (Marin Drzici: Dundo Maroje sau comedia banilor), Eleonora (Romulus Guga: Noaptea cabotinilor), Mavru\u015fa (A. Vasilievici Suhovo-Kobalin: A murit Tarlekin); Contabila Mardare (Paul Everac: Piatr\u0103 la rinichi), Negustoreasa (Radu Stanca: Povestea dulgherului), Sudori\u0163a (Ecaterina Oproiu: Interviu), Doamna Cezara (I. C. C\u0103tina: Adolescen\u0163ii), Serafima Ilinicina (N. R. Erdman: Sinuciga\u015ful), Tereza (M\u00e9hes Gy\u00f6rgy: 33 de scrisori anonome), Beatriz (Julio Mauricio: Portretele), Doamna Desmermortes (Jean Anoilh: Invita\u0163ia la csatel), Fiokla Ivanova (Gogol: C\u0103s\u0103toria), Tan\u0163i (Aurel Baranga: Interesul general), Tereza Sch\u00f6ner (Paul Everac: Via\u0163a e ca un vagon); Didina (Victor Eftimiu: Fetele Didinei), Ti\u0163a (Tudor Popescu: Milionarul s\u0103rac), Zenobia (L. Rebreanu-M. Sorbul: Ion), Doamna M\u00fcllerova (Jaroslav Hasek: Svejk), Filoftea (Tudor Negoi\u0163\u0103: A \u015faptea necunoscut\u0103), Diana (Al. Galin: C\u0103ut\u0103m so\u0163ie pentru tata), Mariana (Carlo Goldoni: B\u0103d\u0103ranii), Mamy (Robert Thomas: Opt femei), Lidia Gavrilovna (Dostoievskij-Doina Vamo\u015f: Smerita), Safta (V. Ion Popa: Take, Ianke \u015fi Cad\u00e2r), procurorul (I. Radu Dobre Basarab: Testarium), Doica (C. Z\u0103rnescu: Regina Iocasta), Anhusa Tihonovna (Ostrovski: Lupii \u015fi oile), Lady Eleonor (O. Wilde: Fantoma cu bretele), Adelaida (\u00d6rk\u00e9ny I.: Joc de pisici); Caragiale: O noapte furtunoas\u0103, Guvernanta, Bunica, G\u0103ina (Ana Maria Cri\u015fan: \u00cen z\u0103pad\u0103 doarme nemurirea), Doamna R\u0103sf\u0103cuta (W. Shakespeare: M\u0103sur\u0103 pentru m\u0103sur\u0103), Cruche (Boris Vian: Cei care f\u0103uresc imperii), Camerista (Ray Cooney: \u015ei mini\u015ftrii calc\u0103 str\u00e2mb), Albertine la 70 de ani ( M. Tremblay: Albertine, \u00een cinci timpi), Contesa de P\u00e1zm\u00e1ny (Raymund Jean: Job). \u2013 F. m. : <strong>t\u00e1rssz.:<\/strong> Teatrul rom. din TgM 1962\u20132002 (Fodor Zeno, TgM, 2002). <br \/><strong>Irod.:<\/strong> Fodor Zeno; Popescu, Cornel: I. D. (fi\u015f\u0103 de crea\u0163ie) (C. L., 21. sept. 1999); Todea 2013<\/br><\/p>\n","protected":false},"excerpt":{"rendered":"<p>C\u0103l\u0103ra\u015fi, 1932. m\u00e1j. 19., \u2020 ?: sz\u00edn\u00e9szn\u0151. \u2013 Pedag\u00f3giai F\u0151iskol\u00e1t v\u00e9gzett, A Mv. \u00c1llami Sz\u00ednh\u00e1z rom\u00e1n tagozat\u00e1n j\u00e1tszott (1962\u20132000). Calarasi v\u00e1ros d\u00edszpolg\u00e1ra. Mv. Szeniorja, Mv.-i Nemzeti Sz\u00ednh\u00e1z \u00c9rdemdiplom\u00e1j\u00e1t (2000), el\u0151ad\u00f3i d\u00edjat kapott a Contesa Pazmany c. darab f\u0151szerep\u00e9\u00e9rt a sepsiszentgy\u00f6rgyi sz\u00ednh\u00e1zi fesztiv\u00e1lon. \u2013 F. sz.: Md. Lolotte (C. Goldoni: C\u0103s\u0103torie prin concurs); V\u00e2rstnica (Volodin: Sora [&hellip;]<\/p>\n","protected":false},"featured_media":0,"comment_status":"open","ping_status":"closed","template":"","meta":[],"product_brand":[],"product_cat":[137],"product_tag":[],"class_list":{"0":"post-6427","1":"product","2":"type-product","3":"status-publish","5":"product_cat-maros-megyei-eletrajzi-lexikon","7":"first","8":"instock","9":"shipping-taxable","10":"product-type-simple"},"_links":{"self":[{"href":"https:\/\/uj.adatbank.ro\/lexikon\/wp-json\/wp\/v2\/product\/6427","targetHints":{"allow":["GET"]}}],"collection":[{"href":"https:\/\/uj.adatbank.ro\/lexikon\/wp-json\/wp\/v2\/product"}],"about":[{"href":"https:\/\/uj.adatbank.ro\/lexikon\/wp-json\/wp\/v2\/types\/product"}],"replies":[{"embeddable":true,"href":"https:\/\/uj.adatbank.ro\/lexikon\/wp-json\/wp\/v2\/comments?post=6427"}],"wp:attachment":[{"href":"https:\/\/uj.adatbank.ro\/lexikon\/wp-json\/wp\/v2\/media?parent=6427"}],"wp:term":[{"taxonomy":"product_brand","embeddable":true,"href":"https:\/\/uj.adatbank.ro\/lexikon\/wp-json\/wp\/v2\/product_brand?post=6427"},{"taxonomy":"product_cat","embeddable":true,"href":"https:\/\/uj.adatbank.ro\/lexikon\/wp-json\/wp\/v2\/product_cat?post=6427"},{"taxonomy":"product_tag","embeddable":true,"href":"https:\/\/uj.adatbank.ro\/lexikon\/wp-json\/wp\/v2\/product_tag?post=6427"}],"curies":[{"name":"wp","href":"https:\/\/api.w.org\/{rel}","templated":true}]}}