{"id":6429,"date":"2025-06-28T17:52:33","date_gmt":"2025-06-28T15:52:33","guid":{"rendered":"https:\/\/uj.adatbank.ro\/lexikon\/termek\/dajbukat-antal\/"},"modified":"2025-06-28T17:52:33","modified_gmt":"2025-06-28T15:52:33","slug":"dajbukat-antal","status":"publish","type":"product","link":"https:\/\/uj.adatbank.ro\/lexikon\/termek\/dajbukat-antal\/","title":{"rendered":"DAJBUK\u00c1T Antal"},"content":{"rendered":"<p>Mv., 1780., \u2020 Sz\u00e9pv\u00edz, 1862: keresked\u0151. \u2013 D. Jakab \u00e9s L\u00e1z\u00e1r M\u00e1ria fia. Feles\u00e9ge: D\u00e1vid Katalin (1787\u20131856). 10 gyermek\u00fck sz\u00fcletett. <br \/><strong>Irod.:<\/strong> Sz\u00e1va; Sz\u00e1va 2012<\/br><\/p>\n","protected":false},"excerpt":{"rendered":"<p>Mv., 1780., \u2020 Sz\u00e9pv\u00edz, 1862: keresked\u0151. \u2013 D. Jakab \u00e9s L\u00e1z\u00e1r M\u00e1ria fia. Feles\u00e9ge: D\u00e1vid Katalin (1787\u20131856). 10 gyermek\u00fck sz\u00fcletett. Irod.: Sz\u00e1va; Sz\u00e1va 2012<\/p>\n","protected":false},"featured_media":0,"comment_status":"open","ping_status":"closed","template":"","meta":[],"product_brand":[],"product_cat":[137],"product_tag":[],"class_list":{"0":"post-6429","1":"product","2":"type-product","3":"status-publish","5":"product_cat-maros-megyei-eletrajzi-lexikon","7":"first","8":"instock","9":"shipping-taxable","10":"product-type-simple"},"_links":{"self":[{"href":"https:\/\/uj.adatbank.ro\/lexikon\/wp-json\/wp\/v2\/product\/6429","targetHints":{"allow":["GET"]}}],"collection":[{"href":"https:\/\/uj.adatbank.ro\/lexikon\/wp-json\/wp\/v2\/product"}],"about":[{"href":"https:\/\/uj.adatbank.ro\/lexikon\/wp-json\/wp\/v2\/types\/product"}],"replies":[{"embeddable":true,"href":"https:\/\/uj.adatbank.ro\/lexikon\/wp-json\/wp\/v2\/comments?post=6429"}],"wp:attachment":[{"href":"https:\/\/uj.adatbank.ro\/lexikon\/wp-json\/wp\/v2\/media?parent=6429"}],"wp:term":[{"taxonomy":"product_brand","embeddable":true,"href":"https:\/\/uj.adatbank.ro\/lexikon\/wp-json\/wp\/v2\/product_brand?post=6429"},{"taxonomy":"product_cat","embeddable":true,"href":"https:\/\/uj.adatbank.ro\/lexikon\/wp-json\/wp\/v2\/product_cat?post=6429"},{"taxonomy":"product_tag","embeddable":true,"href":"https:\/\/uj.adatbank.ro\/lexikon\/wp-json\/wp\/v2\/product_tag?post=6429"}],"curies":[{"name":"wp","href":"https:\/\/api.w.org\/{rel}","templated":true}]}}