{"id":6430,"date":"2025-06-28T17:52:34","date_gmt":"2025-06-28T15:52:34","guid":{"rendered":"https:\/\/uj.adatbank.ro\/lexikon\/termek\/dajbukat-j-gusztav\/"},"modified":"2025-06-28T17:52:34","modified_gmt":"2025-06-28T15:52:34","slug":"dajbukat-j-gusztav","status":"publish","type":"product","link":"https:\/\/uj.adatbank.ro\/lexikon\/termek\/dajbukat-j-gusztav\/","title":{"rendered":"DAJBUK\u00c1T J. Guszt\u00e1v"},"content":{"rendered":"<p>1847.? \u2020\u00a0Mv., 1880. m\u00e1rc. 10.: gy\u00e1ros. \u2013 Testv\u00e9rei: D. Gergely, Katalin, Emm\u00e1nuel, J\u00e1nos, \u00fcgyv\u00e9d. \u2013 Mv.-en gy\u00e1ros. <br \/><strong>Irod.:<\/strong> Dorn, Alexander: Protokollireten Firmen \u00d6sterreich-Ungarn. (Wien, 1892); Gy\u00e1szjelent.<\/br><\/p>\n","protected":false},"excerpt":{"rendered":"<p>1847.? \u2020\u00a0Mv., 1880. m\u00e1rc. 10.: gy\u00e1ros. \u2013 Testv\u00e9rei: D. Gergely, Katalin, Emm\u00e1nuel, J\u00e1nos, \u00fcgyv\u00e9d. \u2013 Mv.-en gy\u00e1ros. Irod.: Dorn, Alexander: Protokollireten Firmen \u00d6sterreich-Ungarn. (Wien, 1892); Gy\u00e1szjelent.<\/p>\n","protected":false},"featured_media":0,"comment_status":"open","ping_status":"closed","template":"","meta":[],"product_brand":[],"product_cat":[137],"product_tag":[],"class_list":{"0":"post-6430","1":"product","2":"type-product","3":"status-publish","5":"product_cat-maros-megyei-eletrajzi-lexikon","7":"first","8":"instock","9":"shipping-taxable","10":"product-type-simple"},"_links":{"self":[{"href":"https:\/\/uj.adatbank.ro\/lexikon\/wp-json\/wp\/v2\/product\/6430","targetHints":{"allow":["GET"]}}],"collection":[{"href":"https:\/\/uj.adatbank.ro\/lexikon\/wp-json\/wp\/v2\/product"}],"about":[{"href":"https:\/\/uj.adatbank.ro\/lexikon\/wp-json\/wp\/v2\/types\/product"}],"replies":[{"embeddable":true,"href":"https:\/\/uj.adatbank.ro\/lexikon\/wp-json\/wp\/v2\/comments?post=6430"}],"wp:attachment":[{"href":"https:\/\/uj.adatbank.ro\/lexikon\/wp-json\/wp\/v2\/media?parent=6430"}],"wp:term":[{"taxonomy":"product_brand","embeddable":true,"href":"https:\/\/uj.adatbank.ro\/lexikon\/wp-json\/wp\/v2\/product_brand?post=6430"},{"taxonomy":"product_cat","embeddable":true,"href":"https:\/\/uj.adatbank.ro\/lexikon\/wp-json\/wp\/v2\/product_cat?post=6430"},{"taxonomy":"product_tag","embeddable":true,"href":"https:\/\/uj.adatbank.ro\/lexikon\/wp-json\/wp\/v2\/product_tag?post=6430"}],"curies":[{"name":"wp","href":"https:\/\/api.w.org\/{rel}","templated":true}]}}