{"id":6431,"date":"2025-06-28T17:52:36","date_gmt":"2025-06-28T15:52:36","guid":{"rendered":"https:\/\/uj.adatbank.ro\/lexikon\/termek\/dajbukat-jakab\/"},"modified":"2025-06-28T17:52:36","modified_gmt":"2025-06-28T15:52:36","slug":"dajbukat-jakab","status":"publish","type":"product","link":"https:\/\/uj.adatbank.ro\/lexikon\/termek\/dajbukat-jakab\/","title":{"rendered":"DAJBUK\u00c1T Jakab"},"content":{"rendered":"<p>Sz\u00e9pv\u00edz, 1745., \u2020\u00a0Mv., 1820. k.: keresked\u0151. \u2013 D. Jakab \u00e9s Akrih\u00e1mon Izidora fia. Feles\u00e9ge: L\u00e1z\u00e1r M\u00e1ria (1756-?). Gyermekei: Katalin (Mv., 1782\u201382); Bogd\u00e1n (Mv., 1884-: ?); M\u00e1ria Nurids\u00e1ny Antaln\u00e9 (1766-?); Antal (1780\u20131862), mv.-i keresked\u0151, feles\u00e9ge: D\u00e1vid Katalin (1787\u20131856). <br \/><strong>Irod.:<\/strong> Sz\u00e1va 2012<\/br><\/p>\n","protected":false},"excerpt":{"rendered":"<p>Sz\u00e9pv\u00edz, 1745., \u2020\u00a0Mv., 1820. k.: keresked\u0151. \u2013 D. Jakab \u00e9s Akrih\u00e1mon Izidora fia. Feles\u00e9ge: L\u00e1z\u00e1r M\u00e1ria (1756-?). Gyermekei: Katalin (Mv., 1782\u201382); Bogd\u00e1n (Mv., 1884-: ?); M\u00e1ria Nurids\u00e1ny Antaln\u00e9 (1766-?); Antal (1780\u20131862), mv.-i keresked\u0151, feles\u00e9ge: D\u00e1vid Katalin (1787\u20131856). Irod.: Sz\u00e1va 2012<\/p>\n","protected":false},"featured_media":0,"comment_status":"open","ping_status":"closed","template":"","meta":[],"product_brand":[],"product_cat":[137],"product_tag":[],"class_list":{"0":"post-6431","1":"product","2":"type-product","3":"status-publish","5":"product_cat-maros-megyei-eletrajzi-lexikon","7":"first","8":"instock","9":"shipping-taxable","10":"product-type-simple"},"_links":{"self":[{"href":"https:\/\/uj.adatbank.ro\/lexikon\/wp-json\/wp\/v2\/product\/6431","targetHints":{"allow":["GET"]}}],"collection":[{"href":"https:\/\/uj.adatbank.ro\/lexikon\/wp-json\/wp\/v2\/product"}],"about":[{"href":"https:\/\/uj.adatbank.ro\/lexikon\/wp-json\/wp\/v2\/types\/product"}],"replies":[{"embeddable":true,"href":"https:\/\/uj.adatbank.ro\/lexikon\/wp-json\/wp\/v2\/comments?post=6431"}],"wp:attachment":[{"href":"https:\/\/uj.adatbank.ro\/lexikon\/wp-json\/wp\/v2\/media?parent=6431"}],"wp:term":[{"taxonomy":"product_brand","embeddable":true,"href":"https:\/\/uj.adatbank.ro\/lexikon\/wp-json\/wp\/v2\/product_brand?post=6431"},{"taxonomy":"product_cat","embeddable":true,"href":"https:\/\/uj.adatbank.ro\/lexikon\/wp-json\/wp\/v2\/product_cat?post=6431"},{"taxonomy":"product_tag","embeddable":true,"href":"https:\/\/uj.adatbank.ro\/lexikon\/wp-json\/wp\/v2\/product_tag?post=6431"}],"curies":[{"name":"wp","href":"https:\/\/api.w.org\/{rel}","templated":true}]}}