{"id":6432,"date":"2025-06-28T17:52:38","date_gmt":"2025-06-28T15:52:38","guid":{"rendered":"https:\/\/uj.adatbank.ro\/lexikon\/termek\/dako-istvan-vadasdi\/"},"modified":"2025-06-28T17:52:38","modified_gmt":"2025-06-28T15:52:38","slug":"dako-istvan-vadasdi","status":"publish","type":"product","link":"https:\/\/uj.adatbank.ro\/lexikon\/termek\/dako-istvan-vadasdi\/","title":{"rendered":"DAK\u00d3 Istv\u00e1n, vadasdi"},"content":{"rendered":"<p>? \u2020\u00a0? : nemes. \u2013 B\u00e1thory Zsigmond nemesi c\u00edmert \u00e9s c\u00edmet adom\u00e1nyozott neki, a fejedelem mellett \u00e9s Kornis Mih\u00e1ly szolg\u00e1lat\u00e1ban szerzett \u00e9rdemei\u00e9rt (1602. m\u00e1j. 10). A Vadasdon l\u00e9v\u0151 h\u00e1z\u00e1t mentes\u00edtette minden ad\u00f3 al\u00f3l. <br \/><strong>Irod.:<\/strong> S\u00e1ndor Imre<\/br><\/p>\n","protected":false},"excerpt":{"rendered":"<p>? \u2020\u00a0? : nemes. \u2013 B\u00e1thory Zsigmond nemesi c\u00edmert \u00e9s c\u00edmet adom\u00e1nyozott neki, a fejedelem mellett \u00e9s Kornis Mih\u00e1ly szolg\u00e1lat\u00e1ban szerzett \u00e9rdemei\u00e9rt (1602. m\u00e1j. 10). A Vadasdon l\u00e9v\u0151 h\u00e1z\u00e1t mentes\u00edtette minden ad\u00f3 al\u00f3l. Irod.: S\u00e1ndor Imre<\/p>\n","protected":false},"featured_media":0,"comment_status":"open","ping_status":"closed","template":"","meta":[],"product_brand":[],"product_cat":[137],"product_tag":[],"class_list":{"0":"post-6432","1":"product","2":"type-product","3":"status-publish","5":"product_cat-maros-megyei-eletrajzi-lexikon","7":"first","8":"instock","9":"shipping-taxable","10":"product-type-simple"},"_links":{"self":[{"href":"https:\/\/uj.adatbank.ro\/lexikon\/wp-json\/wp\/v2\/product\/6432","targetHints":{"allow":["GET"]}}],"collection":[{"href":"https:\/\/uj.adatbank.ro\/lexikon\/wp-json\/wp\/v2\/product"}],"about":[{"href":"https:\/\/uj.adatbank.ro\/lexikon\/wp-json\/wp\/v2\/types\/product"}],"replies":[{"embeddable":true,"href":"https:\/\/uj.adatbank.ro\/lexikon\/wp-json\/wp\/v2\/comments?post=6432"}],"wp:attachment":[{"href":"https:\/\/uj.adatbank.ro\/lexikon\/wp-json\/wp\/v2\/media?parent=6432"}],"wp:term":[{"taxonomy":"product_brand","embeddable":true,"href":"https:\/\/uj.adatbank.ro\/lexikon\/wp-json\/wp\/v2\/product_brand?post=6432"},{"taxonomy":"product_cat","embeddable":true,"href":"https:\/\/uj.adatbank.ro\/lexikon\/wp-json\/wp\/v2\/product_cat?post=6432"},{"taxonomy":"product_tag","embeddable":true,"href":"https:\/\/uj.adatbank.ro\/lexikon\/wp-json\/wp\/v2\/product_tag?post=6432"}],"curies":[{"name":"wp","href":"https:\/\/api.w.org\/{rel}","templated":true}]}}