{"id":6438,"date":"2025-06-28T17:52:53","date_gmt":"2025-06-28T15:52:53","guid":{"rendered":"https:\/\/uj.adatbank.ro\/lexikon\/termek\/dali-istvan-szoverdi-2\/"},"modified":"2025-06-28T17:52:53","modified_gmt":"2025-06-28T15:52:53","slug":"dali-istvan-szoverdi-2","status":"publish","type":"product","link":"https:\/\/uj.adatbank.ro\/lexikon\/termek\/dali-istvan-szoverdi-2\/","title":{"rendered":"DALI Istv\u00e1n, sz\u00f6v\u00e9rdi"},"content":{"rendered":"<p>Sz\u00e1szcs\u00e1v\u00e1s, 1848., \u2020\u00a0? : ref. lelk\u00e9sz. \u2013 D. Istv\u00e1n \u00e9s Fazekas Katalin fia. Feles\u00e9ge: G\u00f3lya Julianna. Fi\u00fak: Gyula. \u2013 Apj\u00e1t k\u00f6vette a cs\u00e1v\u00e1si ref. templom papi sz\u00e9k\u00e9ben. (1870\u20131903). Neves sz\u00f3nok volt, \u0151 k\u00f6sz\u00f6nt\u00f6tte a vonaton Dics\u0151szentm\u00e1rtonba \u00e9rkez\u0151 Tisza Istv\u00e1nt. Tragikus hal\u00e1la volt. <br \/><strong>Irod.:<\/strong> Cs\u00e1v\u00e1s; Cs\u00e1v\u00e1si eml\u00e9kk\u00f6nyv; K\u00fck\u00fcll\u0151i Ref. Egyh\u00e1zm. 1.<\/br><\/p>\n","protected":false},"excerpt":{"rendered":"<p>Sz\u00e1szcs\u00e1v\u00e1s, 1848., \u2020\u00a0? : ref. lelk\u00e9sz. \u2013 D. Istv\u00e1n \u00e9s Fazekas Katalin fia. Feles\u00e9ge: G\u00f3lya Julianna. Fi\u00fak: Gyula. \u2013 Apj\u00e1t k\u00f6vette a cs\u00e1v\u00e1si ref. templom papi sz\u00e9k\u00e9ben. (1870\u20131903). Neves sz\u00f3nok volt, \u0151 k\u00f6sz\u00f6nt\u00f6tte a vonaton Dics\u0151szentm\u00e1rtonba \u00e9rkez\u0151 Tisza Istv\u00e1nt. Tragikus hal\u00e1la volt. Irod.: Cs\u00e1v\u00e1s; Cs\u00e1v\u00e1si eml\u00e9kk\u00f6nyv; K\u00fck\u00fcll\u0151i Ref. Egyh\u00e1zm. 1.<\/p>\n","protected":false},"featured_media":0,"comment_status":"open","ping_status":"closed","template":"","meta":[],"product_brand":[],"product_cat":[137],"product_tag":[],"class_list":{"0":"post-6438","1":"product","2":"type-product","3":"status-publish","5":"product_cat-maros-megyei-eletrajzi-lexikon","7":"first","8":"instock","9":"shipping-taxable","10":"product-type-simple"},"_links":{"self":[{"href":"https:\/\/uj.adatbank.ro\/lexikon\/wp-json\/wp\/v2\/product\/6438","targetHints":{"allow":["GET"]}}],"collection":[{"href":"https:\/\/uj.adatbank.ro\/lexikon\/wp-json\/wp\/v2\/product"}],"about":[{"href":"https:\/\/uj.adatbank.ro\/lexikon\/wp-json\/wp\/v2\/types\/product"}],"replies":[{"embeddable":true,"href":"https:\/\/uj.adatbank.ro\/lexikon\/wp-json\/wp\/v2\/comments?post=6438"}],"wp:attachment":[{"href":"https:\/\/uj.adatbank.ro\/lexikon\/wp-json\/wp\/v2\/media?parent=6438"}],"wp:term":[{"taxonomy":"product_brand","embeddable":true,"href":"https:\/\/uj.adatbank.ro\/lexikon\/wp-json\/wp\/v2\/product_brand?post=6438"},{"taxonomy":"product_cat","embeddable":true,"href":"https:\/\/uj.adatbank.ro\/lexikon\/wp-json\/wp\/v2\/product_cat?post=6438"},{"taxonomy":"product_tag","embeddable":true,"href":"https:\/\/uj.adatbank.ro\/lexikon\/wp-json\/wp\/v2\/product_tag?post=6438"}],"curies":[{"name":"wp","href":"https:\/\/api.w.org\/{rel}","templated":true}]}}