{"id":6439,"date":"2025-06-28T17:52:54","date_gmt":"2025-06-28T15:52:54","guid":{"rendered":"https:\/\/uj.adatbank.ro\/lexikon\/termek\/dali-janos-majoshegyi-es-szoverdi\/"},"modified":"2025-06-28T17:52:54","modified_gmt":"2025-06-28T15:52:54","slug":"dali-janos-majoshegyi-es-szoverdi","status":"publish","type":"product","link":"https:\/\/uj.adatbank.ro\/lexikon\/termek\/dali-janos-majoshegyi-es-szoverdi\/","title":{"rendered":"DALI J\u00e1nos, majoshegyi \u00e9s sz\u00f6v\u00e9rdi"},"content":{"rendered":"<p>1839.? \u2020 K\u00e1poszt\u00e1sszentmikl\u00f3s, 1902. okt. 19.: ref. lelk\u00e9sz. \u2013 Testv\u00e9rei: Johanka; Istv\u00e1n; Jol\u00e1n Kakasi M\u00e1rtonn\u00e9. Feles\u00e9ge: Csom\u00f3s Ilka. Gyermekeik: Irma Veress K\u00e1rolyn\u00e9; Ilus, if. V\u00e1lyi J\u00e1nosn\u00e9; Zolt\u00e1n, Emma \u00e9s R\u00f3za (\u2020 Uzdiszentp\u00e9ter, 1901. dec. 11.). -K\u00e1poszt\u00e1sszentmikl\u00f3son ref. pap, a marosi ref. egyh\u00e1zmegyei f\u0151jegyz\u0151. <br \/><strong>Irod.:<\/strong> Gy\u00e1szjelent.; P\u00e1lmay<\/br><\/p>\n","protected":false},"excerpt":{"rendered":"<p>1839.? \u2020 K\u00e1poszt\u00e1sszentmikl\u00f3s, 1902. okt. 19.: ref. lelk\u00e9sz. \u2013 Testv\u00e9rei: Johanka; Istv\u00e1n; Jol\u00e1n Kakasi M\u00e1rtonn\u00e9. Feles\u00e9ge: Csom\u00f3s Ilka. Gyermekeik: Irma Veress K\u00e1rolyn\u00e9; Ilus, if. V\u00e1lyi J\u00e1nosn\u00e9; Zolt\u00e1n, Emma \u00e9s R\u00f3za (\u2020 Uzdiszentp\u00e9ter, 1901. dec. 11.). -K\u00e1poszt\u00e1sszentmikl\u00f3son ref. pap, a marosi ref. egyh\u00e1zmegyei f\u0151jegyz\u0151. Irod.: Gy\u00e1szjelent.; P\u00e1lmay<\/p>\n","protected":false},"featured_media":0,"comment_status":"open","ping_status":"closed","template":"","meta":[],"product_brand":[],"product_cat":[137],"product_tag":[],"class_list":{"0":"post-6439","1":"product","2":"type-product","3":"status-publish","5":"product_cat-maros-megyei-eletrajzi-lexikon","7":"first","8":"instock","9":"shipping-taxable","10":"product-type-simple"},"_links":{"self":[{"href":"https:\/\/uj.adatbank.ro\/lexikon\/wp-json\/wp\/v2\/product\/6439","targetHints":{"allow":["GET"]}}],"collection":[{"href":"https:\/\/uj.adatbank.ro\/lexikon\/wp-json\/wp\/v2\/product"}],"about":[{"href":"https:\/\/uj.adatbank.ro\/lexikon\/wp-json\/wp\/v2\/types\/product"}],"replies":[{"embeddable":true,"href":"https:\/\/uj.adatbank.ro\/lexikon\/wp-json\/wp\/v2\/comments?post=6439"}],"wp:attachment":[{"href":"https:\/\/uj.adatbank.ro\/lexikon\/wp-json\/wp\/v2\/media?parent=6439"}],"wp:term":[{"taxonomy":"product_brand","embeddable":true,"href":"https:\/\/uj.adatbank.ro\/lexikon\/wp-json\/wp\/v2\/product_brand?post=6439"},{"taxonomy":"product_cat","embeddable":true,"href":"https:\/\/uj.adatbank.ro\/lexikon\/wp-json\/wp\/v2\/product_cat?post=6439"},{"taxonomy":"product_tag","embeddable":true,"href":"https:\/\/uj.adatbank.ro\/lexikon\/wp-json\/wp\/v2\/product_tag?post=6439"}],"curies":[{"name":"wp","href":"https:\/\/api.w.org\/{rel}","templated":true}]}}