{"id":6444,"date":"2025-06-28T17:53:07","date_gmt":"2025-06-28T15:53:07","guid":{"rendered":"https:\/\/uj.adatbank.ro\/lexikon\/termek\/dallyai-k-mihaly\/"},"modified":"2025-06-28T17:53:07","modified_gmt":"2025-06-28T15:53:07","slug":"dallyai-k-mihaly","status":"publish","type":"product","link":"https:\/\/uj.adatbank.ro\/lexikon\/termek\/dallyai-k-mihaly\/","title":{"rendered":"D\u00c1LLYAI K. Mih\u00e1ly"},"content":{"rendered":"<p>? \u2020\u00a0? : ref. lelk\u00e9sz. \u2013 Magyarkir\u00e1lyfalv\u00e1n (1669\u201376), Balav\u00e1s\u00e1ron lelk\u00e9sz (1677), majd Mar\u00f3scsap\u00f3n szolg\u00e1lt (1680\u201387). <br \/><strong>Irod.:<\/strong> K\u00fck\u00fcll\u0151i Ref. Egyh\u00e1zm. 1., 3., 4.<\/br><\/p>\n","protected":false},"excerpt":{"rendered":"<p>? \u2020\u00a0? : ref. lelk\u00e9sz. \u2013 Magyarkir\u00e1lyfalv\u00e1n (1669\u201376), Balav\u00e1s\u00e1ron lelk\u00e9sz (1677), majd Mar\u00f3scsap\u00f3n szolg\u00e1lt (1680\u201387). Irod.: K\u00fck\u00fcll\u0151i Ref. Egyh\u00e1zm. 1., 3., 4.<\/p>\n","protected":false},"featured_media":0,"comment_status":"open","ping_status":"closed","template":"","meta":[],"product_brand":[],"product_cat":[137],"product_tag":[],"class_list":{"0":"post-6444","1":"product","2":"type-product","3":"status-publish","5":"product_cat-maros-megyei-eletrajzi-lexikon","7":"first","8":"instock","9":"shipping-taxable","10":"product-type-simple"},"_links":{"self":[{"href":"https:\/\/uj.adatbank.ro\/lexikon\/wp-json\/wp\/v2\/product\/6444","targetHints":{"allow":["GET"]}}],"collection":[{"href":"https:\/\/uj.adatbank.ro\/lexikon\/wp-json\/wp\/v2\/product"}],"about":[{"href":"https:\/\/uj.adatbank.ro\/lexikon\/wp-json\/wp\/v2\/types\/product"}],"replies":[{"embeddable":true,"href":"https:\/\/uj.adatbank.ro\/lexikon\/wp-json\/wp\/v2\/comments?post=6444"}],"wp:attachment":[{"href":"https:\/\/uj.adatbank.ro\/lexikon\/wp-json\/wp\/v2\/media?parent=6444"}],"wp:term":[{"taxonomy":"product_brand","embeddable":true,"href":"https:\/\/uj.adatbank.ro\/lexikon\/wp-json\/wp\/v2\/product_brand?post=6444"},{"taxonomy":"product_cat","embeddable":true,"href":"https:\/\/uj.adatbank.ro\/lexikon\/wp-json\/wp\/v2\/product_cat?post=6444"},{"taxonomy":"product_tag","embeddable":true,"href":"https:\/\/uj.adatbank.ro\/lexikon\/wp-json\/wp\/v2\/product_tag?post=6444"}],"curies":[{"name":"wp","href":"https:\/\/api.w.org\/{rel}","templated":true}]}}