{"id":6445,"date":"2025-06-28T17:53:08","date_gmt":"2025-06-28T15:53:08","guid":{"rendered":"https:\/\/uj.adatbank.ro\/lexikon\/termek\/dallyai-vas-gyorgy\/"},"modified":"2025-06-28T17:53:08","modified_gmt":"2025-06-28T15:53:08","slug":"dallyai-vas-gyorgy","status":"publish","type":"product","link":"https:\/\/uj.adatbank.ro\/lexikon\/termek\/dallyai-vas-gyorgy\/","title":{"rendered":"D\u00c1LLYAI Vas Gy\u00f6rgy"},"content":{"rendered":"<p>? \u2020\u00a0? : ref. lelk\u00e9sz. \u2013 Nagyenyeden subscrib\u00e1lt (1719). Lelk\u00e9sz volt Bartsai Zsigmond udvar\u00e1ban. Franekerben peregrin\u00e1lt (1728). Nagyteremiben szolg\u00e1lt (1733\u201355), majd Lukafalv\u00e1n (1758\u201369). <br \/><strong>Irod.:<\/strong> K\u00fck\u00fcll\u0151i Ref. Egyh\u00e1zm. 4.<\/br><\/p>\n","protected":false},"excerpt":{"rendered":"<p>? \u2020\u00a0? : ref. lelk\u00e9sz. \u2013 Nagyenyeden subscrib\u00e1lt (1719). Lelk\u00e9sz volt Bartsai Zsigmond udvar\u00e1ban. Franekerben peregrin\u00e1lt (1728). Nagyteremiben szolg\u00e1lt (1733\u201355), majd Lukafalv\u00e1n (1758\u201369). Irod.: K\u00fck\u00fcll\u0151i Ref. Egyh\u00e1zm. 4.<\/p>\n","protected":false},"featured_media":0,"comment_status":"open","ping_status":"closed","template":"","meta":[],"product_brand":[],"product_cat":[137],"product_tag":[],"class_list":{"0":"post-6445","1":"product","2":"type-product","3":"status-publish","5":"product_cat-maros-megyei-eletrajzi-lexikon","7":"first","8":"instock","9":"shipping-taxable","10":"product-type-simple"},"_links":{"self":[{"href":"https:\/\/uj.adatbank.ro\/lexikon\/wp-json\/wp\/v2\/product\/6445","targetHints":{"allow":["GET"]}}],"collection":[{"href":"https:\/\/uj.adatbank.ro\/lexikon\/wp-json\/wp\/v2\/product"}],"about":[{"href":"https:\/\/uj.adatbank.ro\/lexikon\/wp-json\/wp\/v2\/types\/product"}],"replies":[{"embeddable":true,"href":"https:\/\/uj.adatbank.ro\/lexikon\/wp-json\/wp\/v2\/comments?post=6445"}],"wp:attachment":[{"href":"https:\/\/uj.adatbank.ro\/lexikon\/wp-json\/wp\/v2\/media?parent=6445"}],"wp:term":[{"taxonomy":"product_brand","embeddable":true,"href":"https:\/\/uj.adatbank.ro\/lexikon\/wp-json\/wp\/v2\/product_brand?post=6445"},{"taxonomy":"product_cat","embeddable":true,"href":"https:\/\/uj.adatbank.ro\/lexikon\/wp-json\/wp\/v2\/product_cat?post=6445"},{"taxonomy":"product_tag","embeddable":true,"href":"https:\/\/uj.adatbank.ro\/lexikon\/wp-json\/wp\/v2\/product_tag?post=6445"}],"curies":[{"name":"wp","href":"https:\/\/api.w.org\/{rel}","templated":true}]}}