{"id":6447,"date":"2025-06-28T17:53:12","date_gmt":"2025-06-28T15:53:12","guid":{"rendered":"https:\/\/uj.adatbank.ro\/lexikon\/termek\/dalnoki-veress-demeter\/"},"modified":"2025-06-28T17:53:12","modified_gmt":"2025-06-28T15:53:12","slug":"dalnoki-veress-demeter","status":"publish","type":"product","link":"https:\/\/uj.adatbank.ro\/lexikon\/termek\/dalnoki-veress-demeter\/","title":{"rendered":"D\u00c1LNOKI (VERESS) Demeter"},"content":{"rendered":"<p>? \u2020\u00a0? : ref. lelk\u00e9sz. \u2013 Kv.-on tanult. Groningenben (1730) peregrin\u00e1lt. B\u00e1nff\u00ed Gy\u00f6rgy udvar\u00e1ban, M\u00e1ramarosszigeten (1738\u2013), Bethlenszentmikl\u00f3son (1747\u201350), k\u00e9s\u0151bb Harangl\u00e1bon (1750\u201368) volt lelk\u00e9sz. <br \/><strong>Irod.:<\/strong> K\u00fck\u00fcll\u0151i Ref. Egyh\u00e1zm. 1., 2.<\/br><\/p>\n","protected":false},"excerpt":{"rendered":"<p>? \u2020\u00a0? : ref. lelk\u00e9sz. \u2013 Kv.-on tanult. Groningenben (1730) peregrin\u00e1lt. B\u00e1nff\u00ed Gy\u00f6rgy udvar\u00e1ban, M\u00e1ramarosszigeten (1738\u2013), Bethlenszentmikl\u00f3son (1747\u201350), k\u00e9s\u0151bb Harangl\u00e1bon (1750\u201368) volt lelk\u00e9sz. Irod.: K\u00fck\u00fcll\u0151i Ref. Egyh\u00e1zm. 1., 2.<\/p>\n","protected":false},"featured_media":0,"comment_status":"open","ping_status":"closed","template":"","meta":[],"product_brand":[],"product_cat":[137],"product_tag":[],"class_list":{"0":"post-6447","1":"product","2":"type-product","3":"status-publish","5":"product_cat-maros-megyei-eletrajzi-lexikon","7":"first","8":"instock","9":"shipping-taxable","10":"product-type-simple"},"_links":{"self":[{"href":"https:\/\/uj.adatbank.ro\/lexikon\/wp-json\/wp\/v2\/product\/6447","targetHints":{"allow":["GET"]}}],"collection":[{"href":"https:\/\/uj.adatbank.ro\/lexikon\/wp-json\/wp\/v2\/product"}],"about":[{"href":"https:\/\/uj.adatbank.ro\/lexikon\/wp-json\/wp\/v2\/types\/product"}],"replies":[{"embeddable":true,"href":"https:\/\/uj.adatbank.ro\/lexikon\/wp-json\/wp\/v2\/comments?post=6447"}],"wp:attachment":[{"href":"https:\/\/uj.adatbank.ro\/lexikon\/wp-json\/wp\/v2\/media?parent=6447"}],"wp:term":[{"taxonomy":"product_brand","embeddable":true,"href":"https:\/\/uj.adatbank.ro\/lexikon\/wp-json\/wp\/v2\/product_brand?post=6447"},{"taxonomy":"product_cat","embeddable":true,"href":"https:\/\/uj.adatbank.ro\/lexikon\/wp-json\/wp\/v2\/product_cat?post=6447"},{"taxonomy":"product_tag","embeddable":true,"href":"https:\/\/uj.adatbank.ro\/lexikon\/wp-json\/wp\/v2\/product_tag?post=6447"}],"curies":[{"name":"wp","href":"https:\/\/api.w.org\/{rel}","templated":true}]}}