{"id":6448,"date":"2025-06-28T17:53:14","date_gmt":"2025-06-28T15:53:14","guid":{"rendered":"https:\/\/uj.adatbank.ro\/lexikon\/termek\/dalnoki-gyorgy\/"},"modified":"2025-06-28T17:53:14","modified_gmt":"2025-06-28T15:53:14","slug":"dalnoki-gyorgy","status":"publish","type":"product","link":"https:\/\/uj.adatbank.ro\/lexikon\/termek\/dalnoki-gyorgy\/","title":{"rendered":"D\u00c1LNOKI Gy\u00f6rgy"},"content":{"rendered":"<p>? \u2020\u00a0? : ref. lelk\u00e9sz. \u2013 Nagykenden m\u0171k\u00f6d\u00f6tt (1648 k.), majd Radn\u00f3ton (1650, 1653.) \u00e9s Balav\u00e1s\u00e1ron lelk\u00e9sz (1650\u201353). <br \/><strong>Irod.:<\/strong> Cs\u00e1v\u00e1s; K\u00fck\u00fcll\u0151i Ref. Egyh\u00e1zm. 1., 4.<\/br><\/p>\n","protected":false},"excerpt":{"rendered":"<p>? \u2020\u00a0? : ref. lelk\u00e9sz. \u2013 Nagykenden m\u0171k\u00f6d\u00f6tt (1648 k.), majd Radn\u00f3ton (1650, 1653.) \u00e9s Balav\u00e1s\u00e1ron lelk\u00e9sz (1650\u201353). Irod.: Cs\u00e1v\u00e1s; K\u00fck\u00fcll\u0151i Ref. Egyh\u00e1zm. 1., 4.<\/p>\n","protected":false},"featured_media":0,"comment_status":"open","ping_status":"closed","template":"","meta":[],"product_brand":[],"product_cat":[137],"product_tag":[],"class_list":{"0":"post-6448","1":"product","2":"type-product","3":"status-publish","5":"product_cat-maros-megyei-eletrajzi-lexikon","7":"first","8":"instock","9":"shipping-taxable","10":"product-type-simple"},"_links":{"self":[{"href":"https:\/\/uj.adatbank.ro\/lexikon\/wp-json\/wp\/v2\/product\/6448","targetHints":{"allow":["GET"]}}],"collection":[{"href":"https:\/\/uj.adatbank.ro\/lexikon\/wp-json\/wp\/v2\/product"}],"about":[{"href":"https:\/\/uj.adatbank.ro\/lexikon\/wp-json\/wp\/v2\/types\/product"}],"replies":[{"embeddable":true,"href":"https:\/\/uj.adatbank.ro\/lexikon\/wp-json\/wp\/v2\/comments?post=6448"}],"wp:attachment":[{"href":"https:\/\/uj.adatbank.ro\/lexikon\/wp-json\/wp\/v2\/media?parent=6448"}],"wp:term":[{"taxonomy":"product_brand","embeddable":true,"href":"https:\/\/uj.adatbank.ro\/lexikon\/wp-json\/wp\/v2\/product_brand?post=6448"},{"taxonomy":"product_cat","embeddable":true,"href":"https:\/\/uj.adatbank.ro\/lexikon\/wp-json\/wp\/v2\/product_cat?post=6448"},{"taxonomy":"product_tag","embeddable":true,"href":"https:\/\/uj.adatbank.ro\/lexikon\/wp-json\/wp\/v2\/product_tag?post=6448"}],"curies":[{"name":"wp","href":"https:\/\/api.w.org\/{rel}","templated":true}]}}