{"id":6449,"date":"2025-06-28T17:53:16","date_gmt":"2025-06-28T15:53:16","guid":{"rendered":"https:\/\/uj.adatbank.ro\/lexikon\/termek\/dalnoki-istvan\/"},"modified":"2025-06-28T17:53:16","modified_gmt":"2025-06-28T15:53:16","slug":"dalnoki-istvan","status":"publish","type":"product","link":"https:\/\/uj.adatbank.ro\/lexikon\/termek\/dalnoki-istvan\/","title":{"rendered":"D\u00c1LNOKI Istv\u00e1n"},"content":{"rendered":"<p>? \u2020\u00a0? : ref. lelk\u00e9sz. \u2013 Val\u00f3sz\u00edn\u00fcleg a H\u00e9derf\u00e1j\u00e1n szolg\u00e1l\u00f3 D\u00e1lnoki B\u00e1lintnak a lesz\u00e1rmazottja. Mv.-en subscrib\u00e1lt (1684). Bonyh\u00e1n (1686\u201389), H\u00e9derf\u00e1j\u00e1n (1692\u201393), Mez\u0151cs\u00e1v\u00e1son (1696\u20131700) \u00e9s Boldogfalv\u00e1n (1701\u201303) szolg\u00e1lt. <br \/><strong>Irod.:<\/strong> Bonyha \u00e9s egyh\u00e1za; K\u00fck\u00fcll\u0151i Ref. Egyh\u00e1zm. 1., 2.<\/br><\/p>\n","protected":false},"excerpt":{"rendered":"<p>? \u2020\u00a0? : ref. lelk\u00e9sz. \u2013 Val\u00f3sz\u00edn\u00fcleg a H\u00e9derf\u00e1j\u00e1n szolg\u00e1l\u00f3 D\u00e1lnoki B\u00e1lintnak a lesz\u00e1rmazottja. Mv.-en subscrib\u00e1lt (1684). Bonyh\u00e1n (1686\u201389), H\u00e9derf\u00e1j\u00e1n (1692\u201393), Mez\u0151cs\u00e1v\u00e1son (1696\u20131700) \u00e9s Boldogfalv\u00e1n (1701\u201303) szolg\u00e1lt. Irod.: Bonyha \u00e9s egyh\u00e1za; K\u00fck\u00fcll\u0151i Ref. Egyh\u00e1zm. 1., 2.<\/p>\n","protected":false},"featured_media":0,"comment_status":"open","ping_status":"closed","template":"","meta":[],"product_brand":[],"product_cat":[137],"product_tag":[],"class_list":{"0":"post-6449","1":"product","2":"type-product","3":"status-publish","5":"product_cat-maros-megyei-eletrajzi-lexikon","7":"first","8":"instock","9":"shipping-taxable","10":"product-type-simple"},"_links":{"self":[{"href":"https:\/\/uj.adatbank.ro\/lexikon\/wp-json\/wp\/v2\/product\/6449","targetHints":{"allow":["GET"]}}],"collection":[{"href":"https:\/\/uj.adatbank.ro\/lexikon\/wp-json\/wp\/v2\/product"}],"about":[{"href":"https:\/\/uj.adatbank.ro\/lexikon\/wp-json\/wp\/v2\/types\/product"}],"replies":[{"embeddable":true,"href":"https:\/\/uj.adatbank.ro\/lexikon\/wp-json\/wp\/v2\/comments?post=6449"}],"wp:attachment":[{"href":"https:\/\/uj.adatbank.ro\/lexikon\/wp-json\/wp\/v2\/media?parent=6449"}],"wp:term":[{"taxonomy":"product_brand","embeddable":true,"href":"https:\/\/uj.adatbank.ro\/lexikon\/wp-json\/wp\/v2\/product_brand?post=6449"},{"taxonomy":"product_cat","embeddable":true,"href":"https:\/\/uj.adatbank.ro\/lexikon\/wp-json\/wp\/v2\/product_cat?post=6449"},{"taxonomy":"product_tag","embeddable":true,"href":"https:\/\/uj.adatbank.ro\/lexikon\/wp-json\/wp\/v2\/product_tag?post=6449"}],"curies":[{"name":"wp","href":"https:\/\/api.w.org\/{rel}","templated":true}]}}