{"id":6450,"date":"2025-06-28T17:53:17","date_gmt":"2025-06-28T15:53:17","guid":{"rendered":"https:\/\/uj.adatbank.ro\/lexikon\/termek\/dalnoki-istvan-2\/"},"modified":"2025-06-28T17:53:17","modified_gmt":"2025-06-28T15:53:17","slug":"dalnoki-istvan-2","status":"publish","type":"product","link":"https:\/\/uj.adatbank.ro\/lexikon\/termek\/dalnoki-istvan-2\/","title":{"rendered":"D\u00c1LNOKI Istv\u00e1n"},"content":{"rendered":"<p>? \u2020\u00a0? : unit. lelk\u00e9sz. \u2013 Ny\u00e1r\u00e1dszentl\u00e1szl\u00f3i unit egyh\u00e1z lelk\u00e9sze (1686\u201393), a vargyasi zsinaton esperess\u00e9 v\u00e1lsztott\u00e1k (1693. m\u00e1j. 31. \u2013), majd Szentgeric\u00e9n szolg\u00e1lt (1709). A ny\u00e1r\u00e1dszentl\u00e1szl\u00f3i zsinaton mentett\u00e9k fel \u00f6reg kora miatt (1717. j\u00fan. 20.). <br \/><strong>Irod.:<\/strong> K\u00e9nosi-Uzoni 2.; Ny\u00e1r\u00e1dszentl\u00e1szl\u00f3; Szentgerice<\/br><\/p>\n","protected":false},"excerpt":{"rendered":"<p>? \u2020\u00a0? : unit. lelk\u00e9sz. \u2013 Ny\u00e1r\u00e1dszentl\u00e1szl\u00f3i unit egyh\u00e1z lelk\u00e9sze (1686\u201393), a vargyasi zsinaton esperess\u00e9 v\u00e1lsztott\u00e1k (1693. m\u00e1j. 31. \u2013), majd Szentgeric\u00e9n szolg\u00e1lt (1709). A ny\u00e1r\u00e1dszentl\u00e1szl\u00f3i zsinaton mentett\u00e9k fel \u00f6reg kora miatt (1717. j\u00fan. 20.). Irod.: K\u00e9nosi-Uzoni 2.; Ny\u00e1r\u00e1dszentl\u00e1szl\u00f3; Szentgerice<\/p>\n","protected":false},"featured_media":0,"comment_status":"open","ping_status":"closed","template":"","meta":[],"product_brand":[],"product_cat":[137],"product_tag":[],"class_list":{"0":"post-6450","1":"product","2":"type-product","3":"status-publish","5":"product_cat-maros-megyei-eletrajzi-lexikon","7":"first","8":"instock","9":"shipping-taxable","10":"product-type-simple"},"_links":{"self":[{"href":"https:\/\/uj.adatbank.ro\/lexikon\/wp-json\/wp\/v2\/product\/6450","targetHints":{"allow":["GET"]}}],"collection":[{"href":"https:\/\/uj.adatbank.ro\/lexikon\/wp-json\/wp\/v2\/product"}],"about":[{"href":"https:\/\/uj.adatbank.ro\/lexikon\/wp-json\/wp\/v2\/types\/product"}],"replies":[{"embeddable":true,"href":"https:\/\/uj.adatbank.ro\/lexikon\/wp-json\/wp\/v2\/comments?post=6450"}],"wp:attachment":[{"href":"https:\/\/uj.adatbank.ro\/lexikon\/wp-json\/wp\/v2\/media?parent=6450"}],"wp:term":[{"taxonomy":"product_brand","embeddable":true,"href":"https:\/\/uj.adatbank.ro\/lexikon\/wp-json\/wp\/v2\/product_brand?post=6450"},{"taxonomy":"product_cat","embeddable":true,"href":"https:\/\/uj.adatbank.ro\/lexikon\/wp-json\/wp\/v2\/product_cat?post=6450"},{"taxonomy":"product_tag","embeddable":true,"href":"https:\/\/uj.adatbank.ro\/lexikon\/wp-json\/wp\/v2\/product_tag?post=6450"}],"curies":[{"name":"wp","href":"https:\/\/api.w.org\/{rel}","templated":true}]}}