{"id":6451,"date":"2025-06-28T17:53:18","date_gmt":"2025-06-28T15:53:18","guid":{"rendered":"https:\/\/uj.adatbank.ro\/lexikon\/termek\/dalnoki-janos\/"},"modified":"2025-06-28T17:53:18","modified_gmt":"2025-06-28T15:53:18","slug":"dalnoki-janos","status":"publish","type":"product","link":"https:\/\/uj.adatbank.ro\/lexikon\/termek\/dalnoki-janos\/","title":{"rendered":"D\u00c1LNOKI J\u00e1nos"},"content":{"rendered":"<p>? \u2020\u00a0? : ref. lelk\u00e9sz. \u2013 Enyeden subscrib\u00e1lt (1687). A g\u00f6rg\u00e9nyi egyh\u00e1zmegy\u00e9ben dolgozott (1677\u20131722): Lelk\u00e9sz Nagy\u00f6lyvesen (1722 k.), Magyarr\u00e9genben (1725), Marosfelfaluban (1726), Marosj\u00e1r\u00e1ban (1727\u201329), Maross\u00e1rpatakon (1729\u201330), L\u00fadv\u00e9gen (1737). <br \/><strong>Irod.:<\/strong> \u0150sz.<\/br><\/p>\n","protected":false},"excerpt":{"rendered":"<p>? \u2020\u00a0? : ref. lelk\u00e9sz. \u2013 Enyeden subscrib\u00e1lt (1687). A g\u00f6rg\u00e9nyi egyh\u00e1zmegy\u00e9ben dolgozott (1677\u20131722): Lelk\u00e9sz Nagy\u00f6lyvesen (1722 k.), Magyarr\u00e9genben (1725), Marosfelfaluban (1726), Marosj\u00e1r\u00e1ban (1727\u201329), Maross\u00e1rpatakon (1729\u201330), L\u00fadv\u00e9gen (1737). Irod.: \u0150sz.<\/p>\n","protected":false},"featured_media":0,"comment_status":"open","ping_status":"closed","template":"","meta":[],"product_brand":[],"product_cat":[137],"product_tag":[],"class_list":{"0":"post-6451","1":"product","2":"type-product","3":"status-publish","5":"product_cat-maros-megyei-eletrajzi-lexikon","7":"first","8":"instock","9":"shipping-taxable","10":"product-type-simple"},"_links":{"self":[{"href":"https:\/\/uj.adatbank.ro\/lexikon\/wp-json\/wp\/v2\/product\/6451","targetHints":{"allow":["GET"]}}],"collection":[{"href":"https:\/\/uj.adatbank.ro\/lexikon\/wp-json\/wp\/v2\/product"}],"about":[{"href":"https:\/\/uj.adatbank.ro\/lexikon\/wp-json\/wp\/v2\/types\/product"}],"replies":[{"embeddable":true,"href":"https:\/\/uj.adatbank.ro\/lexikon\/wp-json\/wp\/v2\/comments?post=6451"}],"wp:attachment":[{"href":"https:\/\/uj.adatbank.ro\/lexikon\/wp-json\/wp\/v2\/media?parent=6451"}],"wp:term":[{"taxonomy":"product_brand","embeddable":true,"href":"https:\/\/uj.adatbank.ro\/lexikon\/wp-json\/wp\/v2\/product_brand?post=6451"},{"taxonomy":"product_cat","embeddable":true,"href":"https:\/\/uj.adatbank.ro\/lexikon\/wp-json\/wp\/v2\/product_cat?post=6451"},{"taxonomy":"product_tag","embeddable":true,"href":"https:\/\/uj.adatbank.ro\/lexikon\/wp-json\/wp\/v2\/product_tag?post=6451"}],"curies":[{"name":"wp","href":"https:\/\/api.w.org\/{rel}","templated":true}]}}