{"id":6454,"date":"2025-06-28T17:53:24","date_gmt":"2025-06-28T15:53:24","guid":{"rendered":"https:\/\/uj.adatbank.ro\/lexikon\/termek\/dalnoki-miklos-arpad\/"},"modified":"2025-06-28T17:53:24","modified_gmt":"2025-06-28T15:53:24","slug":"dalnoki-miklos-arpad","status":"publish","type":"product","link":"https:\/\/uj.adatbank.ro\/lexikon\/termek\/dalnoki-miklos-arpad\/","title":{"rendered":"D\u00c1LNOKI Mikl\u00f3s \u00c1rp\u00e1d"},"content":{"rendered":"<p>Maroscsap\u00f3, 1850., \u2020 Mv., 1923. j\u00fan. 13.: gy\u00f3gyszer\u00e9sz. \u2013 Gy\u00f3gyszer\u00e9sz oklevelet szerzett Kv.-on a FJTE- en (1873). Nagyilond\u00e1n volt gy\u00f3gyszert\u00e1ra, gazd\u00e1lkodott, majd Mv.-en volt seg\u00e9d az Arany Szarvas gy\u00f3gyszert\u00e1rban (1868\u201375), ahol alkalmazott is (1926-ig). K\u00f6zben az Arany Kereszt gy\u00f3gyszert\u00e1rban volt kezel\u0151 (1911\u201312). <br \/><strong>Irod.:<\/strong> P\u00e9ter H. M.; P\u00e9ter H. M. 2013<\/br><\/p>\n","protected":false},"excerpt":{"rendered":"<p>Maroscsap\u00f3, 1850., \u2020 Mv., 1923. j\u00fan. 13.: gy\u00f3gyszer\u00e9sz. \u2013 Gy\u00f3gyszer\u00e9sz oklevelet szerzett Kv.-on a FJTE- en (1873). Nagyilond\u00e1n volt gy\u00f3gyszert\u00e1ra, gazd\u00e1lkodott, majd Mv.-en volt seg\u00e9d az Arany Szarvas gy\u00f3gyszert\u00e1rban (1868\u201375), ahol alkalmazott is (1926-ig). K\u00f6zben az Arany Kereszt gy\u00f3gyszert\u00e1rban volt kezel\u0151 (1911\u201312). Irod.: P\u00e9ter H. M.; P\u00e9ter H. M. 2013<\/p>\n","protected":false},"featured_media":0,"comment_status":"open","ping_status":"closed","template":"","meta":[],"product_brand":[],"product_cat":[137],"product_tag":[],"class_list":{"0":"post-6454","1":"product","2":"type-product","3":"status-publish","5":"product_cat-maros-megyei-eletrajzi-lexikon","7":"first","8":"instock","9":"shipping-taxable","10":"product-type-simple"},"_links":{"self":[{"href":"https:\/\/uj.adatbank.ro\/lexikon\/wp-json\/wp\/v2\/product\/6454","targetHints":{"allow":["GET"]}}],"collection":[{"href":"https:\/\/uj.adatbank.ro\/lexikon\/wp-json\/wp\/v2\/product"}],"about":[{"href":"https:\/\/uj.adatbank.ro\/lexikon\/wp-json\/wp\/v2\/types\/product"}],"replies":[{"embeddable":true,"href":"https:\/\/uj.adatbank.ro\/lexikon\/wp-json\/wp\/v2\/comments?post=6454"}],"wp:attachment":[{"href":"https:\/\/uj.adatbank.ro\/lexikon\/wp-json\/wp\/v2\/media?parent=6454"}],"wp:term":[{"taxonomy":"product_brand","embeddable":true,"href":"https:\/\/uj.adatbank.ro\/lexikon\/wp-json\/wp\/v2\/product_brand?post=6454"},{"taxonomy":"product_cat","embeddable":true,"href":"https:\/\/uj.adatbank.ro\/lexikon\/wp-json\/wp\/v2\/product_cat?post=6454"},{"taxonomy":"product_tag","embeddable":true,"href":"https:\/\/uj.adatbank.ro\/lexikon\/wp-json\/wp\/v2\/product_tag?post=6454"}],"curies":[{"name":"wp","href":"https:\/\/api.w.org\/{rel}","templated":true}]}}