{"id":6455,"date":"2025-06-28T17:53:27","date_gmt":"2025-06-28T15:53:27","guid":{"rendered":"https:\/\/uj.adatbank.ro\/lexikon\/termek\/dalnoki-nagy-istvan\/"},"modified":"2025-06-28T17:53:27","modified_gmt":"2025-06-28T15:53:27","slug":"dalnoki-nagy-istvan","status":"publish","type":"product","link":"https:\/\/uj.adatbank.ro\/lexikon\/termek\/dalnoki-nagy-istvan\/","title":{"rendered":"D\u00c1LNOKI NAGY Istv\u00e1n"},"content":{"rendered":"<p>Kv., 1887. m\u00e1rc. 11 \u2020\u00a0Kv., 1962. febr. 5.: sz\u00edn\u00e9sz, rendez\u0151, m\u0171v\u00e9szeti titk\u00e1r. \u2013 Szerz\u0151d\u00e9sben volt \u00e9s fell\u00e9pett Mv.-en Szab\u00f3 P\u00e1l t\u00e1rsulat\u00e1ban (1920\u201322). <br \/><strong>Irod.:<\/strong> K\u00f6t\u0151<\/br><\/p>\n","protected":false},"excerpt":{"rendered":"<p>Kv., 1887. m\u00e1rc. 11 \u2020\u00a0Kv., 1962. febr. 5.: sz\u00edn\u00e9sz, rendez\u0151, m\u0171v\u00e9szeti titk\u00e1r. \u2013 Szerz\u0151d\u00e9sben volt \u00e9s fell\u00e9pett Mv.-en Szab\u00f3 P\u00e1l t\u00e1rsulat\u00e1ban (1920\u201322). Irod.: K\u00f6t\u0151<\/p>\n","protected":false},"featured_media":0,"comment_status":"open","ping_status":"closed","template":"","meta":[],"product_brand":[],"product_cat":[137],"product_tag":[],"class_list":{"0":"post-6455","1":"product","2":"type-product","3":"status-publish","5":"product_cat-maros-megyei-eletrajzi-lexikon","7":"first","8":"instock","9":"shipping-taxable","10":"product-type-simple"},"_links":{"self":[{"href":"https:\/\/uj.adatbank.ro\/lexikon\/wp-json\/wp\/v2\/product\/6455","targetHints":{"allow":["GET"]}}],"collection":[{"href":"https:\/\/uj.adatbank.ro\/lexikon\/wp-json\/wp\/v2\/product"}],"about":[{"href":"https:\/\/uj.adatbank.ro\/lexikon\/wp-json\/wp\/v2\/types\/product"}],"replies":[{"embeddable":true,"href":"https:\/\/uj.adatbank.ro\/lexikon\/wp-json\/wp\/v2\/comments?post=6455"}],"wp:attachment":[{"href":"https:\/\/uj.adatbank.ro\/lexikon\/wp-json\/wp\/v2\/media?parent=6455"}],"wp:term":[{"taxonomy":"product_brand","embeddable":true,"href":"https:\/\/uj.adatbank.ro\/lexikon\/wp-json\/wp\/v2\/product_brand?post=6455"},{"taxonomy":"product_cat","embeddable":true,"href":"https:\/\/uj.adatbank.ro\/lexikon\/wp-json\/wp\/v2\/product_cat?post=6455"},{"taxonomy":"product_tag","embeddable":true,"href":"https:\/\/uj.adatbank.ro\/lexikon\/wp-json\/wp\/v2\/product_tag?post=6455"}],"curies":[{"name":"wp","href":"https:\/\/api.w.org\/{rel}","templated":true}]}}