{"id":6456,"date":"2025-06-28T17:53:29","date_gmt":"2025-06-28T15:53:29","guid":{"rendered":"https:\/\/uj.adatbank.ro\/lexikon\/termek\/dalnoki-pal-benedek\/"},"modified":"2025-06-28T17:53:29","modified_gmt":"2025-06-28T15:53:29","slug":"dalnoki-pal-benedek","status":"publish","type":"product","link":"https:\/\/uj.adatbank.ro\/lexikon\/termek\/dalnoki-pal-benedek\/","title":{"rendered":"D\u00c1LNOKI P\u00e1l Benedek"},"content":{"rendered":"<p>? \u2020\u00a0? : l\u00e9vita, ref. lelk\u00e9sz. \u2013S\u00e1rospatak-Gyulafeh\u00e9rv\u00e1ron subscrib\u00e1lt (1714). Tan\u00edt\u00f3 volt illetve l\u00e9vita Mikefalv\u00e1n (1722\u201324), G\u00f3g\u00e1nban (1724\u201325), Cs\u00e1v\u00e1son (1726\u201327), Egrest\u0151n (1729\u201331, 1745\u201349), Marosbog\u00e1ton (1735\u201341), Bern\u00e1don (1742\u201345), Marosugr\u00e1n (1750\u201352). A K\u00fck\u00fcll\u0151i egyh\u00e1zmegye t\u00f6bb gy\u00fclekezet\u00e9ben volt lelk\u00e9sz: Marosugr\u00e1n (1750\u201352), Magyardell\u0151n (1752\u201359), Radn\u00f3ton (1759\u201361) \u00e9s B\u00faz\u00e1sbeseny\u0151ben (1762\u201368). <br \/><strong>Irod.:<\/strong> Cs\u00e1v\u00e1s; K\u00fck\u00fcll\u0151i Ref. Egyh\u00e1zm. 1., 2., 3. , 4.<\/br><\/p>\n","protected":false},"excerpt":{"rendered":"<p>? \u2020\u00a0? : l\u00e9vita, ref. lelk\u00e9sz. \u2013S\u00e1rospatak-Gyulafeh\u00e9rv\u00e1ron subscrib\u00e1lt (1714). Tan\u00edt\u00f3 volt illetve l\u00e9vita Mikefalv\u00e1n (1722\u201324), G\u00f3g\u00e1nban (1724\u201325), Cs\u00e1v\u00e1son (1726\u201327), Egrest\u0151n (1729\u201331, 1745\u201349), Marosbog\u00e1ton (1735\u201341), Bern\u00e1don (1742\u201345), Marosugr\u00e1n (1750\u201352). A K\u00fck\u00fcll\u0151i egyh\u00e1zmegye t\u00f6bb gy\u00fclekezet\u00e9ben volt lelk\u00e9sz: Marosugr\u00e1n (1750\u201352), Magyardell\u0151n (1752\u201359), Radn\u00f3ton (1759\u201361) \u00e9s B\u00faz\u00e1sbeseny\u0151ben (1762\u201368). Irod.: Cs\u00e1v\u00e1s; K\u00fck\u00fcll\u0151i Ref. Egyh\u00e1zm. 1., 2., 3. , 4.<\/p>\n","protected":false},"featured_media":0,"comment_status":"open","ping_status":"closed","template":"","meta":[],"product_brand":[],"product_cat":[137],"product_tag":[],"class_list":{"0":"post-6456","1":"product","2":"type-product","3":"status-publish","5":"product_cat-maros-megyei-eletrajzi-lexikon","7":"first","8":"instock","9":"shipping-taxable","10":"product-type-simple"},"_links":{"self":[{"href":"https:\/\/uj.adatbank.ro\/lexikon\/wp-json\/wp\/v2\/product\/6456","targetHints":{"allow":["GET"]}}],"collection":[{"href":"https:\/\/uj.adatbank.ro\/lexikon\/wp-json\/wp\/v2\/product"}],"about":[{"href":"https:\/\/uj.adatbank.ro\/lexikon\/wp-json\/wp\/v2\/types\/product"}],"replies":[{"embeddable":true,"href":"https:\/\/uj.adatbank.ro\/lexikon\/wp-json\/wp\/v2\/comments?post=6456"}],"wp:attachment":[{"href":"https:\/\/uj.adatbank.ro\/lexikon\/wp-json\/wp\/v2\/media?parent=6456"}],"wp:term":[{"taxonomy":"product_brand","embeddable":true,"href":"https:\/\/uj.adatbank.ro\/lexikon\/wp-json\/wp\/v2\/product_brand?post=6456"},{"taxonomy":"product_cat","embeddable":true,"href":"https:\/\/uj.adatbank.ro\/lexikon\/wp-json\/wp\/v2\/product_cat?post=6456"},{"taxonomy":"product_tag","embeddable":true,"href":"https:\/\/uj.adatbank.ro\/lexikon\/wp-json\/wp\/v2\/product_tag?post=6456"}],"curies":[{"name":"wp","href":"https:\/\/api.w.org\/{rel}","templated":true}]}}