{"id":6458,"date":"2025-06-28T17:53:32","date_gmt":"2025-06-28T15:53:32","guid":{"rendered":"https:\/\/uj.adatbank.ro\/lexikon\/termek\/dalnoki-tamas\/"},"modified":"2025-06-28T17:53:32","modified_gmt":"2025-06-28T15:53:32","slug":"dalnoki-tamas","status":"publish","type":"product","link":"https:\/\/uj.adatbank.ro\/lexikon\/termek\/dalnoki-tamas\/","title":{"rendered":"D\u00c1LNOKI Tam\u00e1s"},"content":{"rendered":"<p>?, \u2020\u00a0? : tan\u00edt\u00f3. \u2013 Ny\u00e1r\u00e1dszentann\u00e1n (1718). mestertan\u00edt\u00f3 &#8211;<br \/><strong>Irod.:<\/strong> Imreh Barna<\/br><\/p>\n","protected":false},"excerpt":{"rendered":"<p>?, \u2020\u00a0? : tan\u00edt\u00f3. \u2013 Ny\u00e1r\u00e1dszentann\u00e1n (1718). mestertan\u00edt\u00f3 &#8211;Irod.: Imreh Barna<\/p>\n","protected":false},"featured_media":0,"comment_status":"open","ping_status":"closed","template":"","meta":[],"product_brand":[],"product_cat":[137],"product_tag":[],"class_list":{"0":"post-6458","1":"product","2":"type-product","3":"status-publish","5":"product_cat-maros-megyei-eletrajzi-lexikon","7":"first","8":"instock","9":"shipping-taxable","10":"product-type-simple"},"_links":{"self":[{"href":"https:\/\/uj.adatbank.ro\/lexikon\/wp-json\/wp\/v2\/product\/6458","targetHints":{"allow":["GET"]}}],"collection":[{"href":"https:\/\/uj.adatbank.ro\/lexikon\/wp-json\/wp\/v2\/product"}],"about":[{"href":"https:\/\/uj.adatbank.ro\/lexikon\/wp-json\/wp\/v2\/types\/product"}],"replies":[{"embeddable":true,"href":"https:\/\/uj.adatbank.ro\/lexikon\/wp-json\/wp\/v2\/comments?post=6458"}],"wp:attachment":[{"href":"https:\/\/uj.adatbank.ro\/lexikon\/wp-json\/wp\/v2\/media?parent=6458"}],"wp:term":[{"taxonomy":"product_brand","embeddable":true,"href":"https:\/\/uj.adatbank.ro\/lexikon\/wp-json\/wp\/v2\/product_brand?post=6458"},{"taxonomy":"product_cat","embeddable":true,"href":"https:\/\/uj.adatbank.ro\/lexikon\/wp-json\/wp\/v2\/product_cat?post=6458"},{"taxonomy":"product_tag","embeddable":true,"href":"https:\/\/uj.adatbank.ro\/lexikon\/wp-json\/wp\/v2\/product_tag?post=6458"}],"curies":[{"name":"wp","href":"https:\/\/api.w.org\/{rel}","templated":true}]}}