{"id":6459,"date":"2025-06-28T17:53:35","date_gmt":"2025-06-28T15:53:35","guid":{"rendered":"https:\/\/uj.adatbank.ro\/lexikon\/termek\/dalnoki-veres-balint\/"},"modified":"2025-06-28T17:53:35","modified_gmt":"2025-06-28T15:53:35","slug":"dalnoki-veres-balint","status":"publish","type":"product","link":"https:\/\/uj.adatbank.ro\/lexikon\/termek\/dalnoki-veres-balint\/","title":{"rendered":"D\u00c1LNOKI VERES B\u00e1lint"},"content":{"rendered":"<p>?, \u2020\u00a0? : ref, lelk\u00e9sz. \u2013 Feles\u00e9ge T\u00edm\u00e1r Judit. \u2013 H\u00e9derf\u00e1j\u00e1n (1667\u201369, 1675), V\u00e1mosg\u00e1lfalv\u00e1n (1677\u20131709) volt lelk\u00e9sz. <br \/><strong>Irod.:<\/strong> K\u00fck\u00fcll\u0151i Ref. Egyh\u00e1zm. 2., 4.<\/br><\/p>\n","protected":false},"excerpt":{"rendered":"<p>?, \u2020\u00a0? : ref, lelk\u00e9sz. \u2013 Feles\u00e9ge T\u00edm\u00e1r Judit. \u2013 H\u00e9derf\u00e1j\u00e1n (1667\u201369, 1675), V\u00e1mosg\u00e1lfalv\u00e1n (1677\u20131709) volt lelk\u00e9sz. Irod.: K\u00fck\u00fcll\u0151i Ref. Egyh\u00e1zm. 2., 4.<\/p>\n","protected":false},"featured_media":0,"comment_status":"open","ping_status":"closed","template":"","meta":[],"product_brand":[],"product_cat":[137],"product_tag":[],"class_list":{"0":"post-6459","1":"product","2":"type-product","3":"status-publish","5":"product_cat-maros-megyei-eletrajzi-lexikon","7":"first","8":"instock","9":"shipping-taxable","10":"product-type-simple"},"_links":{"self":[{"href":"https:\/\/uj.adatbank.ro\/lexikon\/wp-json\/wp\/v2\/product\/6459","targetHints":{"allow":["GET"]}}],"collection":[{"href":"https:\/\/uj.adatbank.ro\/lexikon\/wp-json\/wp\/v2\/product"}],"about":[{"href":"https:\/\/uj.adatbank.ro\/lexikon\/wp-json\/wp\/v2\/types\/product"}],"replies":[{"embeddable":true,"href":"https:\/\/uj.adatbank.ro\/lexikon\/wp-json\/wp\/v2\/comments?post=6459"}],"wp:attachment":[{"href":"https:\/\/uj.adatbank.ro\/lexikon\/wp-json\/wp\/v2\/media?parent=6459"}],"wp:term":[{"taxonomy":"product_brand","embeddable":true,"href":"https:\/\/uj.adatbank.ro\/lexikon\/wp-json\/wp\/v2\/product_brand?post=6459"},{"taxonomy":"product_cat","embeddable":true,"href":"https:\/\/uj.adatbank.ro\/lexikon\/wp-json\/wp\/v2\/product_cat?post=6459"},{"taxonomy":"product_tag","embeddable":true,"href":"https:\/\/uj.adatbank.ro\/lexikon\/wp-json\/wp\/v2\/product_tag?post=6459"}],"curies":[{"name":"wp","href":"https:\/\/api.w.org\/{rel}","templated":true}]}}