{"id":6462,"date":"2025-06-28T17:53:40","date_gmt":"2025-06-28T15:53:40","guid":{"rendered":"https:\/\/uj.adatbank.ro\/lexikon\/termek\/daly-istvan\/"},"modified":"2025-06-28T17:53:40","modified_gmt":"2025-06-28T15:53:40","slug":"daly-istvan","status":"publish","type":"product","link":"https:\/\/uj.adatbank.ro\/lexikon\/termek\/daly-istvan\/","title":{"rendered":"DALY Istv\u00e1n"},"content":{"rendered":"<p>? \u2020 1870.: ref. lelk\u00e9sz. &#8211; A k\u00fck\u00fcll\u0151i egyh\u00e1zmegye esperese. <br \/><strong>Irod.:<\/strong> Kakasy M\u00e1rton: Naplemente (Mv., 1931)<\/br><\/p>\n","protected":false},"excerpt":{"rendered":"<p>? \u2020 1870.: ref. lelk\u00e9sz. &#8211; A k\u00fck\u00fcll\u0151i egyh\u00e1zmegye esperese. Irod.: Kakasy M\u00e1rton: Naplemente (Mv., 1931)<\/p>\n","protected":false},"featured_media":0,"comment_status":"open","ping_status":"closed","template":"","meta":[],"product_brand":[],"product_cat":[137],"product_tag":[],"class_list":{"0":"post-6462","1":"product","2":"type-product","3":"status-publish","5":"product_cat-maros-megyei-eletrajzi-lexikon","7":"first","8":"instock","9":"shipping-taxable","10":"product-type-simple"},"_links":{"self":[{"href":"https:\/\/uj.adatbank.ro\/lexikon\/wp-json\/wp\/v2\/product\/6462","targetHints":{"allow":["GET"]}}],"collection":[{"href":"https:\/\/uj.adatbank.ro\/lexikon\/wp-json\/wp\/v2\/product"}],"about":[{"href":"https:\/\/uj.adatbank.ro\/lexikon\/wp-json\/wp\/v2\/types\/product"}],"replies":[{"embeddable":true,"href":"https:\/\/uj.adatbank.ro\/lexikon\/wp-json\/wp\/v2\/comments?post=6462"}],"wp:attachment":[{"href":"https:\/\/uj.adatbank.ro\/lexikon\/wp-json\/wp\/v2\/media?parent=6462"}],"wp:term":[{"taxonomy":"product_brand","embeddable":true,"href":"https:\/\/uj.adatbank.ro\/lexikon\/wp-json\/wp\/v2\/product_brand?post=6462"},{"taxonomy":"product_cat","embeddable":true,"href":"https:\/\/uj.adatbank.ro\/lexikon\/wp-json\/wp\/v2\/product_cat?post=6462"},{"taxonomy":"product_tag","embeddable":true,"href":"https:\/\/uj.adatbank.ro\/lexikon\/wp-json\/wp\/v2\/product_tag?post=6462"}],"curies":[{"name":"wp","href":"https:\/\/api.w.org\/{rel}","templated":true}]}}