{"id":6463,"date":"2025-06-28T17:53:41","date_gmt":"2025-06-28T15:53:41","guid":{"rendered":"https:\/\/uj.adatbank.ro\/lexikon\/termek\/dalyai-gabor-delyay-gabor\/"},"modified":"2025-06-28T17:53:41","modified_gmt":"2025-06-28T15:53:41","slug":"dalyai-gabor-delyay-gabor","status":"publish","type":"product","link":"https:\/\/uj.adatbank.ro\/lexikon\/termek\/dalyai-gabor-delyay-gabor\/","title":{"rendered":"D\u00c1LYAI G\u00e1bor; D\u00e9lyay G\u00e1bor"},"content":{"rendered":"<p>Gyimesb\u00fckk, 1925, \u2020 Mv., 2001. m\u00e1rc. 6.: k\u00f6zgazd\u00e1sz. \u2013 D\u00e1lyai Jakab \u00e9s \u0150ry Jol\u00e1n fia. Feles\u00e9ge: Varga \u00c9va (1928\u2013). \u2013 Jogot v\u00e9gzett. Tervgazd\u00e1sz volt. Irodavezet\u0151. Az Elektromarosban dolgozott. <br \/><strong>Irod.:<\/strong> MMK; Sz\u00e1va; Sz\u00e1va 2012<\/br><\/p>\n","protected":false},"excerpt":{"rendered":"<p>Gyimesb\u00fckk, 1925, \u2020 Mv., 2001. m\u00e1rc. 6.: k\u00f6zgazd\u00e1sz. \u2013 D\u00e1lyai Jakab \u00e9s \u0150ry Jol\u00e1n fia. Feles\u00e9ge: Varga \u00c9va (1928\u2013). \u2013 Jogot v\u00e9gzett. Tervgazd\u00e1sz volt. Irodavezet\u0151. Az Elektromarosban dolgozott. Irod.: MMK; Sz\u00e1va; Sz\u00e1va 2012<\/p>\n","protected":false},"featured_media":0,"comment_status":"open","ping_status":"closed","template":"","meta":[],"product_brand":[],"product_cat":[137],"product_tag":[],"class_list":{"0":"post-6463","1":"product","2":"type-product","3":"status-publish","5":"product_cat-maros-megyei-eletrajzi-lexikon","7":"first","8":"instock","9":"shipping-taxable","10":"product-type-simple"},"_links":{"self":[{"href":"https:\/\/uj.adatbank.ro\/lexikon\/wp-json\/wp\/v2\/product\/6463","targetHints":{"allow":["GET"]}}],"collection":[{"href":"https:\/\/uj.adatbank.ro\/lexikon\/wp-json\/wp\/v2\/product"}],"about":[{"href":"https:\/\/uj.adatbank.ro\/lexikon\/wp-json\/wp\/v2\/types\/product"}],"replies":[{"embeddable":true,"href":"https:\/\/uj.adatbank.ro\/lexikon\/wp-json\/wp\/v2\/comments?post=6463"}],"wp:attachment":[{"href":"https:\/\/uj.adatbank.ro\/lexikon\/wp-json\/wp\/v2\/media?parent=6463"}],"wp:term":[{"taxonomy":"product_brand","embeddable":true,"href":"https:\/\/uj.adatbank.ro\/lexikon\/wp-json\/wp\/v2\/product_brand?post=6463"},{"taxonomy":"product_cat","embeddable":true,"href":"https:\/\/uj.adatbank.ro\/lexikon\/wp-json\/wp\/v2\/product_cat?post=6463"},{"taxonomy":"product_tag","embeddable":true,"href":"https:\/\/uj.adatbank.ro\/lexikon\/wp-json\/wp\/v2\/product_tag?post=6463"}],"curies":[{"name":"wp","href":"https:\/\/api.w.org\/{rel}","templated":true}]}}