{"id":6464,"date":"2025-06-28T17:53:42","date_gmt":"2025-06-28T15:53:42","guid":{"rendered":"https:\/\/uj.adatbank.ro\/lexikon\/termek\/dalyai-jakab-dajbukat-jakab\/"},"modified":"2025-06-28T17:53:42","modified_gmt":"2025-06-28T15:53:42","slug":"dalyai-jakab-dajbukat-jakab","status":"publish","type":"product","link":"https:\/\/uj.adatbank.ro\/lexikon\/termek\/dalyai-jakab-dajbukat-jakab\/","title":{"rendered":"D\u00c1LYAI Jakab; D\u00e1jbuk\u00e1t Jakab"},"content":{"rendered":"<p>Gyimesb\u00fckk, 1897, \u2020 1979.: keresked\u0151. \u2013 Mv.-en volt keresked\u0151. A vh.-ban szerzett \u00e9rdemei\u00e9rt vit\u00e9zz\u00e9 avatt\u00e1k (1943). <br \/><strong>Irod.:<\/strong> Sz\u00e1va; Sz\u00e1va 2012<\/br><\/p>\n","protected":false},"excerpt":{"rendered":"<p>Gyimesb\u00fckk, 1897, \u2020 1979.: keresked\u0151. \u2013 Mv.-en volt keresked\u0151. A vh.-ban szerzett \u00e9rdemei\u00e9rt vit\u00e9zz\u00e9 avatt\u00e1k (1943). Irod.: Sz\u00e1va; Sz\u00e1va 2012<\/p>\n","protected":false},"featured_media":0,"comment_status":"open","ping_status":"closed","template":"","meta":[],"product_brand":[],"product_cat":[137],"product_tag":[],"class_list":{"0":"post-6464","1":"product","2":"type-product","3":"status-publish","5":"product_cat-maros-megyei-eletrajzi-lexikon","7":"first","8":"instock","9":"shipping-taxable","10":"product-type-simple"},"_links":{"self":[{"href":"https:\/\/uj.adatbank.ro\/lexikon\/wp-json\/wp\/v2\/product\/6464","targetHints":{"allow":["GET"]}}],"collection":[{"href":"https:\/\/uj.adatbank.ro\/lexikon\/wp-json\/wp\/v2\/product"}],"about":[{"href":"https:\/\/uj.adatbank.ro\/lexikon\/wp-json\/wp\/v2\/types\/product"}],"replies":[{"embeddable":true,"href":"https:\/\/uj.adatbank.ro\/lexikon\/wp-json\/wp\/v2\/comments?post=6464"}],"wp:attachment":[{"href":"https:\/\/uj.adatbank.ro\/lexikon\/wp-json\/wp\/v2\/media?parent=6464"}],"wp:term":[{"taxonomy":"product_brand","embeddable":true,"href":"https:\/\/uj.adatbank.ro\/lexikon\/wp-json\/wp\/v2\/product_brand?post=6464"},{"taxonomy":"product_cat","embeddable":true,"href":"https:\/\/uj.adatbank.ro\/lexikon\/wp-json\/wp\/v2\/product_cat?post=6464"},{"taxonomy":"product_tag","embeddable":true,"href":"https:\/\/uj.adatbank.ro\/lexikon\/wp-json\/wp\/v2\/product_tag?post=6464"}],"curies":[{"name":"wp","href":"https:\/\/api.w.org\/{rel}","templated":true}]}}