{"id":6468,"date":"2025-06-28T17:53:52","date_gmt":"2025-06-28T15:53:52","guid":{"rendered":"https:\/\/uj.adatbank.ro\/lexikon\/termek\/damaschin-vasilie-popa-vasilie\/"},"modified":"2025-06-28T17:53:52","modified_gmt":"2025-06-28T15:53:52","slug":"damaschin-vasilie-popa-vasilie","status":"publish","type":"product","link":"https:\/\/uj.adatbank.ro\/lexikon\/termek\/damaschin-vasilie-popa-vasilie\/","title":{"rendered":"DAMASCHIN Vasilie, Popa Vasilie"},"content":{"rendered":"<p>? \u2020 ? : g\u00f6r. kat. pap. \u2013 Mv.-en a k\u0151templomban szolg\u00e1lt, \u00e9s Popa Vasilie, \u201dG\u00f6rg\u00e9ny \u00e9s V\u00e1s\u00e1rhely esperese\u201d n\u00e9ven ismert\u00e9k (1763 -?), ekkor eladta a templom Penticostarul c. misek\u00f6nyv\u00e9t, amelybe \u00edr\u00f3de\u00e1kja az \u0151 nev\u00e9ben \u00edrt bejegyz\u00e9st (1763. j\u00fan. 25.). <br \/><strong>Irod.:<\/strong> \u015eincan 2006<\/br><\/p>\n","protected":false},"excerpt":{"rendered":"<p>? \u2020 ? : g\u00f6r. kat. pap. \u2013 Mv.-en a k\u0151templomban szolg\u00e1lt, \u00e9s Popa Vasilie, \u201dG\u00f6rg\u00e9ny \u00e9s V\u00e1s\u00e1rhely esperese\u201d n\u00e9ven ismert\u00e9k (1763 -?), ekkor eladta a templom Penticostarul c. misek\u00f6nyv\u00e9t, amelybe \u00edr\u00f3de\u00e1kja az \u0151 nev\u00e9ben \u00edrt bejegyz\u00e9st (1763. j\u00fan. 25.). Irod.: \u015eincan 2006<\/p>\n","protected":false},"featured_media":0,"comment_status":"open","ping_status":"closed","template":"","meta":[],"product_brand":[],"product_cat":[137],"product_tag":[],"class_list":{"0":"post-6468","1":"product","2":"type-product","3":"status-publish","5":"product_cat-maros-megyei-eletrajzi-lexikon","7":"first","8":"instock","9":"shipping-taxable","10":"product-type-simple"},"_links":{"self":[{"href":"https:\/\/uj.adatbank.ro\/lexikon\/wp-json\/wp\/v2\/product\/6468","targetHints":{"allow":["GET"]}}],"collection":[{"href":"https:\/\/uj.adatbank.ro\/lexikon\/wp-json\/wp\/v2\/product"}],"about":[{"href":"https:\/\/uj.adatbank.ro\/lexikon\/wp-json\/wp\/v2\/types\/product"}],"replies":[{"embeddable":true,"href":"https:\/\/uj.adatbank.ro\/lexikon\/wp-json\/wp\/v2\/comments?post=6468"}],"wp:attachment":[{"href":"https:\/\/uj.adatbank.ro\/lexikon\/wp-json\/wp\/v2\/media?parent=6468"}],"wp:term":[{"taxonomy":"product_brand","embeddable":true,"href":"https:\/\/uj.adatbank.ro\/lexikon\/wp-json\/wp\/v2\/product_brand?post=6468"},{"taxonomy":"product_cat","embeddable":true,"href":"https:\/\/uj.adatbank.ro\/lexikon\/wp-json\/wp\/v2\/product_cat?post=6468"},{"taxonomy":"product_tag","embeddable":true,"href":"https:\/\/uj.adatbank.ro\/lexikon\/wp-json\/wp\/v2\/product_tag?post=6468"}],"curies":[{"name":"wp","href":"https:\/\/api.w.org\/{rel}","templated":true}]}}