{"id":6472,"date":"2025-06-28T17:54:00","date_gmt":"2025-06-28T15:54:00","guid":{"rendered":"https:\/\/uj.adatbank.ro\/lexikon\/termek\/daminescu-rodica\/"},"modified":"2025-06-28T17:54:00","modified_gmt":"2025-06-28T15:54:00","slug":"daminescu-rodica","status":"publish","type":"product","link":"https:\/\/uj.adatbank.ro\/lexikon\/termek\/daminescu-rodica\/","title":{"rendered":"DAMINESCU Rodica"},"content":{"rendered":"<p>? \u2020\u00a0? : sz\u00edn\u00e9sz. \u2013 A mv.-i \u00c1llami Sz\u00e9kely Sz\u00ednh\u00e1z tagja (1955\u2013). \u2013 <strong>F. sz.:<\/strong> Lucr\u00e9zia (Machiavelli : Mandragora); Zilia (Heltai Jen\u0151 : A n\u00e9ma levente). <br \/><strong>Irod.:<\/strong> Horv\u00e1th Bea; Kov\u00e1cs Levente<\/br><\/p>\n","protected":false},"excerpt":{"rendered":"<p>? \u2020\u00a0? : sz\u00edn\u00e9sz. \u2013 A mv.-i \u00c1llami Sz\u00e9kely Sz\u00ednh\u00e1z tagja (1955\u2013). \u2013 F. sz.: Lucr\u00e9zia (Machiavelli : Mandragora); Zilia (Heltai Jen\u0151 : A n\u00e9ma levente). Irod.: Horv\u00e1th Bea; Kov\u00e1cs Levente<\/p>\n","protected":false},"featured_media":0,"comment_status":"open","ping_status":"closed","template":"","meta":[],"product_brand":[],"product_cat":[137],"product_tag":[],"class_list":{"0":"post-6472","1":"product","2":"type-product","3":"status-publish","5":"product_cat-maros-megyei-eletrajzi-lexikon","7":"first","8":"instock","9":"shipping-taxable","10":"product-type-simple"},"_links":{"self":[{"href":"https:\/\/uj.adatbank.ro\/lexikon\/wp-json\/wp\/v2\/product\/6472","targetHints":{"allow":["GET"]}}],"collection":[{"href":"https:\/\/uj.adatbank.ro\/lexikon\/wp-json\/wp\/v2\/product"}],"about":[{"href":"https:\/\/uj.adatbank.ro\/lexikon\/wp-json\/wp\/v2\/types\/product"}],"replies":[{"embeddable":true,"href":"https:\/\/uj.adatbank.ro\/lexikon\/wp-json\/wp\/v2\/comments?post=6472"}],"wp:attachment":[{"href":"https:\/\/uj.adatbank.ro\/lexikon\/wp-json\/wp\/v2\/media?parent=6472"}],"wp:term":[{"taxonomy":"product_brand","embeddable":true,"href":"https:\/\/uj.adatbank.ro\/lexikon\/wp-json\/wp\/v2\/product_brand?post=6472"},{"taxonomy":"product_cat","embeddable":true,"href":"https:\/\/uj.adatbank.ro\/lexikon\/wp-json\/wp\/v2\/product_cat?post=6472"},{"taxonomy":"product_tag","embeddable":true,"href":"https:\/\/uj.adatbank.ro\/lexikon\/wp-json\/wp\/v2\/product_tag?post=6472"}],"curies":[{"name":"wp","href":"https:\/\/api.w.org\/{rel}","templated":true}]}}