{"id":6473,"date":"2025-06-28T17:54:02","date_gmt":"2025-06-28T15:54:02","guid":{"rendered":"https:\/\/uj.adatbank.ro\/lexikon\/termek\/damjanschitz-bela\/"},"modified":"2025-06-28T17:54:02","modified_gmt":"2025-06-28T15:54:02","slug":"damjanschitz-bela","status":"publish","type":"product","link":"https:\/\/uj.adatbank.ro\/lexikon\/termek\/damjanschitz-bela\/","title":{"rendered":"DAMJ\u00c1NSCHITZ B\u00e9la"},"content":{"rendered":"<p>? \u2020\u00a0? : fizikus. \u2013 A MOGYI Biok\u00e9miai Tansz\u00e9k\u00e9nek munkat\u00e1rsa. <br \/><strong>Irod.:<\/strong> T\u0151k\u00e9s<\/br><\/p>\n","protected":false},"excerpt":{"rendered":"<p>? \u2020\u00a0? : fizikus. \u2013 A MOGYI Biok\u00e9miai Tansz\u00e9k\u00e9nek munkat\u00e1rsa. Irod.: T\u0151k\u00e9s<\/p>\n","protected":false},"featured_media":0,"comment_status":"open","ping_status":"closed","template":"","meta":[],"product_brand":[],"product_cat":[137],"product_tag":[],"class_list":{"0":"post-6473","1":"product","2":"type-product","3":"status-publish","5":"product_cat-maros-megyei-eletrajzi-lexikon","7":"first","8":"instock","9":"shipping-taxable","10":"product-type-simple"},"_links":{"self":[{"href":"https:\/\/uj.adatbank.ro\/lexikon\/wp-json\/wp\/v2\/product\/6473","targetHints":{"allow":["GET"]}}],"collection":[{"href":"https:\/\/uj.adatbank.ro\/lexikon\/wp-json\/wp\/v2\/product"}],"about":[{"href":"https:\/\/uj.adatbank.ro\/lexikon\/wp-json\/wp\/v2\/types\/product"}],"replies":[{"embeddable":true,"href":"https:\/\/uj.adatbank.ro\/lexikon\/wp-json\/wp\/v2\/comments?post=6473"}],"wp:attachment":[{"href":"https:\/\/uj.adatbank.ro\/lexikon\/wp-json\/wp\/v2\/media?parent=6473"}],"wp:term":[{"taxonomy":"product_brand","embeddable":true,"href":"https:\/\/uj.adatbank.ro\/lexikon\/wp-json\/wp\/v2\/product_brand?post=6473"},{"taxonomy":"product_cat","embeddable":true,"href":"https:\/\/uj.adatbank.ro\/lexikon\/wp-json\/wp\/v2\/product_cat?post=6473"},{"taxonomy":"product_tag","embeddable":true,"href":"https:\/\/uj.adatbank.ro\/lexikon\/wp-json\/wp\/v2\/product_tag?post=6473"}],"curies":[{"name":"wp","href":"https:\/\/api.w.org\/{rel}","templated":true}]}}