{"id":6474,"date":"2025-06-28T17:54:04","date_gmt":"2025-06-28T15:54:04","guid":{"rendered":"https:\/\/uj.adatbank.ro\/lexikon\/termek\/damo-katalin-dali-katalin\/"},"modified":"2025-06-28T17:54:04","modified_gmt":"2025-06-28T15:54:04","slug":"damo-katalin-dali-katalin","status":"publish","type":"product","link":"https:\/\/uj.adatbank.ro\/lexikon\/termek\/damo-katalin-dali-katalin\/","title":{"rendered":"DAM\u00d3 Katalin, Dali Katalin"},"content":{"rendered":"<p>? \u2020\u00a0? : tekebajnok, sportmester, fodr\u00e1sz. Sportmesteri c\u00edmet kapott Mv.-en (1968. jan. 4.). <br \/><strong>Irod.:<\/strong> Id\u0151t\u00e1r 4; Papp J\u00f3zsef: \u00c9lsportol\u00f3ink: D. K (V. Z., 1968. febr. 22.)<\/br><\/p>\n","protected":false},"excerpt":{"rendered":"<p>? \u2020\u00a0? : tekebajnok, sportmester, fodr\u00e1sz. Sportmesteri c\u00edmet kapott Mv.-en (1968. jan. 4.). Irod.: Id\u0151t\u00e1r 4; Papp J\u00f3zsef: \u00c9lsportol\u00f3ink: D. K (V. Z., 1968. febr. 22.)<\/p>\n","protected":false},"featured_media":0,"comment_status":"open","ping_status":"closed","template":"","meta":[],"product_brand":[],"product_cat":[137],"product_tag":[],"class_list":{"0":"post-6474","1":"product","2":"type-product","3":"status-publish","5":"product_cat-maros-megyei-eletrajzi-lexikon","7":"first","8":"instock","9":"shipping-taxable","10":"product-type-simple"},"_links":{"self":[{"href":"https:\/\/uj.adatbank.ro\/lexikon\/wp-json\/wp\/v2\/product\/6474","targetHints":{"allow":["GET"]}}],"collection":[{"href":"https:\/\/uj.adatbank.ro\/lexikon\/wp-json\/wp\/v2\/product"}],"about":[{"href":"https:\/\/uj.adatbank.ro\/lexikon\/wp-json\/wp\/v2\/types\/product"}],"replies":[{"embeddable":true,"href":"https:\/\/uj.adatbank.ro\/lexikon\/wp-json\/wp\/v2\/comments?post=6474"}],"wp:attachment":[{"href":"https:\/\/uj.adatbank.ro\/lexikon\/wp-json\/wp\/v2\/media?parent=6474"}],"wp:term":[{"taxonomy":"product_brand","embeddable":true,"href":"https:\/\/uj.adatbank.ro\/lexikon\/wp-json\/wp\/v2\/product_brand?post=6474"},{"taxonomy":"product_cat","embeddable":true,"href":"https:\/\/uj.adatbank.ro\/lexikon\/wp-json\/wp\/v2\/product_cat?post=6474"},{"taxonomy":"product_tag","embeddable":true,"href":"https:\/\/uj.adatbank.ro\/lexikon\/wp-json\/wp\/v2\/product_tag?post=6474"}],"curies":[{"name":"wp","href":"https:\/\/api.w.org\/{rel}","templated":true}]}}